{"id":11,"date":"2019-08-01T19:10:12","date_gmt":"2019-08-01T22:10:12","guid":{"rendered":"http:\/\/rafaacessorios.com.br\/?post_type=product&#038;p=11"},"modified":"2023-09-27T18:20:01","modified_gmt":"2023-09-27T21:20:01","slug":"tv-box","status":"publish","type":"product","link":"https:\/\/rafaacessorios.com.br\/index.php\/produto\/tv-box\/","title":{"rendered":"Tv Box"},"content":{"rendered":"<p>Mqx9TV box \u00e9 a mais nova gera\u00e7\u00e3o de reprodutor multim\u00eddia e gateway multim\u00eddia residencial, que \u00e9 a melhor maneira de aproveitar a vida em rede;<br \/>\nA mais recente tecnologia baseada no sistema Androide na caixa permite muitos aplica\u00e7\u00f5es incluindo navegador web, jogos 2D \/ 3D, Skype \/ QQ internet chat de v\u00eddeo, software de aplicativos de escrit\u00f3rio e assim por diante;<br \/>\nCaixa de TV OTT suporta alta velocidade de Wi-Fi para aplica\u00e7\u00f5es de rede, suporta 2.4GHz wireless mouse, teclado e controle remoto;<br \/>\nSuporte HDMI 720P-2160P full 3D HD 4k;<br \/>\nSuporte a recursos avan\u00e7ados como PPPOE, DLNA e Miracast;<br \/>\nSuporte a dispositivos externos, incluindo unidade USB flash, disco r\u00edgido USB e cart\u00f5es de mem\u00f3ria;<br \/>\nAndroide super atualizado<br \/>\n2GB de memoria RAM e 16GB de memoria interna.<br \/>\nAceita cart\u00e3o SD de at\u00e9 32GB<br \/>\nENTRADAS DISPON\u00cdVEIS NO PARELHO:<br \/>\n4 USB<br \/>\n1 HDMI<br \/>\n1 SD (N\u00e3o \u00e9 o micro SD e sim aquele maior)<br \/>\n1 PARA \u00c1UDIO (P2)<br \/>\n1 ENTRADA DA FONTE (5v &#8211; 2a)<br \/>\n1 RCA 3&#215;1 (AVI). OBS: (N\u00c3O ACOMPANHA O CABO AV)<\/p>\n<p>ITENS INCLUSOS:<\/p>\n<p>1 TV BOX + CONTROLE<br \/>\n1 FONTE<br \/>\n1 CABO HDM<\/p>\n","protected":false},"excerpt":{"rendered":"<ol>\n<li>TRANSFORME A SUA TV EM SMART E TENHA A POSSIBILIDADE DE ASSISTIR NETFLIX, YOUTUBE. CONHE\u00c7A TAMB\u00c9M O NOSSO SERVI\u00c7O DE CANAIS DA SKY POR UMA TAXA M\u00cdNIMA. S\u00c3O MAIS DE 200 CANAIS, FILMES E S\u00c9RIES.<\/li>\n<\/ol>\n","protected":false},"featured_media":12,"comment_status":"open","ping_status":"closed","template":"","meta":[],"product_brand":[],"product_cat":[16],"product_tag":[17],"class_list":{"0":"post-11","1":"product","2":"type-product","3":"status-publish","4":"has-post-thumbnail","6":"product_cat-eletronicos","7":"product_tag-tvbox","9":"first","10":"instock","11":"sale","12":"shipping-taxable","13":"purchasable","14":"product-type-simple"},"_links":{"self":[{"href":"https:\/\/rafaacessorios.com.br\/index.php\/wp-json\/wp\/v2\/product\/11","targetHints":{"allow":["GET"]}}],"collection":[{"href":"https:\/\/rafaacessorios.com.br\/index.php\/wp-json\/wp\/v2\/product"}],"about":[{"href":"https:\/\/rafaacessorios.com.br\/index.php\/wp-json\/wp\/v2\/types\/product"}],"replies":[{"embeddable":true,"href":"https:\/\/rafaacessorios.com.br\/index.php\/wp-json\/wp\/v2\/comments?post=11"}],"wp:featuredmedia":[{"embeddable":true,"href":"https:\/\/rafaacessorios.com.br\/index.php\/wp-json\/wp\/v2\/media\/12"}],"wp:attachment":[{"href":"https:\/\/rafaacessorios.com.br\/index.php\/wp-json\/wp\/v2\/media?parent=11"}],"wp:term":[{"taxonomy":"product_brand","embeddable":true,"href":"https:\/\/rafaacessorios.com.br\/index.php\/wp-json\/wp\/v2\/product_brand?post=11"},{"taxonomy":"product_cat","embeddable":true,"href":"https:\/\/rafaacessorios.com.br\/index.php\/wp-json\/wp\/v2\/product_cat?post=11"},{"taxonomy":"product_tag","embeddable":true,"href":"https:\/\/rafaacessorios.com.br\/index.php\/wp-json\/wp\/v2\/product_tag?post=11"}],"curies":[{"name":"wp","href":"https:\/\/api.w.org\/{rel}","templated":true}]}}