{"id":1432,"date":"2020-02-12T18:00:36","date_gmt":"2020-02-12T21:00:36","guid":{"rendered":"http:\/\/rafaacessorios.com.br\/?post_type=product&#038;p=1432"},"modified":"2021-01-12T11:39:08","modified_gmt":"2021-01-12T14:39:08","slug":"prancha-gama","status":"publish","type":"product","link":"https:\/\/rafaacessorios.com.br\/index.php\/produto\/prancha-gama\/","title":{"rendered":"Prancha Gama"},"content":{"rendered":"<p>Esta procurando uma chapinha com QUALIDADE e que ofere\u00e7a PRATICIDADE? Uma chapinha que al\u00e9m de MODERNA \u00e9 \u00f3tima para trabalhar??<\/p>\n<p>Voc\u00ea acaba de encontrar o seu produto!!<\/p>\n<p>A nova chapinha Eleganza Plus da GA.MA Italy facilita o processo de alisamento dos fios, e ainda contribui para que os cabelos fiquem com um aspecto muito mais saud\u00e1vel, al\u00e9m de ser leve e de f\u00e1cil manuseio<\/p>\n<p>INFORMA\u00c7\u00d5ES T\u00c9CNICAS:<\/p>\n<p>-Marca Gama Italy<br \/>\n-Refer\u00eancia: APP2205<br \/>\n-Cor: Preto<br \/>\n-Modelo: Eleganza Plus<br \/>\n-Pot\u00eancia: 34 a 37 watts.<br \/>\n-Certifica\u00e7\u00e3o do INMETRO: 218.057\/15.<br \/>\n-Material do corpo: Pl\u00e1stico e metal.<br \/>\n-Material do patin: Revestimento de cer\u00e2mica.<br \/>\n-Material das placas: Metal.<br \/>\n-Alisa o cabelo Seco<br \/>\n-Indicada para cabelos Todos os tipos de cabelos<br \/>\n-Temperatura M\u00e1xima: 210\u00b0C<br \/>\n-Est\u00e1vel e uniforme: Sim<br \/>\n-Tempo aproximado de aquecimento: 15 segundos.<br \/>\n-Placa Largura: estreita (revestimento cer\u00e2mico)<br \/>\n-Tecnologia \u00cdons: Sim<br \/>\n-Funcionamento: Com fio<br \/>\n-Comprimento do fio: 1,9 m<br \/>\n-Comprimento da prancha\/chapinha: 23,5 cm<br \/>\n-Largura da prancha\/chapinha: 2,5 cm<\/p>\n","protected":false},"excerpt":{"rendered":"<p class=\"item-title__primary \">Prancha P\/ Cabelo Chapinha Gama Profissional Bivolt Promo\u00e7\u00e3o<\/p>\n","protected":false},"featured_media":1433,"comment_status":"open","ping_status":"closed","template":"","meta":[],"product_brand":[],"product_cat":[32],"product_tag":[42,43,41],"class_list":{"0":"post-1432","1":"product","2":"type-product","3":"status-publish","4":"has-post-thumbnail","6":"product_cat-beleza","7":"product_tag-chapinha","8":"product_tag-gama","9":"product_tag-prancha","11":"first","12":"instock","13":"shipping-taxable","14":"purchasable","15":"product-type-simple"},"_links":{"self":[{"href":"https:\/\/rafaacessorios.com.br\/index.php\/wp-json\/wp\/v2\/product\/1432","targetHints":{"allow":["GET"]}}],"collection":[{"href":"https:\/\/rafaacessorios.com.br\/index.php\/wp-json\/wp\/v2\/product"}],"about":[{"href":"https:\/\/rafaacessorios.com.br\/index.php\/wp-json\/wp\/v2\/types\/product"}],"replies":[{"embeddable":true,"href":"https:\/\/rafaacessorios.com.br\/index.php\/wp-json\/wp\/v2\/comments?post=1432"}],"wp:featuredmedia":[{"embeddable":true,"href":"https:\/\/rafaacessorios.com.br\/index.php\/wp-json\/wp\/v2\/media\/1433"}],"wp:attachment":[{"href":"https:\/\/rafaacessorios.com.br\/index.php\/wp-json\/wp\/v2\/media?parent=1432"}],"wp:term":[{"taxonomy":"product_brand","embeddable":true,"href":"https:\/\/rafaacessorios.com.br\/index.php\/wp-json\/wp\/v2\/product_brand?post=1432"},{"taxonomy":"product_cat","embeddable":true,"href":"https:\/\/rafaacessorios.com.br\/index.php\/wp-json\/wp\/v2\/product_cat?post=1432"},{"taxonomy":"product_tag","embeddable":true,"href":"https:\/\/rafaacessorios.com.br\/index.php\/wp-json\/wp\/v2\/product_tag?post=1432"}],"curies":[{"name":"wp","href":"https:\/\/api.w.org\/{rel}","templated":true}]}}