{"id":1495,"date":"2020-02-17T15:31:38","date_gmt":"2020-02-17T18:31:38","guid":{"rendered":"http:\/\/rafaacessorios.com.br\/?post_type=product&#038;p=1495"},"modified":"2020-11-20T16:43:38","modified_gmt":"2020-11-20T19:43:38","slug":"mini-secador","status":"publish","type":"product","link":"https:\/\/rafaacessorios.com.br\/index.php\/produto\/mini-secador\/","title":{"rendered":"Mini Secador"},"content":{"rendered":"<section class=\"ui-view-more vip-section-specs main-section \">\n<div class=\"specs-wrapper\">\n<section class=\"specs-container specs-primary-specs specs-layout-default u-clearfix\">\n<ul class=\"specs-list specs-list-primary specs-structure-medium\">\n<li class=\"specs-item specs-item-primary\"><strong>Marca: <\/strong>Mondial<\/li>\n<li class=\"specs-item specs-item-primary\"><strong>Linha: <\/strong>Beleza<\/li>\n<li class=\"specs-item specs-item-primary\"><strong>Modelo: <\/strong>SC-15<\/li>\n<li class=\"specs-item specs-item-primary\"><strong>Modelo alfanum\u00e9rico: <\/strong>SC-15<\/li>\n<li class=\"specs-item specs-item-primary\"><strong>Voltagem: <\/strong>110V\/220V (Bivolt)<\/li>\n<\/ul>\n<\/section>\n<section class=\"specs-container specs-secondary-specs specs-layout-default u-clearfix\">\n<ul class=\"specs-list specs-list-secondary specs-structure-xlarge\">\n<li class=\"specs-item specs-item-secondary\"><strong>Modelo detalhado:<\/strong>\u00a0ULTRA-SC15<\/li>\n<li class=\"specs-item specs-item-secondary\"><strong>Pot\u00eancia:<\/strong>\u00a01000 W<\/li>\n<li class=\"specs-item specs-item-secondary\"><strong>Pe\u00e7as do set:<\/strong>\u00a001<\/li>\n<li class=\"specs-item specs-item-secondary\"><strong>Quantidade de velocidades:<\/strong>\u00a005<\/li>\n<\/ul>\n<\/section>\n<\/div>\n<\/section>\n<h2 class=\"main-section__title item-description__title\"><\/h2>\n<section class=\"main-section item-description \">\n<div id=\"description-includes\" class=\"item-description__content \">\n<div class=\"item-description__text\">\n<p>O jeito mais f\u00e1cil e r\u00e1pido de BENEF\u00cdCIO, sem DOR\/DIFICULDADE!<\/p>\n<p>Agora existe um jeito r\u00e1pido e moderno para BENEF\u00cdCIOS e tudo o que voc\u00ea quiser.<\/p>\n<p>Conhe\u00e7a o revolucion\u00e1rio 110v\/220v (bivolt) Preto E Cinza Secador De Cabelo !<\/p>\n<p>O 110v\/220v (bivolt) Preto E Cinza Secador De Cabelo \u00e9 perfeito para resolver o PROBLEMA 1 ou o PROBLEMA 2, al\u00e9m de ser muito mais f\u00e1cil de usar do que PRODUTO CONCORRENTE.<\/p>\n<p>Agora fazer o PROBLEMA 1 ficou muito mais f\u00e1cil, poupando voc\u00ea de DOR\/DIFICULDADE.<\/p>\n<p>Super ADJETIVO, \u00e9 ideal para BENEF\u00cdCIO e ajudar voc\u00ea e sua fam\u00edlia com PROBLEMA. E ao mesmo tempo \u00e9 poderoso para fazer BENEF\u00cdCIO com total facilidade.<\/p>\n<p>Para voc\u00ea ter ainda mais praticidade, 110v\/220v (bivolt) Preto E Cinza Secador De Cabelo vem com ACESS\u00d3RIOS INCLU\u00cdDOS.<\/p>\n<p>Garanta 110v\/220v (bivolt) Preto E Cinza Secador De Cabelo enquanto voc\u00ea pode. Os estoques s\u00e3o limitados e os pre\u00e7os podem subir a qualquer momento.<\/p>\n<p>Caracter\u00edsticas e especifica\u00e7\u00f5es:<\/p>\n<p>Marca: Mondial<br \/>\nLinha: Beleza<br \/>\nModelo: SC-15<br \/>\nModelo alfanum\u00e9rico: 3773622<br \/>\nVoltagem: 110V\/220V (Bivolt)<br \/>\nModelo detalhado: ULTRA-SC15<br \/>\nPot\u00eancia: 1000w<br \/>\n\u00c9 i\u00f4nico: N\u00e3o<br \/>\n\u00c9 cer\u00e2mico: N\u00e3o<br \/>\nCom ar frio: N\u00e3o<br \/>\nPe\u00e7as do set: 01<\/p>\n<\/div>\n<\/div>\n<\/section>\n","protected":false},"excerpt":{"rendered":"<ol>\n<li class=\"item-title__primary \">Mini Secador 110v\/220v (bivolt) Ultra-sc15<\/li>\n<\/ol>\n","protected":false},"featured_media":1496,"comment_status":"open","ping_status":"closed","template":"","meta":[],"product_brand":[],"product_cat":[32],"product_tag":[],"class_list":{"0":"post-1495","1":"product","2":"type-product","3":"status-publish","4":"has-post-thumbnail","6":"product_cat-beleza","8":"first","9":"instock","10":"shipping-taxable","11":"purchasable","12":"product-type-simple"},"_links":{"self":[{"href":"https:\/\/rafaacessorios.com.br\/index.php\/wp-json\/wp\/v2\/product\/1495","targetHints":{"allow":["GET"]}}],"collection":[{"href":"https:\/\/rafaacessorios.com.br\/index.php\/wp-json\/wp\/v2\/product"}],"about":[{"href":"https:\/\/rafaacessorios.com.br\/index.php\/wp-json\/wp\/v2\/types\/product"}],"replies":[{"embeddable":true,"href":"https:\/\/rafaacessorios.com.br\/index.php\/wp-json\/wp\/v2\/comments?post=1495"}],"wp:featuredmedia":[{"embeddable":true,"href":"https:\/\/rafaacessorios.com.br\/index.php\/wp-json\/wp\/v2\/media\/1496"}],"wp:attachment":[{"href":"https:\/\/rafaacessorios.com.br\/index.php\/wp-json\/wp\/v2\/media?parent=1495"}],"wp:term":[{"taxonomy":"product_brand","embeddable":true,"href":"https:\/\/rafaacessorios.com.br\/index.php\/wp-json\/wp\/v2\/product_brand?post=1495"},{"taxonomy":"product_cat","embeddable":true,"href":"https:\/\/rafaacessorios.com.br\/index.php\/wp-json\/wp\/v2\/product_cat?post=1495"},{"taxonomy":"product_tag","embeddable":true,"href":"https:\/\/rafaacessorios.com.br\/index.php\/wp-json\/wp\/v2\/product_tag?post=1495"}],"curies":[{"name":"wp","href":"https:\/\/api.w.org\/{rel}","templated":true}]}}