{"id":1499,"date":"2020-02-17T16:36:04","date_gmt":"2020-02-17T19:36:04","guid":{"rendered":"http:\/\/rafaacessorios.com.br\/?post_type=product&#038;p=1499"},"modified":"2020-06-12T11:02:15","modified_gmt":"2020-06-12T14:02:15","slug":"lampada-led-cx-de-som","status":"publish","type":"product","link":"https:\/\/rafaacessorios.com.br\/index.php\/produto\/lampada-led-cx-de-som\/","title":{"rendered":"L\u00e2mpada Led Cx de Som"},"content":{"rendered":"<section class=\"ui-view-more vip-section-specs main-section \">\n<ul>\n<li class=\"main-section__title\"><\/li>\n<\/ul>\n<div class=\"specs-wrapper\">\n<section class=\"specs-container specs-primary-specs specs-layout-default u-clearfix\">\n<ul class=\"specs-list specs-list-primary specs-structure-medium\">\n<li class=\"specs-item specs-item-primary\"><strong>Marca: <\/strong>Importado<\/li>\n<li class=\"specs-item specs-item-primary\"><strong>Modelo: <\/strong>WJ-L2<\/li>\n<li class=\"specs-item specs-item-primary\"><strong>Tecnologia de ilumina\u00e7\u00e3o: <\/strong>LED<\/li>\n<li class=\"specs-item specs-item-primary\"><strong>Watts: <\/strong>6 W<\/li>\n<li class=\"specs-item specs-item-primary\"><strong>Unidades por pacote: <\/strong>1<\/li>\n<\/ul>\n<\/section>\n<section class=\"specs-container specs-secondary-specs specs-layout-default u-clearfix\">\n<ul class=\"specs-list specs-list-secondary specs-structure-xlarge\">\n<li class=\"specs-item specs-item-secondary\"><strong>Tipo de soquete:<\/strong>\u00a0E27<\/li>\n<li class=\"specs-item specs-item-secondary\"><strong>Forma:<\/strong>\u00a0Bombillo<\/li>\n<\/ul>\n<\/section>\n<\/div>\n<\/section>\n<section class=\"main-section item-description \">\n<h2 class=\"main-section__title item-description__title\"><\/h2>\n<div id=\"description-includes\" class=\"item-description__content \">\n<div class=\"item-description__text\">\n<p><strong>Especifica\u00e7\u00f5es:<\/strong><\/p>\n<p>Tens\u00e3o de Alimenta\u00e7\u00e3o &#8211; 110 ~220v Bivolt<br \/>\n3w de potencia de som<br \/>\n6w Leds<br \/>\nAlcance de 10 metros<br \/>\nControle remoto com 24 fun\u00e7\u00f5es.<br \/>\n16 cores diferentes<br \/>\nStrobo<br \/>\nSmooth<\/p>\n<p>Itens Incluso:<\/p>\n<p>1 Lampada<br \/>\n1 Controle remoto<br \/>\n1 Manual<\/p>\n<\/div>\n<\/div>\n<\/section>\n","protected":false},"excerpt":{"rendered":"<p class=\"item-title__primary \">Lampada Bluetooth Led Caixa De Som Com Controle Rgb 6w<\/p>\n","protected":false},"featured_media":1500,"comment_status":"open","ping_status":"closed","template":"","meta":[],"product_brand":[],"product_cat":[20],"product_tag":[],"class_list":{"0":"post-1499","1":"product","2":"type-product","3":"status-publish","4":"has-post-thumbnail","6":"product_cat-musica","8":"first","9":"instock","10":"shipping-taxable","11":"purchasable","12":"product-type-simple"},"_links":{"self":[{"href":"https:\/\/rafaacessorios.com.br\/index.php\/wp-json\/wp\/v2\/product\/1499","targetHints":{"allow":["GET"]}}],"collection":[{"href":"https:\/\/rafaacessorios.com.br\/index.php\/wp-json\/wp\/v2\/product"}],"about":[{"href":"https:\/\/rafaacessorios.com.br\/index.php\/wp-json\/wp\/v2\/types\/product"}],"replies":[{"embeddable":true,"href":"https:\/\/rafaacessorios.com.br\/index.php\/wp-json\/wp\/v2\/comments?post=1499"}],"wp:featuredmedia":[{"embeddable":true,"href":"https:\/\/rafaacessorios.com.br\/index.php\/wp-json\/wp\/v2\/media\/1500"}],"wp:attachment":[{"href":"https:\/\/rafaacessorios.com.br\/index.php\/wp-json\/wp\/v2\/media?parent=1499"}],"wp:term":[{"taxonomy":"product_brand","embeddable":true,"href":"https:\/\/rafaacessorios.com.br\/index.php\/wp-json\/wp\/v2\/product_brand?post=1499"},{"taxonomy":"product_cat","embeddable":true,"href":"https:\/\/rafaacessorios.com.br\/index.php\/wp-json\/wp\/v2\/product_cat?post=1499"},{"taxonomy":"product_tag","embeddable":true,"href":"https:\/\/rafaacessorios.com.br\/index.php\/wp-json\/wp\/v2\/product_tag?post=1499"}],"curies":[{"name":"wp","href":"https:\/\/api.w.org\/{rel}","templated":true}]}}