{"id":2858,"date":"2020-05-25T12:07:52","date_gmt":"2020-05-25T15:07:52","guid":{"rendered":"http:\/\/rafaacessorios.com.br\/?post_type=product&#038;p=2858"},"modified":"2023-09-27T18:18:44","modified_gmt":"2023-09-27T21:18:44","slug":"camera-baba-eletronica","status":"publish","type":"product","link":"https:\/\/rafaacessorios.com.br\/index.php\/produto\/camera-baba-eletronica\/","title":{"rendered":"C\u00e2mera Bab\u00e1 Eletr\u00f4nica"},"content":{"rendered":"<section class=\"ui-view-more vip-section-specs main-section\">\n<h2 class=\"main-section__title\"><\/h2>\n<div class=\"specs-wrapper\">\n<section class=\"specs-container specs-primary-specs specs-layout-default u-clearfix\">\n<ul class=\"specs-list specs-list-primary specs-structure-medium\">\n<li class=\"specs-item specs-item-primary\"><strong>Marca<\/strong>IP 360<\/li>\n<li class=\"specs-item specs-item-primary\"><strong>Linha<\/strong>MINI<\/li>\n<li class=\"specs-item specs-item-primary\"><strong>Modelo<\/strong>VARREDURA AUTOMATICA<\/li>\n<\/ul>\n<\/section>\n<section class=\"specs-container specs-secondary-specs specs-layout-default u-clearfix\">\n<ul class=\"specs-list specs-list-secondary specs-structure-xlarge\">\n<li class=\"specs-item specs-item-secondary\"><strong>Tipo de c\u00e2mera<\/strong>\u00a0IP<\/li>\n<li class=\"specs-item specs-item-secondary\"><strong>Qualidade de resolu\u00e7ao<\/strong>\u00a0HD 720p<\/li>\n<li class=\"specs-item specs-item-secondary\"><strong>Formato<\/strong>\u00a0ROBO<\/li>\n<li class=\"specs-item specs-item-secondary\"><strong>Zoom \u00f3ptico<\/strong>\u00a01x<\/li>\n<li class=\"specs-item specs-item-secondary\"><strong>Zoom digital<\/strong>\u00a04x<\/li>\n<li class=\"specs-item specs-item-secondary\"><strong>Tipo de conex\u00e3o<\/strong>\u00a0Sem fio<\/li>\n<li class=\"specs-item specs-item-secondary\"><strong>Ambiente de utiliza\u00e7\u00e3o<\/strong>\u00a0Interno<\/li>\n<li class=\"specs-item specs-item-secondary\"><strong>Vis\u00e3o noturna<\/strong>\u00a0Sim<\/li>\n<li class=\"specs-item specs-item-secondary\"><strong>Motorizada<\/strong>\u00a0N\u00e3o<\/li>\n<li class=\"specs-item specs-item-secondary\"><strong>\u00c2ngulo de vis\u00e3o<\/strong>\u00a0360\u00b0<\/li>\n<li class=\"specs-item specs-item-secondary\"><strong>Capacidade de armazenamento<\/strong>\u00a064 GB<\/li>\n<li class=\"specs-item specs-item-secondary\"><strong>Microfone<\/strong>\u00a0Sim<\/li>\n<li class=\"specs-item specs-item-secondary\"><strong>Kit<\/strong>\u00a0N\u00e3o<\/li>\n<\/ul>\n<p>&nbsp;<\/p>\n<\/section>\n<\/div>\n<\/section>\n<section class=\"main-section item-description \">\n<div id=\"description-includes\" class=\"item-description__content \">\n<div class=\"item-description__text\">\n<p>C\u00e2mera Ip Wifi com Varredura Autom\u00e1tica em Hd com \u00e1udio e entrada para cart\u00e3o de mem\u00f3ria de 64gb (n\u00e3o incluso)<\/p>\n<p>Essa c\u00e2mera atrav\u00e9s do sensor de movimento capta a movimenta\u00e7\u00e3o de uma pessoa e segue o movimento dela por onde for. Com essa fun\u00e7\u00e3o n\u00e3o \u00e9 preciso movimentar a c\u00e2mera pelo aplicativo, toda movimenta\u00e7\u00e3o que se passar a frente dela vai ser gravada!<\/p>\n<p>Al\u00e9m disso voc\u00ea pode acompanhar toda movimenta\u00e7\u00e3o da c\u00e2mera atrav\u00e9s do aplicativo ou de um Dvr.<\/p>\n<p>Aplicativo: YOOSEE<\/p>\n<p>Caracter\u00edsticas:<\/p>\n<p>&#8211; F\u00e1cil Instala\u00e7\u00e3o<\/p>\n<p>&#8211; Resolu\u00e7\u00e3o Hd 720p<\/p>\n<p>&#8211; Onvif (funciona em DVRs)<\/p>\n<p>&#8211; Aplicativo com suporte para Ios e Android<\/p>\n<p>&#8211; \u00c1udio bidirecional (\u00e9 poss\u00edvel ouvir e falar com quem est\u00e1 no ambiente da c\u00e2mera atrav\u00e9s do aplicativo)<\/p>\n<p>&#8211; Grava\u00e7\u00e3o em nuvem (f\u00e1cil contrata\u00e7\u00e3o direto pelo app)<\/p>\n<p>&#8211; Detec\u00e7\u00e3o de movimento<\/p>\n<p>&#8211; Vis\u00e3o noturna infravermelho<\/p>\n<p>&#8211; Alarme sonoro ao identificar movimento<\/p>\n<p>&#8211; Desligamento atrav\u00e9s do aplicativo<\/p>\n<p>&#8211; Infravermelho 10 metros<\/p>\n<p>Conte\u00fado da embalagem:<\/p>\n<p>1x mini C\u00e2mera IP Wifi<br \/>\n1x fonte de alimenta\u00e7\u00e3o<br \/>\n1x manual<\/p>\n<\/div>\n<\/div>\n<\/section>\n","protected":false},"excerpt":{"rendered":"<p class=\"item-title__primary \">Mini Camera Ip Wifi Hd Onvif Sensor Movimento Automatico<\/p>\n","protected":false},"featured_media":2859,"comment_status":"open","ping_status":"closed","template":"","meta":[],"product_brand":[],"product_cat":[21],"product_tag":[],"class_list":{"0":"post-2858","1":"product","2":"type-product","3":"status-publish","4":"has-post-thumbnail","6":"product_cat-cameras","8":"first","9":"instock","10":"sale","11":"shipping-taxable","12":"purchasable","13":"product-type-simple"},"_links":{"self":[{"href":"https:\/\/rafaacessorios.com.br\/index.php\/wp-json\/wp\/v2\/product\/2858","targetHints":{"allow":["GET"]}}],"collection":[{"href":"https:\/\/rafaacessorios.com.br\/index.php\/wp-json\/wp\/v2\/product"}],"about":[{"href":"https:\/\/rafaacessorios.com.br\/index.php\/wp-json\/wp\/v2\/types\/product"}],"replies":[{"embeddable":true,"href":"https:\/\/rafaacessorios.com.br\/index.php\/wp-json\/wp\/v2\/comments?post=2858"}],"wp:featuredmedia":[{"embeddable":true,"href":"https:\/\/rafaacessorios.com.br\/index.php\/wp-json\/wp\/v2\/media\/2859"}],"wp:attachment":[{"href":"https:\/\/rafaacessorios.com.br\/index.php\/wp-json\/wp\/v2\/media?parent=2858"}],"wp:term":[{"taxonomy":"product_brand","embeddable":true,"href":"https:\/\/rafaacessorios.com.br\/index.php\/wp-json\/wp\/v2\/product_brand?post=2858"},{"taxonomy":"product_cat","embeddable":true,"href":"https:\/\/rafaacessorios.com.br\/index.php\/wp-json\/wp\/v2\/product_cat?post=2858"},{"taxonomy":"product_tag","embeddable":true,"href":"https:\/\/rafaacessorios.com.br\/index.php\/wp-json\/wp\/v2\/product_tag?post=2858"}],"curies":[{"name":"wp","href":"https:\/\/api.w.org\/{rel}","templated":true}]}}