{"id":3022,"date":"2020-06-04T21:22:00","date_gmt":"2020-06-05T00:22:00","guid":{"rendered":"http:\/\/rafaacessorios.com.br\/?post_type=product&#038;p=3022"},"modified":"2025-09-13T21:39:10","modified_gmt":"2025-09-14T00:39:10","slug":"3022","status":"publish","type":"product","link":"https:\/\/rafaacessorios.com.br\/index.php\/produto\/3022\/","title":{"rendered":"Carregador Port\u00e1til"},"content":{"rendered":"<section class=\"ui-view-more vip-section-specs main-section\">\n<h2 class=\"main-section__title\">Caracter\u00edsticas<\/h2>\n<div class=\"specs-wrapper\">\n<section class=\"specs-container specs-primary-specs specs-layout-default u-clearfix\">\n<ul class=\"specs-list specs-list-primary specs-structure-medium\">\n<li class=\"specs-item specs-item-primary\"><strong>Marca: <\/strong>Pineng<\/li>\n<li class=\"specs-item specs-item-primary\"><strong>Modelo: <\/strong>PN-951<\/li>\n<li class=\"specs-item specs-item-primary\"><strong>Capacidade da bateria: <\/strong>10000 mAh<\/li>\n<\/ul>\n<\/section>\n<section class=\"specs-container specs-secondary-specs specs-layout-default u-clearfix\">\n<ul class=\"specs-list specs-list-secondary specs-structure-xlarge\">\n<li class=\"specs-item specs-item-secondary\"><strong>Tipo de carregador:<\/strong>\u00a0Port\u00e1vel<\/li>\n<li class=\"specs-item specs-item-secondary\"><strong>Formato de sa\u00edda:<\/strong>\u00a0USB<\/li>\n<li class=\"specs-item specs-item-secondary\"><strong>Sem fio:<\/strong>\u00a0Sim<\/li>\n<\/ul>\n<p>&nbsp;<\/p>\n<\/section>\n<\/div>\n<\/section>\n<section class=\"main-section item-description \">\n<div id=\"description-includes\" class=\"item-description__content \">\n<div class=\"item-description__text\">\n<p>PN-951 \u00e9 poss\u00edvel carregar de 4 \u00e1 6 vezes. Acompanhe a porcentagem dispon\u00edvel da carga atrav\u00e9s do LCD. Possui duas sa\u00eddas de cargas, uma de 1.0A para celulares, e outra de 2.1A para tablets ou Carregamento R\u00e1pido. \u00c9 poss\u00edvel ainda carregar dois dispositivos ao mesmo tempo!Combinando pre\u00e7o e pot\u00eancia, este \u00e9, em nossa opini\u00e3o, um dos melhores modelos dispon\u00edveis no mercado atualmente. Garanta o seu!<br \/>\nDescri\u00e7\u00e3o:<br \/>\nCarrega celulares, smartphones de todas as marcas e outros aparelhos que tem entrada Micro USB, Ligthing da Apple e USB.<br \/>\nModelo: Carregador Port\u00e1til PN-951.<br \/>\nBateria diferenciada pela alta efici\u00eancia que tem perante as outras.<br \/>\nModelo DIGITAL mais moderno e eficiente do Mercado.<br \/>\nCaracter\u00edsticas:<br \/>\nCapacidade: 10.000mAh.<br \/>\nMedidor de carga de led digital.<br \/>\nTempo de carregamento da bateria interna: de 6 a 8 horas.<br \/>\nEntrada &#8211; 5V \/ 2 A (2000mA).<br \/>\nDuas Sa\u00eddas &#8211; 5V \/ 1 A (1000mAh) 2.1 A (2100mAh)<br \/>\nSelo FCC. CE. RoHS certificados para seguran\u00e7a do produto<br \/>\nDimens\u00f5es:<br \/>\nTamanho: 162mm*80.5mm*22mm<br \/>\nPeso: 285g.<\/p>\n<p>Itens Inclusos:<br \/>\n&#8211; Pineng *Original* de 10000mAh<br \/>\n&#8211; Conector com Cabo Lightning\/Micro Usb para Iphone e Android<br \/>\n&#8211; Cabo Micro USB Pineng<br \/>\n&#8211; Manual<br \/>\n&#8211; Lacrado em sua Embalagem com Selo Fabricante<\/p>\n<\/div>\n<\/div>\n<\/section>\n","protected":false},"excerpt":{"rendered":"<header class=\"item-title\" data-js-item-title=\"\">\n<p class=\"item-title__primary \">Powerbank Carregador 10.000mah Portatil Pineng Original Slim<\/p>\n<\/header>\n<article class=\"vip-rating core-review\"><\/article>\n","protected":false},"featured_media":3023,"comment_status":"open","ping_status":"closed","template":"","meta":[],"product_brand":[],"product_cat":[46],"product_tag":[],"class_list":{"0":"post-3022","1":"product","2":"type-product","3":"status-publish","4":"has-post-thumbnail","6":"product_cat-celular","8":"first","9":"instock","10":"shipping-taxable","11":"purchasable","12":"product-type-simple"},"_links":{"self":[{"href":"https:\/\/rafaacessorios.com.br\/index.php\/wp-json\/wp\/v2\/product\/3022","targetHints":{"allow":["GET"]}}],"collection":[{"href":"https:\/\/rafaacessorios.com.br\/index.php\/wp-json\/wp\/v2\/product"}],"about":[{"href":"https:\/\/rafaacessorios.com.br\/index.php\/wp-json\/wp\/v2\/types\/product"}],"replies":[{"embeddable":true,"href":"https:\/\/rafaacessorios.com.br\/index.php\/wp-json\/wp\/v2\/comments?post=3022"}],"wp:featuredmedia":[{"embeddable":true,"href":"https:\/\/rafaacessorios.com.br\/index.php\/wp-json\/wp\/v2\/media\/3023"}],"wp:attachment":[{"href":"https:\/\/rafaacessorios.com.br\/index.php\/wp-json\/wp\/v2\/media?parent=3022"}],"wp:term":[{"taxonomy":"product_brand","embeddable":true,"href":"https:\/\/rafaacessorios.com.br\/index.php\/wp-json\/wp\/v2\/product_brand?post=3022"},{"taxonomy":"product_cat","embeddable":true,"href":"https:\/\/rafaacessorios.com.br\/index.php\/wp-json\/wp\/v2\/product_cat?post=3022"},{"taxonomy":"product_tag","embeddable":true,"href":"https:\/\/rafaacessorios.com.br\/index.php\/wp-json\/wp\/v2\/product_tag?post=3022"}],"curies":[{"name":"wp","href":"https:\/\/api.w.org\/{rel}","templated":true}]}}