{"id":3026,"date":"2020-06-04T21:49:50","date_gmt":"2020-06-05T00:49:50","guid":{"rendered":"http:\/\/rafaacessorios.com.br\/?post_type=product&#038;p=3026"},"modified":"2020-06-07T13:10:43","modified_gmt":"2020-06-07T16:10:43","slug":"teclado-de-tv-box","status":"publish","type":"product","link":"https:\/\/rafaacessorios.com.br\/index.php\/produto\/teclado-de-tv-box\/","title":{"rendered":"Teclado de tv box"},"content":{"rendered":"<section class=\"main-section item-description \">\n<div id=\"description-includes\" class=\"item-description__content \">\n<div class=\"item-description__text\">\n<p>Mini Teclado Air Mouse Touch Sem Fio Tv Box Wireless Com Luz<\/p>\n<p>Use este mini teclado USB port\u00e1til com mouse touch integrado para controlar o seu Tv Box, V\u00eddeo Game, Smart TV, Notebook&#8230;<br \/>\nPossui teclado QWERTY, setas direcionais, teclados de atalho e um touch pad para que possa controlar tamb\u00e9m o mouse dele.<br \/>\nCom uma dist\u00e2ncia de 10 metros voc\u00ea ter\u00e1 comodidade no manuseio<\/p>\n<p>Especifica\u00e7\u00f5es<\/p>\n<p>Luz LED na parte superior<br \/>\nOpere em at\u00e9 5 metros do seu dispositivo<br \/>\nTouch pad ultrasens\u00edvel com suporte multitouch<br \/>\nPlug and play: n\u00e3o precisa instalar o software<br \/>\nEnergia: Recarreg\u00e1vel<br \/>\nIndica\u00e7\u00e3o de luz: luzes indicadoras sinalizam transmiss\u00e3o de dados e de energia.<br \/>\nBot\u00f5es PAGE UP e PAGE DOWN para a apresenta\u00e7\u00f5es<br \/>\nTouch Convert 90 graus (Fn + Esc) Use o touch tamb\u00e9m na vertical<\/p>\n<p>Itens incluso:<br \/>\n1 Mini teclado wireless<br \/>\n1 Adaptador wireless<br \/>\n1 Manual<\/p>\n<\/div>\n<\/div>\n<\/section>\n<section id=\"reviewsCard\" class=\"vip-section-reviews ui-view-more main-section main-section--gradient\">\n<div class=\"vip-card\"><\/div>\n<\/section>\n","protected":false},"excerpt":{"rendered":"<p class=\"item-title__primary \">Mini Teclado Air Mouse Touch Sem Fio Tv Box Wireless<\/p>\n","protected":false},"featured_media":3027,"comment_status":"open","ping_status":"closed","template":"","meta":[],"product_brand":[],"product_cat":[16],"product_tag":[],"class_list":{"0":"post-3026","1":"product","2":"type-product","3":"status-publish","4":"has-post-thumbnail","6":"product_cat-eletronicos","8":"first","9":"instock","10":"shipping-taxable","11":"purchasable","12":"product-type-simple"},"_links":{"self":[{"href":"https:\/\/rafaacessorios.com.br\/index.php\/wp-json\/wp\/v2\/product\/3026","targetHints":{"allow":["GET"]}}],"collection":[{"href":"https:\/\/rafaacessorios.com.br\/index.php\/wp-json\/wp\/v2\/product"}],"about":[{"href":"https:\/\/rafaacessorios.com.br\/index.php\/wp-json\/wp\/v2\/types\/product"}],"replies":[{"embeddable":true,"href":"https:\/\/rafaacessorios.com.br\/index.php\/wp-json\/wp\/v2\/comments?post=3026"}],"wp:featuredmedia":[{"embeddable":true,"href":"https:\/\/rafaacessorios.com.br\/index.php\/wp-json\/wp\/v2\/media\/3027"}],"wp:attachment":[{"href":"https:\/\/rafaacessorios.com.br\/index.php\/wp-json\/wp\/v2\/media?parent=3026"}],"wp:term":[{"taxonomy":"product_brand","embeddable":true,"href":"https:\/\/rafaacessorios.com.br\/index.php\/wp-json\/wp\/v2\/product_brand?post=3026"},{"taxonomy":"product_cat","embeddable":true,"href":"https:\/\/rafaacessorios.com.br\/index.php\/wp-json\/wp\/v2\/product_cat?post=3026"},{"taxonomy":"product_tag","embeddable":true,"href":"https:\/\/rafaacessorios.com.br\/index.php\/wp-json\/wp\/v2\/product_tag?post=3026"}],"curies":[{"name":"wp","href":"https:\/\/api.w.org\/{rel}","templated":true}]}}