{"id":3156,"date":"2020-06-09T12:33:42","date_gmt":"2020-06-09T15:33:42","guid":{"rendered":"http:\/\/rafaacessorios.com.br\/?post_type=product&#038;p=3156"},"modified":"2020-06-10T08:32:30","modified_gmt":"2020-06-10T11:32:30","slug":"depilador-eletrico","status":"publish","type":"product","link":"https:\/\/rafaacessorios.com.br\/index.php\/produto\/depilador-eletrico\/","title":{"rendered":"Depilador El\u00e9trico"},"content":{"rendered":"<section class=\"ui-view-more vip-section-specs main-section\">\n<h2 class=\"main-section__title\">Caracter\u00edsticas<\/h2>\n<div class=\"specs-wrapper\">\n<section class=\"specs-container    specs-primary-specs specs-layout-default u-clearfix\">\n<ul class=\"specs-list specs-list-primary specs-structure-medium\">\n<li class=\"specs-item specs-item-primary\"><strong>Marca: <\/strong>Import<\/li>\n<li class=\"specs-item specs-item-primary\"><strong>Modelo: <\/strong>Navalha El\u00e9trica<\/li>\n<\/ul>\n<\/section>\n<section class=\"specs-container    specs-secondary-specs specs-layout-default u-clearfix\">\n<ul class=\"specs-list specs-list-secondary specs-structure-xlarge\">\n<li class=\"specs-item specs-item-secondary\"><strong>G\u00eanero:<\/strong>\u00a0Sem g\u00eanero<\/li>\n<li class=\"specs-item specs-item-secondary\"><strong>\u00c1reas do corpo:<\/strong>\u00a0Sobrancelhas<\/li>\n<li class=\"specs-item specs-item-secondary\"><strong>Apto para uso molhado:<\/strong>\u00a0N\u00e3o<\/li>\n<li class=\"specs-item specs-item-secondary\"><strong>Quantidade de velocidades:<\/strong>\u00a01<\/li>\n<li class=\"specs-item specs-item-secondary\"><strong>Escova de limpeza:<\/strong>\u00a0N\u00e3o<\/li>\n<li class=\"specs-item specs-item-secondary\"><strong>Estojo:<\/strong>\u00a0N\u00e3o<\/li>\n<\/ul>\n<\/section>\n<\/div>\n<\/section>\n<section class=\"main-section item-description \">\n<h2 class=\"main-section__title item-description__title\"><\/h2>\n<div id=\"description-includes\" class=\"item-description__content \">\n<div class=\"item-description__text\">\n<p>Cuidado Facial r\u00e1pida e simples, o pequeno aparador remove suavemente os pelos indesejados para fornecer a base perfeita para maquiagem. \u00c9 menos estressante em sua pele do que uma navalha tradicional e ideal para todas as \u00e1reas, incluindo a parte de tr\u00e1s do Pesco\u00e7o. Al\u00e9m disso, \u00e9 compacto o suficiente para usar a qualquer hora, em qualquer lugar.<\/p>\n<p>Aten\u00e7\u00e3o: Produto apenas apara n\u00e3o depila<\/p>\n<p>Dimens\u00f5es:<br \/>\nAltura: 1 cm<br \/>\nComprimento: 13 cm<br \/>\nUtiliza 1 Pilha AAA n\u00e3o inclusa<br \/>\nConte\u00fado da Embalagem:<\/p>\n<p>01 &#8211; Aparador Depilador de Pelos<br \/>\n01 &#8211; Mini Pente para Limpeza<br \/>\n01 &#8211; Pente de Dois Lados<\/p>\n<\/div>\n<\/div>\n<\/section>\n","protected":false},"excerpt":{"rendered":"<p class=\"item-title__primary \">Mini Depilador Eletrico Aparador Sobrancelha<\/p>\n","protected":false},"featured_media":3157,"comment_status":"open","ping_status":"closed","template":"","meta":[],"product_brand":[],"product_cat":[32],"product_tag":[],"class_list":{"0":"post-3156","1":"product","2":"type-product","3":"status-publish","4":"has-post-thumbnail","6":"product_cat-beleza","8":"first","9":"instock","10":"sale","11":"shipping-taxable","12":"purchasable","13":"product-type-simple"},"_links":{"self":[{"href":"https:\/\/rafaacessorios.com.br\/index.php\/wp-json\/wp\/v2\/product\/3156","targetHints":{"allow":["GET"]}}],"collection":[{"href":"https:\/\/rafaacessorios.com.br\/index.php\/wp-json\/wp\/v2\/product"}],"about":[{"href":"https:\/\/rafaacessorios.com.br\/index.php\/wp-json\/wp\/v2\/types\/product"}],"replies":[{"embeddable":true,"href":"https:\/\/rafaacessorios.com.br\/index.php\/wp-json\/wp\/v2\/comments?post=3156"}],"wp:featuredmedia":[{"embeddable":true,"href":"https:\/\/rafaacessorios.com.br\/index.php\/wp-json\/wp\/v2\/media\/3157"}],"wp:attachment":[{"href":"https:\/\/rafaacessorios.com.br\/index.php\/wp-json\/wp\/v2\/media?parent=3156"}],"wp:term":[{"taxonomy":"product_brand","embeddable":true,"href":"https:\/\/rafaacessorios.com.br\/index.php\/wp-json\/wp\/v2\/product_brand?post=3156"},{"taxonomy":"product_cat","embeddable":true,"href":"https:\/\/rafaacessorios.com.br\/index.php\/wp-json\/wp\/v2\/product_cat?post=3156"},{"taxonomy":"product_tag","embeddable":true,"href":"https:\/\/rafaacessorios.com.br\/index.php\/wp-json\/wp\/v2\/product_tag?post=3156"}],"curies":[{"name":"wp","href":"https:\/\/api.w.org\/{rel}","templated":true}]}}