{"id":3359,"date":"2020-06-17T23:10:08","date_gmt":"2020-06-18T02:10:08","guid":{"rendered":"http:\/\/rafaacessorios.com.br\/?post_type=product&#038;p=3359"},"modified":"2023-09-21T22:13:15","modified_gmt":"2023-09-22T01:13:15","slug":"3359","status":"publish","type":"product","link":"https:\/\/rafaacessorios.com.br\/index.php\/produto\/3359\/","title":{"rendered":"Massageador de rosto"},"content":{"rendered":"<section class=\"ui-view-more vip-section-specs main-section\">\n<h2 class=\"main-section__title\">Caracter\u00edsticas<\/h2>\n<div class=\"specs-wrapper\">\n<section class=\"specs-container specs-primary-specs specs-layout-default u-clearfix\">\n<ul class=\"specs-list specs-list-primary specs-structure-medium\">\n<li class=\"specs-item specs-item-primary\"><strong>Marca: <\/strong>Ydtech<\/li>\n<li class=\"specs-item specs-item-primary\"><strong>Modelo: <\/strong>82473<\/li>\n<\/ul>\n<\/section>\n<section class=\"specs-container specs-secondary-specs specs-layout-default u-clearfix\">\n<ul class=\"specs-list specs-list-secondary specs-structure-xlarge\">\n<li class=\"specs-item specs-item-secondary\"><strong>Tipo de pilhas:<\/strong>\u00a0Bateria<\/li>\n<li class=\"specs-item specs-item-secondary\"><strong>\u00c0 prova d&#8217;\u00e1gua:<\/strong>\u00a0N\u00e3o<\/li>\n<li class=\"specs-item specs-item-secondary\"><strong>Quantidade de velocidades:<\/strong>\u00a08<\/li>\n<\/ul>\n<\/section>\n<\/div>\n<\/section>\n<section class=\"main-section item-description \">\n<h2 class=\"main-section__title item-description__title\">Descri\u00e7\u00e3o<\/h2>\n<div id=\"description-includes\" class=\"item-description__content \">\n<div class=\"item-description__text\">\n<p>Escova Massageadora Facial para Limpeza de Pele El\u00e9trica para todos os tipos de pele. Remove impurezas de maneira profunda e delicada. Do tamanho de um disco de algod\u00e3o, \u00e9 ideal para levar em viagens ou na bolsa. Nosso Massageador Facial possui cerdas de silicone de diferentes tamanhos que se adaptam a todos os tipos de pele e regi\u00f5es do rosto. Al\u00e9m disso, sua tecnologia de pulsa\u00e7\u00f5es cont\u00ednuas removem a oleosidade, polui\u00e7\u00e3o, maquiagem e c\u00e9lulas mortas sem agredir a pele. Um cuidado que deixa o seu rosto mais uniforme, radiante e macio, pronto para aproveitar ao m\u00e1ximo os demais cuidados.<\/p>\n<p>Como Usar:<br \/>\nAplique o seu produto de limpeza predileto no rosto e molhe a escova de limpeza facial. Fa\u00e7a movimentos circulares por 1 minuto. Enx\u00e1gue a pele e o aparelho em seguida.<br \/>\nAten\u00e7\u00e3o: O Aparelho Massageador de Limpeza Facial n\u00e3o pode ser Submerso em \u00e1gua!<\/p>\n<p>Caracter\u00edsticas do Produto:<br \/>\nSuper Silenciosos;<br \/>\nAplica uma limpeza profunda em sua pele;<br \/>\nPossui encaixe perfeito para sua m\u00e3o<br \/>\nDeixa sua pele higienizada e livre de impurezas;<br \/>\nEla possui 8 velocidades de vibra\u00e7\u00f5es;<br \/>\nEla d\u00e1 uma breve pausa a cada 15 segundos para lhe avisar de trocar a \u00e1rea a ser massageada;<\/p>\n<p>Observa\u00e7\u00e3o: Deixe sempre a bateria do massageador com carga para prolongar a vida \u00fatil do produto. Nunca deixe ele sem carga por mais de 48 horas.<\/p>\n<p>itens Inclusos:<br \/>\n01 Aparelho Massageador Facial Limpeza de Pele Profunda Compacto<br \/>\n01 Cabo USB para Carregamento.<\/p>\n<\/div>\n<\/div>\n<\/section>\n","protected":false},"excerpt":{"rendered":"<p class=\"item-title__primary \">Massageador De Rosto Vibra A Prova D\u00b4\u00e1gua Limpeza Facial<\/p>\n","protected":false},"featured_media":3360,"comment_status":"open","ping_status":"closed","template":"","meta":[],"product_brand":[],"product_cat":[32],"product_tag":[],"class_list":{"0":"post-3359","1":"product","2":"type-product","3":"status-publish","4":"has-post-thumbnail","6":"product_cat-beleza","8":"first","9":"instock","10":"shipping-taxable","11":"purchasable","12":"product-type-simple"},"_links":{"self":[{"href":"https:\/\/rafaacessorios.com.br\/index.php\/wp-json\/wp\/v2\/product\/3359","targetHints":{"allow":["GET"]}}],"collection":[{"href":"https:\/\/rafaacessorios.com.br\/index.php\/wp-json\/wp\/v2\/product"}],"about":[{"href":"https:\/\/rafaacessorios.com.br\/index.php\/wp-json\/wp\/v2\/types\/product"}],"replies":[{"embeddable":true,"href":"https:\/\/rafaacessorios.com.br\/index.php\/wp-json\/wp\/v2\/comments?post=3359"}],"wp:featuredmedia":[{"embeddable":true,"href":"https:\/\/rafaacessorios.com.br\/index.php\/wp-json\/wp\/v2\/media\/3360"}],"wp:attachment":[{"href":"https:\/\/rafaacessorios.com.br\/index.php\/wp-json\/wp\/v2\/media?parent=3359"}],"wp:term":[{"taxonomy":"product_brand","embeddable":true,"href":"https:\/\/rafaacessorios.com.br\/index.php\/wp-json\/wp\/v2\/product_brand?post=3359"},{"taxonomy":"product_cat","embeddable":true,"href":"https:\/\/rafaacessorios.com.br\/index.php\/wp-json\/wp\/v2\/product_cat?post=3359"},{"taxonomy":"product_tag","embeddable":true,"href":"https:\/\/rafaacessorios.com.br\/index.php\/wp-json\/wp\/v2\/product_tag?post=3359"}],"curies":[{"name":"wp","href":"https:\/\/api.w.org\/{rel}","templated":true}]}}