{"id":339,"date":"2019-10-11T13:16:56","date_gmt":"2019-10-11T16:16:56","guid":{"rendered":"http:\/\/rafaacessorios.com.br\/?post_type=product&#038;p=339"},"modified":"2021-11-03T18:09:14","modified_gmt":"2021-11-03T21:09:14","slug":"liquidificador-portatil","status":"publish","type":"product","link":"https:\/\/rafaacessorios.com.br\/index.php\/produto\/liquidificador-portatil\/","title":{"rendered":"Liquidificador Port\u00e1til"},"content":{"rendered":"<p style=\"text-align: left;\">Com o Mini Liquidificador Port\u00e1til voc\u00ea consegue preparar Sucos, Vitaminas, Shakes e muito mais.<br \/>\nA qualquer hora e em qualquer luga!<br \/>\nverdadeiramente port\u00e1til, com bateria recarreg\u00e1vel com autonomia para 10 misturas. Tem sistema de prote\u00e7\u00e3o que n\u00e3o liga sem o copo transparente. Conta com al\u00e7a de silicone para melhor transport\u00e1-lo.<br \/>\nVoc\u00ea mistura e bebe na mesma garrafa. O presente ideal para amigos e para voc\u00ea mesmo, por ser port\u00e1til, permite ser levado para academia, viagens e at\u00e9 mesmo em escrit\u00f3rio.<\/p>\n<p>Instru\u00e7\u00f5es de uso:<\/p>\n<p>Lave as frutas, corte em peda\u00e7os pequenos coloque na garrafa, cerca de 60% do copo ap\u00f3s adi\u00e7\u00e3o do l\u00edquido, de modo que o volume total represente cerca de 80% do copo.<br \/>\nAgite o produto para um melhor funcionamento, e pressione o interruptor, para iniciar o motor, em seguida delicadamente agitar o produto.<br \/>\nPronto! Seu maravilhoso Shake, Suco est\u00e1 pronto para saborear.<\/p>\n<p>Caracter\u00edsticas:<\/p>\n<p>&#8211; Carregamento via USB do computador ou carregador de celular<br \/>\n&#8211; Capacidade: 380ml<br \/>\n&#8211; Voltagem da Bateria: 3.7V \/ 10 &#8211; 12A<br \/>\n&#8211; Liquidificador Bivolt<br \/>\n&#8211; Entrada: USB 2.0<br \/>\n&#8211; Rota\u00e7\u00e3o do motor: 22.000 RPM ( sem carga ) x (com carga) 15.000 RPM<br \/>\n&#8211; Capacidade da bateria: 2.000 MAH<br \/>\n&#8211; Tempo de carregamento: 10 \u00e1 12 horas<\/p>\n<p>ITENS INCLUSOS:<\/p>\n<p>1 Liquidificador<br \/>\n1 Cabo USB 2.0<\/p>\n","protected":false},"excerpt":{"rendered":"<header class=\"item-title\" data-js-item-title=\"\">\n<p class=\"item-title__primary \">Mini Liquidificador Port\u00e1til Shake Take Juice Cup Recarregav<\/p>\n<\/header>\n","protected":false},"featured_media":341,"comment_status":"open","ping_status":"closed","template":"","meta":[],"product_brand":[],"product_cat":[31],"product_tag":[],"class_list":{"0":"post-339","1":"product","2":"type-product","3":"status-publish","4":"has-post-thumbnail","6":"product_cat-utensilios","8":"first","9":"instock","10":"shipping-taxable","11":"purchasable","12":"product-type-simple"},"_links":{"self":[{"href":"https:\/\/rafaacessorios.com.br\/index.php\/wp-json\/wp\/v2\/product\/339","targetHints":{"allow":["GET"]}}],"collection":[{"href":"https:\/\/rafaacessorios.com.br\/index.php\/wp-json\/wp\/v2\/product"}],"about":[{"href":"https:\/\/rafaacessorios.com.br\/index.php\/wp-json\/wp\/v2\/types\/product"}],"replies":[{"embeddable":true,"href":"https:\/\/rafaacessorios.com.br\/index.php\/wp-json\/wp\/v2\/comments?post=339"}],"wp:featuredmedia":[{"embeddable":true,"href":"https:\/\/rafaacessorios.com.br\/index.php\/wp-json\/wp\/v2\/media\/341"}],"wp:attachment":[{"href":"https:\/\/rafaacessorios.com.br\/index.php\/wp-json\/wp\/v2\/media?parent=339"}],"wp:term":[{"taxonomy":"product_brand","embeddable":true,"href":"https:\/\/rafaacessorios.com.br\/index.php\/wp-json\/wp\/v2\/product_brand?post=339"},{"taxonomy":"product_cat","embeddable":true,"href":"https:\/\/rafaacessorios.com.br\/index.php\/wp-json\/wp\/v2\/product_cat?post=339"},{"taxonomy":"product_tag","embeddable":true,"href":"https:\/\/rafaacessorios.com.br\/index.php\/wp-json\/wp\/v2\/product_tag?post=339"}],"curies":[{"name":"wp","href":"https:\/\/api.w.org\/{rel}","templated":true}]}}