{"id":3921,"date":"2020-08-12T23:04:39","date_gmt":"2020-08-13T02:04:39","guid":{"rendered":"http:\/\/rafaacessorios.com.br\/?post_type=product&#038;p=3921"},"modified":"2023-09-21T19:32:23","modified_gmt":"2023-09-21T22:32:23","slug":"som-automotivo-copia","status":"publish","type":"product","link":"https:\/\/rafaacessorios.com.br\/index.php\/produto\/som-automotivo-copia\/","title":{"rendered":"Som Automotivo"},"content":{"rendered":"<ol>\n<li>Som automotivo com Bluetooth, r\u00e1dio FM, entrada para pendrive e cart\u00e3o de mem\u00f3ria! Ou\u00e7a suas m\u00fasicas preferidas enquanto dirige, mantenha-se informado ouvindo suas not\u00edcias com a fun\u00e7\u00e3o r\u00e1dio FM e atenda liga\u00e7\u00f5es diretamente no aparelho! Design elegante, com um lindo acabamento e o principal, f\u00e1cil manuseio!<br \/>\nAparelho UNIVERSAL. Compat\u00edvel com QUALQUER carro.<br \/>\nControle remoto incluso, tenha acesso \u00e0 todas as fun\u00e7\u00f5es sempre em sua m\u00e3o.<\/li>\n<\/ol>\n<p>ESPECIFICA\u00c7\u00d5ES:<\/p>\n<p>Modelo: ZDS26249A<br \/>\nFrente Fixa<br \/>\nPot\u00eancia: 100W (25W RMS x 4)<br \/>\nControle Remoto<br \/>\nAlimenta\u00e7\u00e3o: DC 12V<br \/>\nDisplay LCD<br \/>\nEntrada USB para pendrive<br \/>\nEntrada Auxiliar P2<br \/>\nLeitor de cart\u00e3o de mem\u00f3riaMem\u00f3ria SD<br \/>\nR\u00e1dio: FM<br \/>\nFormatos de \u00e1udio: MP3 e WMA<br \/>\nConex\u00e3o Bluetooth<br \/>\nMicrofone integrado<br \/>\nM\u00fasica do Smartphone<br \/>\n1 Sa\u00edda RCA<br \/>\nEqualizador Programado<br \/>\nSintonia autom\u00e1tica FM<\/p>\n<p>Dimens\u00f5es: 19 x 5 x 10,5cm (L x A x P)<br \/>\nPeso: 420g<\/p>\n<p>ITENS INCLUSOS:<\/p>\n<p>Aparelho de som automotivo<br \/>\nControle remoto<br \/>\nChicote para a instala\u00e7\u00e3o<br \/>\nChave para remo\u00e7\u00e3o<\/p>\n","protected":false},"excerpt":{"rendered":"<header class=\"item-title\" data-js-item-title=\"\">\n<p class=\"item-title__primary \">Auto Radio Automotivo Bluetooth Mp3 Player Usb Sd Som Carro<\/p>\n<\/header>\n","protected":false},"featured_media":497,"comment_status":"open","ping_status":"closed","template":"","meta":[],"product_brand":[],"product_cat":[33],"product_tag":[],"class_list":{"0":"post-3921","1":"product","2":"type-product","3":"status-publish","4":"has-post-thumbnail","6":"product_cat-automobilistico","8":"first","9":"instock","10":"sale","11":"shipping-taxable","12":"purchasable","13":"product-type-simple"},"_links":{"self":[{"href":"https:\/\/rafaacessorios.com.br\/index.php\/wp-json\/wp\/v2\/product\/3921","targetHints":{"allow":["GET"]}}],"collection":[{"href":"https:\/\/rafaacessorios.com.br\/index.php\/wp-json\/wp\/v2\/product"}],"about":[{"href":"https:\/\/rafaacessorios.com.br\/index.php\/wp-json\/wp\/v2\/types\/product"}],"replies":[{"embeddable":true,"href":"https:\/\/rafaacessorios.com.br\/index.php\/wp-json\/wp\/v2\/comments?post=3921"}],"wp:featuredmedia":[{"embeddable":true,"href":"https:\/\/rafaacessorios.com.br\/index.php\/wp-json\/wp\/v2\/media\/497"}],"wp:attachment":[{"href":"https:\/\/rafaacessorios.com.br\/index.php\/wp-json\/wp\/v2\/media?parent=3921"}],"wp:term":[{"taxonomy":"product_brand","embeddable":true,"href":"https:\/\/rafaacessorios.com.br\/index.php\/wp-json\/wp\/v2\/product_brand?post=3921"},{"taxonomy":"product_cat","embeddable":true,"href":"https:\/\/rafaacessorios.com.br\/index.php\/wp-json\/wp\/v2\/product_cat?post=3921"},{"taxonomy":"product_tag","embeddable":true,"href":"https:\/\/rafaacessorios.com.br\/index.php\/wp-json\/wp\/v2\/product_tag?post=3921"}],"curies":[{"name":"wp","href":"https:\/\/api.w.org\/{rel}","templated":true}]}}