{"id":3925,"date":"2020-08-27T22:41:18","date_gmt":"2020-08-28T01:41:18","guid":{"rendered":"http:\/\/rafaacessorios.com.br\/?post_type=product&#038;p=3925"},"modified":"2020-08-27T22:41:18","modified_gmt":"2020-08-28T01:41:18","slug":"fogao-eletrico","status":"publish","type":"product","link":"https:\/\/rafaacessorios.com.br\/index.php\/produto\/fogao-eletrico\/","title":{"rendered":"Fog\u00e3o El\u00e9trico"},"content":{"rendered":"<section class=\"ui-view-more vip-section-specs main-section\">\n<div class=\"specs-wrapper\">\n<section class=\"specs-container    specs-primary-specs specs-layout-default u-clearfix\">\n<ul class=\"specs-list specs-list-primary specs-structure-medium\">\n<li class=\"specs-item specs-item-primary\"><strong>Marca: <\/strong>Fogareiro<\/li>\n<\/ul>\n<\/section>\n<section class=\"specs-container    specs-secondary-specs specs-layout-default u-clearfix\">\n<ul class=\"specs-list specs-list-secondary specs-structure-xlarge\">\n<li class=\"specs-item specs-item-secondary\"><strong>Tipos de eletrodom\u00e9sticos compat\u00edveis:<\/strong>\u00a0Fogareiro<\/li>\n<li class=\"specs-item specs-item-secondary\"><strong>Marcas compat\u00edveis:<\/strong>\u00a0Fogareiro<\/li>\n<li class=\"specs-item specs-item-secondary\"><strong>Modelos compat\u00edveis:<\/strong>\u00a0Fogareiro el\u00e9trico<\/li>\n<\/ul>\n<\/section>\n<\/div>\n<\/section>\n<section class=\"main-section item-description \">\n<h2 class=\"main-section__title item-description__title\"><\/h2>\n<div id=\"description-includes\" class=\"item-description__content \">\n<div class=\"item-description__text\">\n<p>Fogareiro el\u00e9trico de 1 boca, utilizado como fog\u00e3o\/aquecedor em viagens ou camping. \u00c9 super seguro e pr\u00e1tico. Ideal para preparar refei\u00e7\u00f5es.<br \/>\nPossui base em alum\u00ednio com cabos em baquelite e resist\u00eancia isolada por cer\u00e2mica refrat\u00e1ria.<br \/>\nCabo de alimenta\u00e7\u00e3o em HPN, material que suporta at\u00e9 105\u00baC conforme norma NBR14633.<br \/>\nPossui excelente utilidade na cozinha.<\/p>\n<p>Caracter\u00edsticas:<\/p>\n<p>&#8211; Pot\u00eancia: 500W<br \/>\n&#8211; Di\u00e2metro: 28cm<br \/>\n&#8211; Cabo de alimenta\u00e7\u00e3o conforme norma NBR14633.<br \/>\n&#8211; Super seguro pois n\u00e3o tem chama<br \/>\n&#8211; Leve e pr\u00e1tico para carregar<br \/>\n&#8211; N\u00e3o necessita trocar\/utilizar refil<br \/>\n&#8211; Feito em alum\u00ednio para n\u00e3o oxidar<\/p>\n<\/div>\n<\/div>\n<\/section>\n","protected":false},"excerpt":{"rendered":"<p class=\"item-title__primary \">Fog\u00e3o El\u00e9trico 1 Boca Narguile<\/p>\n","protected":false},"featured_media":3926,"comment_status":"open","ping_status":"closed","template":"","meta":[],"product_brand":[],"product_cat":[31],"product_tag":[],"class_list":{"0":"post-3925","1":"product","2":"type-product","3":"status-publish","4":"has-post-thumbnail","6":"product_cat-utensilios","8":"first","9":"instock","10":"shipping-taxable","11":"purchasable","12":"product-type-simple"},"_links":{"self":[{"href":"https:\/\/rafaacessorios.com.br\/index.php\/wp-json\/wp\/v2\/product\/3925","targetHints":{"allow":["GET"]}}],"collection":[{"href":"https:\/\/rafaacessorios.com.br\/index.php\/wp-json\/wp\/v2\/product"}],"about":[{"href":"https:\/\/rafaacessorios.com.br\/index.php\/wp-json\/wp\/v2\/types\/product"}],"replies":[{"embeddable":true,"href":"https:\/\/rafaacessorios.com.br\/index.php\/wp-json\/wp\/v2\/comments?post=3925"}],"wp:featuredmedia":[{"embeddable":true,"href":"https:\/\/rafaacessorios.com.br\/index.php\/wp-json\/wp\/v2\/media\/3926"}],"wp:attachment":[{"href":"https:\/\/rafaacessorios.com.br\/index.php\/wp-json\/wp\/v2\/media?parent=3925"}],"wp:term":[{"taxonomy":"product_brand","embeddable":true,"href":"https:\/\/rafaacessorios.com.br\/index.php\/wp-json\/wp\/v2\/product_brand?post=3925"},{"taxonomy":"product_cat","embeddable":true,"href":"https:\/\/rafaacessorios.com.br\/index.php\/wp-json\/wp\/v2\/product_cat?post=3925"},{"taxonomy":"product_tag","embeddable":true,"href":"https:\/\/rafaacessorios.com.br\/index.php\/wp-json\/wp\/v2\/product_tag?post=3925"}],"curies":[{"name":"wp","href":"https:\/\/api.w.org\/{rel}","templated":true}]}}