{"id":393,"date":"2019-10-15T22:18:18","date_gmt":"2019-10-16T01:18:18","guid":{"rendered":"http:\/\/rafaacessorios.com.br\/?post_type=product&#038;p=393"},"modified":"2024-07-14T11:31:19","modified_gmt":"2024-07-14T14:31:19","slug":"prancha-titanium","status":"publish","type":"product","link":"https:\/\/rafaacessorios.com.br\/index.php\/produto\/prancha-titanium\/","title":{"rendered":"Prancha Titanium"},"content":{"rendered":"<p style=\"text-align: left\">Alisa o cabelo at\u00e9 40% mais r\u00e1pido do que as convencionais.<br \/>\n&#8211; Tit\u00e2nio: Proporciona condutividade t\u00e9rmica superior, excepcionalmente resistente, t\u00e3o forte quanto a\u00e7o mais com apenas 60% da sua densidade, possui superf\u00edcie super lisa.<br \/>\n&#8211; Permite um deslizar macio proporcionando resultados brilhantes, sedosos e macios.<br \/>\n&#8211; Oferece alisamento excepcional e resultado em menos tempo.<br \/>\n&#8211; Calor infravermelho &#8211; penetra nos fios de dentro para fora sem danificar os cabelos.<br \/>\n&#8211; Tecnologia i\u00f4nica proporciona cabelos mais lisos mantendo a hidrata\u00e7\u00e3o e a umidade natural dos cabelos.<br \/>\n&#8211; Nanotecnologia &#8211; Materias s\u00e3o reduzidos em tamanho e refor\u00e7ando as suas propriedades naturais para m\u00e1xima efici\u00eancia.<br \/>\n&#8211; Placas com design slim para eliminar a fadiga nas m\u00e3os.<br \/>\n&#8211; Gerador i\u00f4nico digital.<br \/>\n&#8211; Regulagem da temperatura at\u00e9 450\u00baF (230\u00baC).<br \/>\n&#8211; Fornece resultados extraordin\u00e1rios.<br \/>\n&#8211; Slim, design ergon\u00f4mico.<br \/>\n&#8211; Cabo de alimenta\u00e7\u00e3o girat\u00f3rio.<br \/>\n&#8211; Possui 30 cm de comprimento de uma extremidade \u00e0 outra e suas placas de aquecimento possuem 11 cm de comprimento por 3 cm de largura.<br \/>\n&#8211; Placas cromados (espelhados)<\/p>\n<p>TECNOLOGIA<\/p>\n<p>ION Tecnnology &#8211; Alta capacidade de produ\u00e7\u00e3o de \u00edons negativos. Proporciona cabelos mais lisos mantendo a hidrata\u00e7\u00e3o e a umidade natural dos cabelos.<br \/>\nInfra Red &#8211; Calor infravermelho &#8211; penetra nos fios de dentro para fora sem danificar os cabelos.<br \/>\nAdvanced Surroud &#8211; Oferece alisamento excepcional e resultados em menos tempo.<br \/>\nQUALIDADE<\/p>\n<p>A Prancha emite \u00edons negativos na sua forma mais ben\u00e9fica para fechar as cut\u00edculas capilares na sua pr\u00f3pria umidade natural, tornando o alisar mais r\u00e1pido, ela proporciona rendimento m\u00e1ximo com calor infravermelho que penetra no cabelo de dentro para fora alisando suavemente sem danificar.<\/p>\n<p>Com a Prancha voc\u00ea encontrar\u00e1 o que h\u00e1 de melhor em tecnologia, combinada com placas mais amplas esta prancha transforma o cabelo mais rebelde em um liso cheio de brilho e sa\u00fade.<\/p>\n<p>A Prancha ir\u00e1 alisar o seu cabelo at\u00e9 40% mais r\u00e1pido, eliminando danos e reduzindo o stress provocado pelo uso cont\u00ednuo de Pranchas, especialmente em cabelos secos ou espessos.<\/p>\n<p>Esta leve Prancha I\u00f4nica Profissional possui um corpo Slim e um visor digital LED para melhor controle da temperatura, que chega at\u00e9 450\u00baF &#8211; (230\u00b0C). Se voc\u00ea \u00e9 um profissional exigente, esta prancha \u00e9 definitivamente para voc\u00ea.<\/p>\n<p>ESPECIFICA\u00c7\u00d5ES<br \/>\n&#8211; Regulagem de temperatura at\u00e9 230\u00baC (450\u00baF)<br \/>\n&#8211; Cabo de Alimenta\u00e7\u00e3o Girat\u00f3ria;<br \/>\n&#8211; Placas de 1 \u00bc Polegadas<\/p>\n<p>ITENS INCLUSO<br \/>\n1x-Chapinha<br \/>\n1x-Caixa transparente para expor na vitrine<br \/>\n1x-Caixa de papel\u00e3o para guardar a chapinha<br \/>\n1x-Manual de instru\u00e7\u00f5es<\/p>\n","protected":false},"excerpt":{"rendered":"<p class=\"item-title__primary \">Prancha De Cabelo Chapinha Nano Titanium 450\u00baf<\/p>\n","protected":false},"featured_media":394,"comment_status":"open","ping_status":"closed","template":"","meta":[],"product_brand":[],"product_cat":[32],"product_tag":[],"class_list":{"0":"post-393","1":"product","2":"type-product","3":"status-publish","4":"has-post-thumbnail","6":"product_cat-beleza","8":"first","9":"instock","10":"sale","11":"shipping-taxable","12":"purchasable","13":"product-type-simple"},"_links":{"self":[{"href":"https:\/\/rafaacessorios.com.br\/index.php\/wp-json\/wp\/v2\/product\/393","targetHints":{"allow":["GET"]}}],"collection":[{"href":"https:\/\/rafaacessorios.com.br\/index.php\/wp-json\/wp\/v2\/product"}],"about":[{"href":"https:\/\/rafaacessorios.com.br\/index.php\/wp-json\/wp\/v2\/types\/product"}],"replies":[{"embeddable":true,"href":"https:\/\/rafaacessorios.com.br\/index.php\/wp-json\/wp\/v2\/comments?post=393"}],"wp:featuredmedia":[{"embeddable":true,"href":"https:\/\/rafaacessorios.com.br\/index.php\/wp-json\/wp\/v2\/media\/394"}],"wp:attachment":[{"href":"https:\/\/rafaacessorios.com.br\/index.php\/wp-json\/wp\/v2\/media?parent=393"}],"wp:term":[{"taxonomy":"product_brand","embeddable":true,"href":"https:\/\/rafaacessorios.com.br\/index.php\/wp-json\/wp\/v2\/product_brand?post=393"},{"taxonomy":"product_cat","embeddable":true,"href":"https:\/\/rafaacessorios.com.br\/index.php\/wp-json\/wp\/v2\/product_cat?post=393"},{"taxonomy":"product_tag","embeddable":true,"href":"https:\/\/rafaacessorios.com.br\/index.php\/wp-json\/wp\/v2\/product_tag?post=393"}],"curies":[{"name":"wp","href":"https:\/\/api.w.org\/{rel}","templated":true}]}}