{"id":3931,"date":"2020-09-04T21:34:37","date_gmt":"2020-09-05T00:34:37","guid":{"rendered":"http:\/\/rafaacessorios.com.br\/?post_type=product&#038;p=3931"},"modified":"2020-09-04T21:34:37","modified_gmt":"2020-09-05T00:34:37","slug":"suporte-tripe","status":"publish","type":"product","link":"https:\/\/rafaacessorios.com.br\/index.php\/produto\/suporte-tripe\/","title":{"rendered":"Suporte Trip\u00e9"},"content":{"rendered":"<p>CARACTER\u00cdSTICAS<br \/>\n&#8211; Produto ultra-leve<br \/>\n&#8211; Flexibilidade completa<br \/>\n&#8211; Carregamento m\u00e1ximo: 1 Kg<br \/>\n&#8211; Medidas:<br \/>\n17cm Comprimento<br \/>\n25cm Abertura<\/p>\n<p>INFORMA\u00c7\u00d5ES T\u00c9CNICAS<br \/>\n&#8211; Alta flexibilidade;<br \/>\n&#8211; Feito em pl\u00e1stico r\u00edgido;<br \/>\n&#8211; P\u00e9s de liga\u00e7\u00e3o com almofadas;<br \/>\n&#8211; Parafusos de fixa\u00e7\u00e3o universal, compat\u00edvel com a maioria dos tamanhos de c\u00e2meras atuais;<br \/>\n&#8211; Permite ser para n\u00edvel em superf\u00edcies irregulares;<br \/>\n&#8211; Compat\u00edvel com smartphone (suporte inclu\u00eddo);<br \/>\n&#8211; Cada perna possu\u00ed oito bolas e soquete de articula\u00e7\u00f5es, chegando a at\u00e9 360\u00b0 de rota\u00e7\u00e3o;<br \/>\n&#8211; Possu\u00ed an\u00e9is emborrachados em cada soquete, proporciona mais ader\u00eancia quando preso em superf\u00edcies lisas.<\/p>\n","protected":false},"excerpt":{"rendered":"<p class=\"ui-pdp-title\">Mini Suporte Tripe De Mesa Escalavel Para Celular Gira- 360\u00ba<\/p>\n","protected":false},"featured_media":3932,"comment_status":"open","ping_status":"closed","template":"","meta":[],"product_brand":[],"product_cat":[31],"product_tag":[],"class_list":{"0":"post-3931","1":"product","2":"type-product","3":"status-publish","4":"has-post-thumbnail","6":"product_cat-utensilios","8":"first","9":"instock","10":"shipping-taxable","11":"purchasable","12":"product-type-simple"},"_links":{"self":[{"href":"https:\/\/rafaacessorios.com.br\/index.php\/wp-json\/wp\/v2\/product\/3931","targetHints":{"allow":["GET"]}}],"collection":[{"href":"https:\/\/rafaacessorios.com.br\/index.php\/wp-json\/wp\/v2\/product"}],"about":[{"href":"https:\/\/rafaacessorios.com.br\/index.php\/wp-json\/wp\/v2\/types\/product"}],"replies":[{"embeddable":true,"href":"https:\/\/rafaacessorios.com.br\/index.php\/wp-json\/wp\/v2\/comments?post=3931"}],"wp:featuredmedia":[{"embeddable":true,"href":"https:\/\/rafaacessorios.com.br\/index.php\/wp-json\/wp\/v2\/media\/3932"}],"wp:attachment":[{"href":"https:\/\/rafaacessorios.com.br\/index.php\/wp-json\/wp\/v2\/media?parent=3931"}],"wp:term":[{"taxonomy":"product_brand","embeddable":true,"href":"https:\/\/rafaacessorios.com.br\/index.php\/wp-json\/wp\/v2\/product_brand?post=3931"},{"taxonomy":"product_cat","embeddable":true,"href":"https:\/\/rafaacessorios.com.br\/index.php\/wp-json\/wp\/v2\/product_cat?post=3931"},{"taxonomy":"product_tag","embeddable":true,"href":"https:\/\/rafaacessorios.com.br\/index.php\/wp-json\/wp\/v2\/product_tag?post=3931"}],"curies":[{"name":"wp","href":"https:\/\/api.w.org\/{rel}","templated":true}]}}