{"id":3936,"date":"2020-09-04T22:07:11","date_gmt":"2020-09-05T01:07:11","guid":{"rendered":"http:\/\/rafaacessorios.com.br\/?post_type=product&#038;p=3936"},"modified":"2020-09-04T22:07:11","modified_gmt":"2020-09-05T01:07:11","slug":"churrasqueira-eletrica","status":"publish","type":"product","link":"https:\/\/rafaacessorios.com.br\/index.php\/produto\/churrasqueira-eletrica\/","title":{"rendered":"Churrasqueira El\u00e9trica"},"content":{"rendered":"<p>Seus churrascos com a fam\u00edlia e amigos ficar\u00e3o ainda mais saborosos e agrad\u00e1veis, com a churrasqueira el\u00e9trica da Anurb. Possui estrutura em a\u00e7o inox escovado, exclusivo sistema de grelha remov\u00edvel para facilitar a limpeza, al\u00e7as e p\u00e9s de pl\u00e1sticos, permitindo que a mesma seja utilizada para servir diretamente a mesa. As al\u00e7as pl\u00e1sticas s\u00e3o excelente para transportar o produto, al\u00e9m de suportar altas temperaturas. Acompanha esp\u00e1tula exclusiva para limpeza da grelha de excelente qualidade, pr\u00e1tica, moderna e totalmente funcional. Esta churrasqueira preserva o verdadeiro sabor do churrasco, ideal para apartamentos e ambientes fechados. Alimentos 100% saud\u00e1veis!<\/p>\n","protected":false},"excerpt":{"rendered":"<p>Churrasqueira El\u00e9trica Anurb Petit Grill Plus &#8211; com Grelha<\/p>\n","protected":false},"featured_media":3937,"comment_status":"open","ping_status":"closed","template":"","meta":[],"product_brand":[],"product_cat":[48],"product_tag":[],"class_list":{"0":"post-3936","1":"product","2":"type-product","3":"status-publish","4":"has-post-thumbnail","6":"product_cat-eletrodomesticos","8":"first","9":"instock","10":"shipping-taxable","11":"purchasable","12":"product-type-simple"},"_links":{"self":[{"href":"https:\/\/rafaacessorios.com.br\/index.php\/wp-json\/wp\/v2\/product\/3936","targetHints":{"allow":["GET"]}}],"collection":[{"href":"https:\/\/rafaacessorios.com.br\/index.php\/wp-json\/wp\/v2\/product"}],"about":[{"href":"https:\/\/rafaacessorios.com.br\/index.php\/wp-json\/wp\/v2\/types\/product"}],"replies":[{"embeddable":true,"href":"https:\/\/rafaacessorios.com.br\/index.php\/wp-json\/wp\/v2\/comments?post=3936"}],"wp:featuredmedia":[{"embeddable":true,"href":"https:\/\/rafaacessorios.com.br\/index.php\/wp-json\/wp\/v2\/media\/3937"}],"wp:attachment":[{"href":"https:\/\/rafaacessorios.com.br\/index.php\/wp-json\/wp\/v2\/media?parent=3936"}],"wp:term":[{"taxonomy":"product_brand","embeddable":true,"href":"https:\/\/rafaacessorios.com.br\/index.php\/wp-json\/wp\/v2\/product_brand?post=3936"},{"taxonomy":"product_cat","embeddable":true,"href":"https:\/\/rafaacessorios.com.br\/index.php\/wp-json\/wp\/v2\/product_cat?post=3936"},{"taxonomy":"product_tag","embeddable":true,"href":"https:\/\/rafaacessorios.com.br\/index.php\/wp-json\/wp\/v2\/product_tag?post=3936"}],"curies":[{"name":"wp","href":"https:\/\/api.w.org\/{rel}","templated":true}]}}