{"id":3960,"date":"2020-11-26T19:28:58","date_gmt":"2020-11-26T22:28:58","guid":{"rendered":"http:\/\/rafaacessorios.com.br\/?post_type=product&#038;p=3960"},"modified":"2020-11-26T19:28:58","modified_gmt":"2020-11-26T22:28:58","slug":"prancha-gama-eleganza","status":"publish","type":"product","link":"https:\/\/rafaacessorios.com.br\/index.php\/produto\/prancha-gama-eleganza\/","title":{"rendered":"Prancha Gama Eleganza"},"content":{"rendered":"","protected":false},"excerpt":{"rendered":"<p class=\"description__product-title\">Chapinha\/Prancha de Cabelo Gama Italy &#8211; Eleganza Infinity One Cer\u00e2mica 220\u00baC<\/p>\n<p>&nbsp;<\/p>\n<p>Em busca do liso perfeito, as mulheres tem aderido cada vez mais ao uso da chapinha, pois ela \u00e9 uma \u00f3tima op\u00e7\u00e3o pra quem quer ter fios lisos sem precisar usar produtos qu\u00edmicos. Al\u00e9m disso, ela pode ser usada em qualquer tipo de cabelo e pode ser usada tamb\u00e9m para modelar e at\u00e9 mesmo fazer cachos. Com a chapinha Eleganza Infinity One da Gama Italy, seus penteados ficar\u00e3o ainda mais f\u00e1ceis e pr\u00e1ticos de serem produzidos. Ela possui chapa e resist\u00eancia de cer\u00e2mica, capaz de alisar os seus cabelos com rapidez e prote\u00e7\u00e3o sem danificar os fios. Tamb\u00e9m conta com revestimento resistente ao calor, para oferecer mais seguran\u00e7a durante o uso e atinge a temperatura m\u00e1xima de 220oC.<\/p>\n","protected":false},"featured_media":3961,"comment_status":"open","ping_status":"closed","template":"","meta":[],"product_brand":[],"product_cat":[32],"product_tag":[],"class_list":{"0":"post-3960","1":"product","2":"type-product","3":"status-publish","4":"has-post-thumbnail","6":"product_cat-beleza","8":"first","9":"instock","10":"shipping-taxable","11":"purchasable","12":"product-type-simple"},"_links":{"self":[{"href":"https:\/\/rafaacessorios.com.br\/index.php\/wp-json\/wp\/v2\/product\/3960","targetHints":{"allow":["GET"]}}],"collection":[{"href":"https:\/\/rafaacessorios.com.br\/index.php\/wp-json\/wp\/v2\/product"}],"about":[{"href":"https:\/\/rafaacessorios.com.br\/index.php\/wp-json\/wp\/v2\/types\/product"}],"replies":[{"embeddable":true,"href":"https:\/\/rafaacessorios.com.br\/index.php\/wp-json\/wp\/v2\/comments?post=3960"}],"wp:featuredmedia":[{"embeddable":true,"href":"https:\/\/rafaacessorios.com.br\/index.php\/wp-json\/wp\/v2\/media\/3961"}],"wp:attachment":[{"href":"https:\/\/rafaacessorios.com.br\/index.php\/wp-json\/wp\/v2\/media?parent=3960"}],"wp:term":[{"taxonomy":"product_brand","embeddable":true,"href":"https:\/\/rafaacessorios.com.br\/index.php\/wp-json\/wp\/v2\/product_brand?post=3960"},{"taxonomy":"product_cat","embeddable":true,"href":"https:\/\/rafaacessorios.com.br\/index.php\/wp-json\/wp\/v2\/product_cat?post=3960"},{"taxonomy":"product_tag","embeddable":true,"href":"https:\/\/rafaacessorios.com.br\/index.php\/wp-json\/wp\/v2\/product_tag?post=3960"}],"curies":[{"name":"wp","href":"https:\/\/api.w.org\/{rel}","templated":true}]}}