{"id":3965,"date":"2020-12-03T17:41:37","date_gmt":"2020-12-03T20:41:37","guid":{"rendered":"http:\/\/rafaacessorios.com.br\/?post_type=product&#038;p=3965"},"modified":"2023-09-21T22:13:15","modified_gmt":"2023-09-22T01:13:15","slug":"rastreador-gt-02","status":"publish","type":"product","link":"https:\/\/rafaacessorios.com.br\/index.php\/produto\/rastreador-gt-02\/","title":{"rendered":"Rastreador GT 02"},"content":{"rendered":"<p class=\"ui-pdp-description__content\">&#8211; O PRODUTO \u00c9 SOMENTE LOCALIZADOR\/RASTREADOR, ELE N\u00c3O BLOQUEIA!!!<\/p>\n<p>&#8212; CARACTER\u00cdSTICAS DO PRODUTO &#8212;<\/p>\n<p>Este tracker \u00e9 um multi-funcional de posicionamento por sat\u00e9lite GPS tracker dispositivo que pode ser aplicado a autom\u00f3veis, carros el\u00e9ctricos, ve\u00edculos especiais, motocicletas e outros ve\u00edculos. amplo escopo de energia a partir de 9 V a 24 V pode ser utilizado para instalar. este produto \u00e9 pequeno-tamanho e f\u00e1cil de transportar, alta sensibilidade GPS e GSM m\u00f3dulo embutido, para fazer o monitoramento em realidade atrav\u00e9s do envio de mensagens ou GPRS transmitir a posi\u00e7\u00e3o de monitoramento para plataforma monitorados ou telefone celular. s\u00f3 se voc\u00ea abrir o site da plataforma monitorada voc\u00ea pode monitorar o alvo, n\u00e3o h\u00e1 necessidade de instalar qualquer outro software. a posi\u00e7\u00e3o pode ser monitorado e pista vai ser armazenados automaticamente online em tempo real, sem qualquer interfer\u00eancia manual.<\/p>\n<p>&#8212; INFORMA\u00c7\u00d5ES T\u00c9CNICAS &#8212;<\/p>\n<p>GT02 GPS\/GPRS\/GSM Rastreador GPS Do Carro<br \/>\napoio Google map link, n\u00e3o h\u00e1 necessidade de registro de plataforma<br \/>\ntens\u00e3o: (12-36 V)<br \/>\na principal fun\u00e7\u00e3o:<br \/>\nReal-time tracking de mensagens de texto de telefone celular<br \/>\nalarme de movimento\/excesso de velocidade alarme<br \/>\ncerca eletr\u00f4nica<br \/>\nfun\u00e7\u00e3o de detec\u00e7\u00e3o de ACC<\/p>\n<p>&#8212; ITENS INCLUSOS &#8212;<\/p>\n<p>&#8211; Produto n\u00e3o acompanha caixa<br \/>\n1- Rastreador<br \/>\n1- Chicote<br \/>\n1- Manual<\/p>\n","protected":false},"excerpt":{"rendered":"<p class=\"ui-pdp-title\">Rastreador Localizador Veicular Gt02 Accurate Orange Meuway<\/p>\n","protected":false},"featured_media":3966,"comment_status":"open","ping_status":"closed","template":"","meta":[],"product_brand":[],"product_cat":[33],"product_tag":[],"class_list":{"0":"post-3965","1":"product","2":"type-product","3":"status-publish","4":"has-post-thumbnail","6":"product_cat-automobilistico","8":"first","9":"instock","10":"shipping-taxable","11":"purchasable","12":"product-type-simple"},"_links":{"self":[{"href":"https:\/\/rafaacessorios.com.br\/index.php\/wp-json\/wp\/v2\/product\/3965","targetHints":{"allow":["GET"]}}],"collection":[{"href":"https:\/\/rafaacessorios.com.br\/index.php\/wp-json\/wp\/v2\/product"}],"about":[{"href":"https:\/\/rafaacessorios.com.br\/index.php\/wp-json\/wp\/v2\/types\/product"}],"replies":[{"embeddable":true,"href":"https:\/\/rafaacessorios.com.br\/index.php\/wp-json\/wp\/v2\/comments?post=3965"}],"wp:featuredmedia":[{"embeddable":true,"href":"https:\/\/rafaacessorios.com.br\/index.php\/wp-json\/wp\/v2\/media\/3966"}],"wp:attachment":[{"href":"https:\/\/rafaacessorios.com.br\/index.php\/wp-json\/wp\/v2\/media?parent=3965"}],"wp:term":[{"taxonomy":"product_brand","embeddable":true,"href":"https:\/\/rafaacessorios.com.br\/index.php\/wp-json\/wp\/v2\/product_brand?post=3965"},{"taxonomy":"product_cat","embeddable":true,"href":"https:\/\/rafaacessorios.com.br\/index.php\/wp-json\/wp\/v2\/product_cat?post=3965"},{"taxonomy":"product_tag","embeddable":true,"href":"https:\/\/rafaacessorios.com.br\/index.php\/wp-json\/wp\/v2\/product_tag?post=3965"}],"curies":[{"name":"wp","href":"https:\/\/api.w.org\/{rel}","templated":true}]}}