{"id":3969,"date":"2020-12-03T18:10:46","date_gmt":"2020-12-03T21:10:46","guid":{"rendered":"http:\/\/rafaacessorios.com.br\/?post_type=product&#038;p=3969"},"modified":"2020-12-03T18:10:46","modified_gmt":"2020-12-03T21:10:46","slug":"campainha","status":"publish","type":"product","link":"https:\/\/rafaacessorios.com.br\/index.php\/produto\/campainha\/","title":{"rendered":"Campainha"},"content":{"rendered":"<p>Campainha Sem Fio com alcan\u00e7e de at\u00e9 80mts sem barreira<\/p>\n<p>Muito pr\u00e1tico para quem deseja instalar sozinho, basta colocar o m\u00f3dulo interno em uma tomada, e o m\u00f3dulo externo inserir a pilha que acompanha e fixar com a fita dupla face. Pronto! J\u00e1 est\u00e1 pronto para usar&#8230;<\/p>\n<p>Mais de 30 toques para voce escolher, equipamento de qualidade com som potente para voce n\u00e3o perder nehuma visita.<\/p>\n<p>Ideal para utilizar em residencias, com\u00e9rcios, escrit\u00f3rios, lojas, escolas, empresas etc&#8230;<\/p>\n<p>ITENS INCLUSOS:<br \/>\n1x Campainha Residencial Sem Fio Bivolt Anti Respingos<br \/>\n1x Acionador de Campainha<br \/>\n1x Bateria 23A<\/p>\n<p>ATEN\u00c7\u00c3O! Campainha resistente a respingos de \u00e1gua (N\u00e3o \u00e9 a PROVA D&#8217;\u00c1GUA)<\/p>\n","protected":false},"excerpt":{"rendered":"<p class=\"ui-pdp-title\">Campainha Sem Fio Residencial Bivolt 50mt Potente<\/p>\n","protected":false},"featured_media":3970,"comment_status":"open","ping_status":"closed","template":"","meta":[],"product_brand":[],"product_cat":[16],"product_tag":[],"class_list":{"0":"post-3969","1":"product","2":"type-product","3":"status-publish","4":"has-post-thumbnail","6":"product_cat-eletronicos","8":"first","9":"instock","10":"shipping-taxable","11":"purchasable","12":"product-type-simple"},"_links":{"self":[{"href":"https:\/\/rafaacessorios.com.br\/index.php\/wp-json\/wp\/v2\/product\/3969","targetHints":{"allow":["GET"]}}],"collection":[{"href":"https:\/\/rafaacessorios.com.br\/index.php\/wp-json\/wp\/v2\/product"}],"about":[{"href":"https:\/\/rafaacessorios.com.br\/index.php\/wp-json\/wp\/v2\/types\/product"}],"replies":[{"embeddable":true,"href":"https:\/\/rafaacessorios.com.br\/index.php\/wp-json\/wp\/v2\/comments?post=3969"}],"wp:featuredmedia":[{"embeddable":true,"href":"https:\/\/rafaacessorios.com.br\/index.php\/wp-json\/wp\/v2\/media\/3970"}],"wp:attachment":[{"href":"https:\/\/rafaacessorios.com.br\/index.php\/wp-json\/wp\/v2\/media?parent=3969"}],"wp:term":[{"taxonomy":"product_brand","embeddable":true,"href":"https:\/\/rafaacessorios.com.br\/index.php\/wp-json\/wp\/v2\/product_brand?post=3969"},{"taxonomy":"product_cat","embeddable":true,"href":"https:\/\/rafaacessorios.com.br\/index.php\/wp-json\/wp\/v2\/product_cat?post=3969"},{"taxonomy":"product_tag","embeddable":true,"href":"https:\/\/rafaacessorios.com.br\/index.php\/wp-json\/wp\/v2\/product_tag?post=3969"}],"curies":[{"name":"wp","href":"https:\/\/api.w.org\/{rel}","templated":true}]}}