{"id":3991,"date":"2020-12-29T12:50:36","date_gmt":"2020-12-29T15:50:36","guid":{"rendered":"http:\/\/rafaacessorios.com.br\/?post_type=product&#038;p=3991"},"modified":"2020-12-29T12:50:39","modified_gmt":"2020-12-29T15:50:39","slug":"suporte-de-celular-para-moto","status":"publish","type":"product","link":"https:\/\/rafaacessorios.com.br\/index.php\/produto\/suporte-de-celular-para-moto\/","title":{"rendered":"Suporte de Celular para Moto"},"content":{"rendered":"<p>Agora \u00e9 poss\u00edvel ir para onde quiser sem se perder, tra\u00e7ar os melhores caminhos em sua moto ou bicicleta com mais seguran\u00e7a. Suporte totalmente ajust\u00e1vel para ser utilizado tanto na vertical como na horizontal pois possui rota\u00e7\u00e3o de 360\u00b0.<\/p>\n<p>&nbsp;<\/p>\n<p><strong>Especifica\u00e7\u00f5es<\/strong><\/p>\n<p>&#8211; Comporta aparelhos que possuam largura de 8 a 11cm;<br \/>\n&#8211; Base inferior com apoio retr\u00e1til;<br \/>\n&#8211; Ajust\u00e1vel para bike e moto;<br \/>\n&#8211; Este suporte \u00e9 travado no guid\u00e3o<\/p>\n","protected":false},"excerpt":{"rendered":"<h3 class=\"product-title\">Suporte Universal para Moto e Bike Serve Celular e GPS Lelong LE-024<\/h3>\n","protected":false},"featured_media":3992,"comment_status":"open","ping_status":"closed","template":"","meta":[],"product_brand":[],"product_cat":[44],"product_tag":[],"class_list":{"0":"post-3991","1":"product","2":"type-product","3":"status-publish","4":"has-post-thumbnail","6":"product_cat-esportes","8":"first","9":"instock","10":"shipping-taxable","11":"purchasable","12":"product-type-simple"},"_links":{"self":[{"href":"https:\/\/rafaacessorios.com.br\/index.php\/wp-json\/wp\/v2\/product\/3991","targetHints":{"allow":["GET"]}}],"collection":[{"href":"https:\/\/rafaacessorios.com.br\/index.php\/wp-json\/wp\/v2\/product"}],"about":[{"href":"https:\/\/rafaacessorios.com.br\/index.php\/wp-json\/wp\/v2\/types\/product"}],"replies":[{"embeddable":true,"href":"https:\/\/rafaacessorios.com.br\/index.php\/wp-json\/wp\/v2\/comments?post=3991"}],"wp:featuredmedia":[{"embeddable":true,"href":"https:\/\/rafaacessorios.com.br\/index.php\/wp-json\/wp\/v2\/media\/3992"}],"wp:attachment":[{"href":"https:\/\/rafaacessorios.com.br\/index.php\/wp-json\/wp\/v2\/media?parent=3991"}],"wp:term":[{"taxonomy":"product_brand","embeddable":true,"href":"https:\/\/rafaacessorios.com.br\/index.php\/wp-json\/wp\/v2\/product_brand?post=3991"},{"taxonomy":"product_cat","embeddable":true,"href":"https:\/\/rafaacessorios.com.br\/index.php\/wp-json\/wp\/v2\/product_cat?post=3991"},{"taxonomy":"product_tag","embeddable":true,"href":"https:\/\/rafaacessorios.com.br\/index.php\/wp-json\/wp\/v2\/product_tag?post=3991"}],"curies":[{"name":"wp","href":"https:\/\/api.w.org\/{rel}","templated":true}]}}