{"id":4011,"date":"2021-02-15T20:54:46","date_gmt":"2021-02-15T23:54:46","guid":{"rendered":"http:\/\/rafaacessorios.com.br\/?post_type=product&#038;p=4011"},"modified":"2023-09-01T23:16:45","modified_gmt":"2023-09-02T02:16:45","slug":"pistola-de-pintura","status":"publish","type":"product","link":"https:\/\/rafaacessorios.com.br\/index.php\/produto\/pistola-de-pintura\/","title":{"rendered":"Pistola de Pintura"},"content":{"rendered":"<div id=\"info-section\" class=\"src__WrapperProductInfo-sc-13f3i2j-1 czDBal\">\n<div class=\"src__Description-sc-13f3i2j-3 iTcIrv\">\n<p>Pistola de Pintura Eletrica Pulverizador de tinta Bico Metal, Viscometro e Bico de Inflar<\/p>\n<p>Com a Paint Pro voc\u00ea faz servi\u00e7os de pintura em qualquer parede ou objetos em poucos minutos. Basta abastecer o reservat\u00f3rio com a tinta desejada, aguardar a m\u00e1quina aquecer e pintar de forma pr\u00e1tica, econ\u00f4mica e sem sujeira. Pode ser utilizada com produtos de pintura, dilui\u00e7\u00e3o e limpeza no geral, exceto thinner.<\/p>\n<p>&#8211; Perfeita para paredes, molduras, superf\u00edcies irregulares e muito mais<br \/>\n&#8211; Gatilho com controle do jato de tinta para uma pintura uniforme e sem desperd\u00edcio<br \/>\n&#8211; Economiza at\u00e9 50% de tinta<br \/>\n&#8211; Bico de tripla a\u00e7\u00e3o: Aplica a tinta na vertical, horizontal e circular.<br \/>\n&#8211; \u00c9 leve e acompanha uma al\u00e7a de ombro para deixar suas m\u00e3os livres.<br \/>\n&#8211; F\u00e1cil de transportar e guardar.<\/p>\n<\/div>\n<\/div>\n<div class=\"src__TextWrapper-sc-70o4ee-3 eoVIzh\">\n<h1 class=\"src__Title-sc-70o4ee-5 eONDdh\">ficha t\u00e9cnica<\/h1>\n<\/div>\n<div class=\"src__DeskWrapper-sc-70o4ee-4 kgeEqy\">\n<table class=\"src__SpecsCell-sc-70o4ee-6 gAUMqG\">\n<tbody>\n<tr class=\"src__View-sc-70o4ee-7 XVhZW\">\n<td class=\"src__Text-sc-70o4ee-8 hayRRx\">C\u00f3digo<\/td>\n<td class=\"src__Text-sc-70o4ee-8 hayRRx\">51879288<\/td>\n<\/tr>\n<tr class=\"src__View-sc-70o4ee-7 XVhZW\">\n<td class=\"src__Text-sc-70o4ee-8 hayRRx\">C\u00f3digo de barras<\/td>\n<td class=\"src__Text-sc-70o4ee-8 hayRRx\">7898632332995<\/td>\n<\/tr>\n<tr class=\"src__View-sc-70o4ee-7 XVhZW\">\n<td class=\"src__Text-sc-70o4ee-8 hayRRx\">Voltagem<\/td>\n<td class=\"src__Text-sc-70o4ee-8 hayRRx\">220V<\/td>\n<\/tr>\n<tr class=\"src__View-sc-70o4ee-7 XVhZW\">\n<td class=\"src__Text-sc-70o4ee-8 hayRRx\">Cross docking<\/td>\n<td class=\"src__Text-sc-70o4ee-8 hayRRx\">0<\/td>\n<\/tr>\n<\/tbody>\n<\/table>\n<\/div>\n","protected":false},"excerpt":{"rendered":"<p>Pistola de Pintura Eletrica Pulverizador de Tinta Bico Metal Paint Pro &#8211; 220V<\/p>\n","protected":false},"featured_media":4012,"comment_status":"open","ping_status":"closed","template":"","meta":[],"product_brand":[],"product_cat":[77],"product_tag":[],"class_list":{"0":"post-4011","1":"product","2":"type-product","3":"status-publish","4":"has-post-thumbnail","6":"product_cat-ferramnetas","8":"first","9":"instock","10":"sold-individually","11":"shipping-taxable","12":"purchasable","13":"product-type-simple"},"_links":{"self":[{"href":"https:\/\/rafaacessorios.com.br\/index.php\/wp-json\/wp\/v2\/product\/4011","targetHints":{"allow":["GET"]}}],"collection":[{"href":"https:\/\/rafaacessorios.com.br\/index.php\/wp-json\/wp\/v2\/product"}],"about":[{"href":"https:\/\/rafaacessorios.com.br\/index.php\/wp-json\/wp\/v2\/types\/product"}],"replies":[{"embeddable":true,"href":"https:\/\/rafaacessorios.com.br\/index.php\/wp-json\/wp\/v2\/comments?post=4011"}],"wp:featuredmedia":[{"embeddable":true,"href":"https:\/\/rafaacessorios.com.br\/index.php\/wp-json\/wp\/v2\/media\/4012"}],"wp:attachment":[{"href":"https:\/\/rafaacessorios.com.br\/index.php\/wp-json\/wp\/v2\/media?parent=4011"}],"wp:term":[{"taxonomy":"product_brand","embeddable":true,"href":"https:\/\/rafaacessorios.com.br\/index.php\/wp-json\/wp\/v2\/product_brand?post=4011"},{"taxonomy":"product_cat","embeddable":true,"href":"https:\/\/rafaacessorios.com.br\/index.php\/wp-json\/wp\/v2\/product_cat?post=4011"},{"taxonomy":"product_tag","embeddable":true,"href":"https:\/\/rafaacessorios.com.br\/index.php\/wp-json\/wp\/v2\/product_tag?post=4011"}],"curies":[{"name":"wp","href":"https:\/\/api.w.org\/{rel}","templated":true}]}}