{"id":4017,"date":"2021-03-01T22:05:05","date_gmt":"2021-03-02T01:05:05","guid":{"rendered":"http:\/\/rafaacessorios.com.br\/?post_type=product&#038;p=4017"},"modified":"2023-09-27T18:22:29","modified_gmt":"2023-09-27T21:22:29","slug":"impressora-bluetooth","status":"publish","type":"product","link":"https:\/\/rafaacessorios.com.br\/index.php\/produto\/impressora-bluetooth\/","title":{"rendered":"Impressora Bluetooth"},"content":{"rendered":"<p>M\u00e9todo de impress\u00e3o: linha de impress\u00e3o T\u00e9rmica<br \/>\nvelocidade de impress\u00e3o: 90mm\/sec<br \/>\nconfiabilidade TPH Vida: 100 km<br \/>\nresolu\u00e7\u00e3o: 203 DPI (8dot\/mm)<br \/>\nLargura Do papel: 58mm<br \/>\nDi\u00e2metro do rolo: =40mm<br \/>\nTipo de papel: Papel T\u00e9rmico<br \/>\nfonte de alimenta\u00e7\u00e3o (opcional): baterias recarreg\u00e1veis de l\u00edtio<br \/>\nbateria: bateria De L\u00edtio: 7.4VDC\/2000mA,<br \/>\nmodo de carregamento: DC 9 V\/1.5A<br \/>\nsuporte a fun\u00e7\u00e3o de exibi\u00e7\u00e3o da bateria<br \/>\npar\u00e2metros de impress\u00e3o: suporte para baixar o Logotipo da marca registrada<br \/>\ntamanho dos caracteres:<br \/>\no 384-ponto\/linha<br \/>\na Fonte A: 12*24 pontos, (largura) 1.5*1.5 (alta) mm<br \/>\na Fonte B: 9*17 pontos, 1.1 (largura) * 2.1 (alto) mm<br \/>\nJane\/tradicional: 24*24 pontos, (largura) 3.0*3.0 (alta) mm<br \/>\na impress\u00e3o de caracteres Chineses: Chin\u00eas: Chin\u00eas simplificado 24&#215;24 ponto. suporte 18030 biblioteca de fontes, apoio Taiwan e HONG KONG tradicional (fonte complexo)<br \/>\nANK: caracteres ANK<\/p>\n<p>prolongado tabela de caracteres:<br \/>\nOEM437\/Katakana\/OEM850\/OEM860\/OEM863\/OEM865\/Europa Ocidental\/Grego\/Hebraico\/EastEurope\/Iran\/WPC1252\/OEM866\/OEM852\/OEM858\/IranII\/Latvian\/Arabic\/PT151, 1251\/OEM747\/WPC1257\/Vietnam\/OEM864\/Hebrew\/WPC1255\/Tailand\u00eas<\/p>\n<p>emula\u00e7\u00e3o: ESC\/POS\/comando ESTRELA<br \/>\nInterface: RS232\/USB padr\u00e3o, Bluetooth 2.0\/SPP acordo ou infravermelho\/acordo IRCOMM (opcional).<br \/>\nTemperatura de trabalho:-10-50 graus<br \/>\numidade: 10-90%<\/p>\n<p>Inclu\u00eddo no Pacote:<\/p>\n<p>1 X Impressora T\u00e9rmica Bluetooth Recibo 58mm<\/p>\n<p>1 X Cabo USB<\/p>\n<p>1 X Carregador Bivolt<\/p>\n<p>1 X Bobina 58MM<\/p>\n","protected":false},"excerpt":{"rendered":"<p class=\"ui-pdp-title\">Mini Impressora Bluetooth Portatil 80mm Cupom Pedido Qr Code<\/p>\n","protected":false},"featured_media":4018,"comment_status":"open","ping_status":"closed","template":"","meta":[],"product_brand":[],"product_cat":[34],"product_tag":[],"class_list":{"0":"post-4017","1":"product","2":"type-product","3":"status-publish","4":"has-post-thumbnail","6":"product_cat-informatica","8":"first","9":"instock","10":"sale","11":"shipping-taxable","12":"purchasable","13":"product-type-simple"},"_links":{"self":[{"href":"https:\/\/rafaacessorios.com.br\/index.php\/wp-json\/wp\/v2\/product\/4017","targetHints":{"allow":["GET"]}}],"collection":[{"href":"https:\/\/rafaacessorios.com.br\/index.php\/wp-json\/wp\/v2\/product"}],"about":[{"href":"https:\/\/rafaacessorios.com.br\/index.php\/wp-json\/wp\/v2\/types\/product"}],"replies":[{"embeddable":true,"href":"https:\/\/rafaacessorios.com.br\/index.php\/wp-json\/wp\/v2\/comments?post=4017"}],"wp:featuredmedia":[{"embeddable":true,"href":"https:\/\/rafaacessorios.com.br\/index.php\/wp-json\/wp\/v2\/media\/4018"}],"wp:attachment":[{"href":"https:\/\/rafaacessorios.com.br\/index.php\/wp-json\/wp\/v2\/media?parent=4017"}],"wp:term":[{"taxonomy":"product_brand","embeddable":true,"href":"https:\/\/rafaacessorios.com.br\/index.php\/wp-json\/wp\/v2\/product_brand?post=4017"},{"taxonomy":"product_cat","embeddable":true,"href":"https:\/\/rafaacessorios.com.br\/index.php\/wp-json\/wp\/v2\/product_cat?post=4017"},{"taxonomy":"product_tag","embeddable":true,"href":"https:\/\/rafaacessorios.com.br\/index.php\/wp-json\/wp\/v2\/product_tag?post=4017"}],"curies":[{"name":"wp","href":"https:\/\/api.w.org\/{rel}","templated":true}]}}