{"id":4022,"date":"2021-03-17T12:41:31","date_gmt":"2021-03-17T15:41:31","guid":{"rendered":"http:\/\/rafaacessorios.com.br\/?post_type=product&#038;p=4022"},"modified":"2021-03-17T12:41:32","modified_gmt":"2021-03-17T15:41:32","slug":"secador-3200w","status":"publish","type":"product","link":"https:\/\/rafaacessorios.com.br\/index.php\/produto\/secador-3200w\/","title":{"rendered":"Secador 3200W"},"content":{"rendered":"<div class=\"ui-pdp-container__row ui-pdp-container__row--technical-specifications\">\n<div class=\"ui-pdp-specs\">\n<div class=\"ui-pdp-specs__table\">\n<table class=\"andes-table\">\n<tbody class=\"andes-table__body\">\n<tr class=\"andes-table__row\">\n<th class=\"andes-table__header andes-table__header--left ui-pdp-specs__table__column ui-pdp-specs__table__column-title\">Marca<\/th>\n<td class=\"andes-table__column andes-table__column--left ui-pdp-specs__table__column\"><span class=\"andes-table__column--value\">Anliu<\/span><\/td>\n<\/tr>\n<tr class=\"andes-table__row\">\n<th class=\"andes-table__header andes-table__header--left ui-pdp-specs__table__column ui-pdp-specs__table__column-title\">Modelo<\/th>\n<td class=\"andes-table__column andes-table__column--left ui-pdp-specs__table__column\"><span class=\"andes-table__column--value\">YL-1287<\/span><\/td>\n<\/tr>\n<\/tbody>\n<\/table>\n<\/div>\n<h3 class=\"ui-pdp-specs__subtitle\">Outras caracter\u00edsticas<\/h3>\n<div class=\"ui-pdp-list ui-pdp-specs__list\">\n<ul class=\"ui-pdp-list__wrapper\">\n<li class=\"ui-pdp-list__item\">\n<p class=\"ui-pdp-list__text\"><span class=\"ui-pdp-color--BLACK ui-pdp-size--XSMALL ui-pdp-family--BOLD\">Modelo detalhado<\/span>: YL 1287<\/p>\n<\/li>\n<li class=\"ui-pdp-list__item\">\n<p class=\"ui-pdp-list__text\"><span class=\"ui-pdp-color--BLACK ui-pdp-size--XSMALL ui-pdp-family--BOLD\">Pot\u00eancia<\/span>: 3200 W<\/p>\n<\/li>\n<\/ul>\n<ul class=\"ui-pdp-list__wrapper\">\n<li class=\"ui-pdp-list__item\">\n<p class=\"ui-pdp-list__text\"><span class=\"ui-pdp-color--BLACK ui-pdp-size--XSMALL ui-pdp-family--BOLD\">\u00c9 i\u00f4nico<\/span>: Sim<\/p>\n<\/li>\n<li class=\"ui-pdp-list__item\">\n<p class=\"ui-pdp-list__text\"><span class=\"ui-pdp-color--BLACK ui-pdp-size--XSMALL ui-pdp-family--BOLD\">\u00c9 cer\u00e2mico<\/span>: Sim<\/p>\n<\/li>\n<\/ul>\n<ul class=\"ui-pdp-list__wrapper\">\n<li class=\"ui-pdp-list__item\">\n<p class=\"ui-pdp-list__text\"><span class=\"ui-pdp-color--BLACK ui-pdp-size--XSMALL ui-pdp-family--BOLD\">Com ar frio<\/span>: Sim<\/p>\n<\/li>\n<li class=\"ui-pdp-list__item\">\n<p class=\"ui-pdp-list__text\"><span class=\"ui-pdp-color--BLACK ui-pdp-size--XSMALL ui-pdp-family--BOLD\">Pe\u00e7as do set<\/span>: Secador de cabelo X 1,Bico x1<\/p>\n<\/li>\n<\/ul>\n<ul class=\"ui-pdp-list__wrapper\">\n<li class=\"ui-pdp-list__item\">\n<p class=\"ui-pdp-list__text\"><span class=\"ui-pdp-color--BLACK ui-pdp-size--XSMALL ui-pdp-family--BOLD\">Quantidade de velocidades<\/span>: 3<\/p>\n<\/li>\n<\/ul>\n<\/div>\n<\/div>\n<\/div>\n<div class=\"ui-pdp-container__row ui-pdp-container__row--description\">\n<div class=\"ui-pdp-description\">\n<h2 class=\"ui-pdp-description__title\">Descri\u00e7\u00e3o<\/h2>\n<p class=\"ui-pdp-description__content\">Seque cabelos com praticidade e rapidez com este secador profissional. \u00c9 de f\u00e1cil manuseio e design muito atraente servindo para uso dom\u00e9stico ou profissional.<\/p>\n<p>ESPECIFICA\u00c7\u00d5ES:<br \/>\n&#8211; Marca: Anliu;<br \/>\n&#8211; Modelo: Profissional YL-1287;<br \/>\n&#8211; Voltagem: 220V<br \/>\n&#8211; Cor: Preto;<br \/>\n&#8211; Pot\u00eancia: 3200W;<br \/>\n&#8211; 3 Temperaturas e 2 Velocidades;<br \/>\n&#8211; Design pr\u00e1tico;<br \/>\n&#8211; Super compacto, leve, f\u00e1cil e simples de lidar;<br \/>\n&#8211; Apar\u00eancia atraente e elegante;<br \/>\n&#8211; Equipado com os melhores acess\u00f3rios (motor de desempenho longo);<br \/>\n&#8211; Filtro remov\u00edvel;<br \/>\n&#8211; Excelente fluxo de ar;<br \/>\n&#8211; Feito em pl\u00e1stico ABS black piano super resistente a altas temperaturas;<br \/>\n&#8211; Emite \u00edons positivos e negativos;<br \/>\n&#8211; Permite os melhores resultados de hidrata\u00e7\u00e3o e colora\u00e7\u00e3o (\u00edons positivos) e finaliza com mais brilho (\u00edons positivos);<br \/>\n&#8211; Super moderno e com resultados perfeitos para sal\u00f5es de beleza;<br \/>\n&#8211; Aquece at\u00e9 60\u00b0 constante,<br \/>\n&#8211; Fun\u00e7\u00e3o frio, usado para modelar e manter o estilo do cabelo;<br \/>\n&#8211; Tamanho cabo: 2,20m;<br \/>\n&#8211; Cabo girat\u00f3rio: N\u00e3o;<br \/>\n&#8211; Al\u00e7a para pendurar: Sim;<br \/>\n&#8211; Dimens\u00f5es do produto (AxLxP): 25,5 x 26 x 9cm<br \/>\n&#8211; Dimens\u00f5es da embalagem (AxLxP): 26 x 29,5 x 8,5cm;<br \/>\n&#8211; Peso: 400g;<\/p>\n<p>CONTE\u00daDO DA EMBALAGEM:<br \/>\n&#8211; 01 Secador de cabelo Profissional Anliu 3200W;<br \/>\n&#8211; 01 Bico direcionador de ar;<\/p>\n<\/div>\n<\/div>\n","protected":false},"excerpt":{"rendered":"<p class=\"ui-pdp-title\">Secador De Cabelo Profissional 220v Anliu 3200w Quente Frio<\/p>\n","protected":false},"featured_media":4023,"comment_status":"open","ping_status":"closed","template":"","meta":[],"product_brand":[],"product_cat":[32],"product_tag":[],"class_list":{"0":"post-4022","1":"product","2":"type-product","3":"status-publish","4":"has-post-thumbnail","6":"product_cat-beleza","8":"first","9":"instock","10":"shipping-taxable","11":"purchasable","12":"product-type-simple"},"_links":{"self":[{"href":"https:\/\/rafaacessorios.com.br\/index.php\/wp-json\/wp\/v2\/product\/4022","targetHints":{"allow":["GET"]}}],"collection":[{"href":"https:\/\/rafaacessorios.com.br\/index.php\/wp-json\/wp\/v2\/product"}],"about":[{"href":"https:\/\/rafaacessorios.com.br\/index.php\/wp-json\/wp\/v2\/types\/product"}],"replies":[{"embeddable":true,"href":"https:\/\/rafaacessorios.com.br\/index.php\/wp-json\/wp\/v2\/comments?post=4022"}],"wp:featuredmedia":[{"embeddable":true,"href":"https:\/\/rafaacessorios.com.br\/index.php\/wp-json\/wp\/v2\/media\/4023"}],"wp:attachment":[{"href":"https:\/\/rafaacessorios.com.br\/index.php\/wp-json\/wp\/v2\/media?parent=4022"}],"wp:term":[{"taxonomy":"product_brand","embeddable":true,"href":"https:\/\/rafaacessorios.com.br\/index.php\/wp-json\/wp\/v2\/product_brand?post=4022"},{"taxonomy":"product_cat","embeddable":true,"href":"https:\/\/rafaacessorios.com.br\/index.php\/wp-json\/wp\/v2\/product_cat?post=4022"},{"taxonomy":"product_tag","embeddable":true,"href":"https:\/\/rafaacessorios.com.br\/index.php\/wp-json\/wp\/v2\/product_tag?post=4022"}],"curies":[{"name":"wp","href":"https:\/\/api.w.org\/{rel}","templated":true}]}}