{"id":4026,"date":"2021-03-17T13:07:27","date_gmt":"2021-03-17T16:07:27","guid":{"rendered":"http:\/\/rafaacessorios.com.br\/?post_type=product&#038;p=4026"},"modified":"2021-03-17T13:13:34","modified_gmt":"2021-03-17T16:13:34","slug":"roteador-mercusys","status":"publish","type":"product","link":"https:\/\/rafaacessorios.com.br\/index.php\/produto\/roteador-mercusys\/","title":{"rendered":"Roteador Mercusys"},"content":{"rendered":"<div class=\"ui-pdp-container__row ui-pdp-container__row--highlighted-specs-attrs\">\n<section id=\"highlighted-specs\" class=\"ui-vpp-highlighted-specs pl-45 pr-45\">\n<div class=\"ui-pdp-container__row ui-pdp-container__row--technical-specifications\">\n<div class=\"ui-pdp-collapsable ui-vpp-highlighted-specs__striped-collapsed__action\">\n<div class=\"ui-pdp-collapsable__container\">\n<div class=\"ui-vpp-highlighted-specs__striped-specs\">\n<div class=\"ui-vpp-striped-specs\">\n<div class=\"ui-vpp-striped-specs__table\">Marca: <span class=\"andes-table__column--value\">Mercusys<\/span><\/div>\n<div class=\"ui-vpp-striped-specs__table\">Modelo: <span class=\"andes-table__column--value\">MW301R<\/span><\/div>\n<div class=\"ui-vpp-striped-specs__table\">Unidades por embalagem: <span class=\"andes-table__column--value\">1<\/span><\/div>\n<div class=\"ui-vpp-striped-specs__table\">Fun\u00e7\u00f5es: <span class=\"andes-table__column--value\">Roteador<\/span><\/div>\n<\/div>\n<div><\/div>\n<div>Quantidade total de portas: <span class=\"andes-table__column--value\">3<\/span><\/div>\n<div>Quantidade de portas LAN: <span class=\"andes-table__column--value\">2<\/span><\/div>\n<div>Quantidade de portas WAN: <span class=\"andes-table__column--value\">1<\/span><\/div>\n<div><\/div>\n<\/div>\n<div>Tipo de conex\u00e3o: <span class=\"andes-table__column--value\">Sem fio<\/span><\/div>\n<div>Velocidade: wireless<span class=\"andes-table__column--value\">300 Mbps<\/span><\/div>\n<div>Frequ\u00eancias: <span class=\"andes-table__column--value\">2.4 GHz<\/span><\/div>\n<div>Tipo de freq\u00fc\u00eancia: <span class=\"andes-table__column--value\">Banda \u00fanica<\/span><\/div>\n<div>Padr\u00f5es: wireless<span class=\"andes-table__column--value\">IEEE 802.11b\/g\/n<\/span><\/div>\n<div><\/div>\n<\/div>\n<div>Peso e dimens\u00f5es:\u00a0<span class=\"andes-table__column--value\">26 mm x 114 mm x 94 mm<\/span><\/div>\n<\/div>\n<\/div>\n<\/section>\n<\/div>\n<div class=\"ui-vpp-striped-specs__table\">\n<div class=\"ui-vpp-striped-specs__table\"><\/div>\n<div class=\"ui-vpp-striped-specs__table\"><\/div>\n<\/div>\n<div class=\"ui-pdp-container__row ui-pdp-container__row--highlighted-specs-attrs\">\n<section id=\"highlighted-specs\" class=\"ui-vpp-highlighted-specs pl-45 pr-45\">\n<div class=\"ui-pdp-container__row ui-pdp-container__row--technical-specifications\">\n<div class=\"ui-pdp-collapsable ui-vpp-highlighted-specs__striped-collapsed__action\">\n<div class=\"ui-pdp-collapsable__container\">\n<div class=\"ui-vpp-striped-specs__table\"><\/div>\n<\/div>\n<\/div>\n<\/div>\n<\/section>\n<\/div>\n<div class=\"ui-pdp-container__row ui-pdp-container__row--description\">\n<div class=\"ui-pdp-description\">\n<h2 class=\"ui-pdp-description__title\">Descri\u00e7\u00e3o<\/h2>\n<p class=\"ui-pdp-description__content\">Comunicar, estabelecer redes e enviar informa\u00e7\u00f5es em alta velocidade \u00e9 de vital import\u00e2ncia em nossos dias. Fique sempre on-line e compartilhe com outras pessoas sem dificuldades ou interfer\u00eancia<\/p>\n<p>Navega\u00e7\u00e3o ilimitada<br \/>\nEste roteador sem fio \u00e9 ideal se voc\u00ea precisa conectar equipamentos m\u00f3veis ou port\u00e1teis. Al\u00e9m de dispensar dos cabos, voc\u00ea poder\u00e1 se mover livremente em qualquer lugar do seu ambiente imediato.<\/p>\n<p>Internet em toda parte<br \/>\nCom uma banda de 2.4 Hz, o alcance do sinal ser\u00e1 ideal para que voc\u00ea possa usar seus aparelhos eletr\u00f4nicos em qualquer lugar da sua casa ou escrit\u00f3rio.<\/p>\n<\/div>\n<\/div>\n","protected":false},"excerpt":{"rendered":"<p class=\"ui-pdp-title\">Roteador Mercusys Mw301r Wireless 2 Antenas 300mbps<\/p>\n","protected":false},"featured_media":4027,"comment_status":"open","ping_status":"closed","template":"","meta":[],"product_brand":[],"product_cat":[34],"product_tag":[],"class_list":{"0":"post-4026","1":"product","2":"type-product","3":"status-publish","4":"has-post-thumbnail","6":"product_cat-informatica","8":"first","9":"instock","10":"shipping-taxable","11":"purchasable","12":"product-type-simple"},"_links":{"self":[{"href":"https:\/\/rafaacessorios.com.br\/index.php\/wp-json\/wp\/v2\/product\/4026","targetHints":{"allow":["GET"]}}],"collection":[{"href":"https:\/\/rafaacessorios.com.br\/index.php\/wp-json\/wp\/v2\/product"}],"about":[{"href":"https:\/\/rafaacessorios.com.br\/index.php\/wp-json\/wp\/v2\/types\/product"}],"replies":[{"embeddable":true,"href":"https:\/\/rafaacessorios.com.br\/index.php\/wp-json\/wp\/v2\/comments?post=4026"}],"wp:featuredmedia":[{"embeddable":true,"href":"https:\/\/rafaacessorios.com.br\/index.php\/wp-json\/wp\/v2\/media\/4027"}],"wp:attachment":[{"href":"https:\/\/rafaacessorios.com.br\/index.php\/wp-json\/wp\/v2\/media?parent=4026"}],"wp:term":[{"taxonomy":"product_brand","embeddable":true,"href":"https:\/\/rafaacessorios.com.br\/index.php\/wp-json\/wp\/v2\/product_brand?post=4026"},{"taxonomy":"product_cat","embeddable":true,"href":"https:\/\/rafaacessorios.com.br\/index.php\/wp-json\/wp\/v2\/product_cat?post=4026"},{"taxonomy":"product_tag","embeddable":true,"href":"https:\/\/rafaacessorios.com.br\/index.php\/wp-json\/wp\/v2\/product_tag?post=4026"}],"curies":[{"name":"wp","href":"https:\/\/api.w.org\/{rel}","templated":true}]}}