{"id":4036,"date":"2021-04-14T19:56:32","date_gmt":"2021-04-14T22:56:32","guid":{"rendered":"http:\/\/rafaacessorios.com.br\/?post_type=product&#038;p=4036"},"modified":"2026-02-13T08:55:05","modified_gmt":"2026-02-13T11:55:05","slug":"fita-de-led","status":"publish","type":"product","link":"https:\/\/rafaacessorios.com.br\/index.php\/produto\/fita-de-led\/","title":{"rendered":"Fita de Led"},"content":{"rendered":"<div class=\"ui-pdp-container__row ui-pdp-container__row--technical-specifications\">\n<div class=\"ui-pdp-specs\">\n<h3 class=\"ui-pdp-specs__subtitle\">Outras caracter\u00edsticas<\/h3>\n<div class=\"ui-pdp-list ui-pdp-specs__list\">\n<ul class=\"ui-pdp-list__wrapper\">\n<li class=\"ui-pdp-list__item\">\n<p class=\"ui-pdp-list__text\"><span class=\"ui-pdp-color--BLACK ui-pdp-size--XSMALL ui-pdp-family--BOLD\">Quantidade de LED por metro<\/span>: 60<\/p>\n<\/li>\n<li class=\"ui-pdp-list__item\">\n<p class=\"ui-pdp-list__text\"><span class=\"ui-pdp-color--BLACK ui-pdp-size--XSMALL ui-pdp-family--BOLD\">Inclui fonte de alimenta\u00e7\u00e3o<\/span>: Sim<\/p>\n<\/li>\n<\/ul>\n<ul class=\"ui-pdp-list__wrapper\">\n<li class=\"ui-pdp-list__item\">\n<p class=\"ui-pdp-list__text\"><span class=\"ui-pdp-color--BLACK ui-pdp-size--XSMALL ui-pdp-family--BOLD\">Inclui controlador de cor<\/span>: Sim<\/p>\n<\/li>\n<\/ul>\n<\/div>\n<\/div>\n<\/div>\n<h2 class=\"ui-pdp-description__title\"><\/h2>\n<p>&nbsp;<\/p>\n<div class=\"ui-pdp-container__row ui-pdp-container__row--description\">\n<div class=\"ui-pdp-description\">\n<p class=\"ui-pdp-description__content\">Fita LED RGB 5050 Rolo 5M com Fonte 12V 3A e Controle Remoto<\/p>\n<p>Fita LED RGB 5050 Rolo 5M Com Fonte 12V 3A E Controle Remoto<\/p>\n<p>&#8211; CADA LED MUDA DE COR<\/p>\n<p>&#8211; ACOMPANHA CONTROLADORA (RECEPTOR), CONTROLE REMOTO E FONTE (PRONTA PARA INSTALAR)<\/p>\n<p>&#8211; 15 CORES (N\u00c3O TEM BRANCO)<\/p>\n<p>&#8211; 4 MODOS DE ALTERNAR A COR<\/p>\n<p>&#8211; COM SILICONE<\/p>\n<p>Moderna e vers\u00e1til a Fita Luminosa de Led \u00e9 o item perfeito para quem busca flexibilidade na hora de decorar ambientes e inserir elementos de ilumina\u00e7\u00e3o variados.<\/p>\n<p>A Fita de led luminosa pode ser usada em diversos ambientes, seja na decora\u00e7\u00e3o residencial em gessos, sancas, para evidenciar m\u00f3veis, quadros de fotografias ou eletrodom\u00e9sticos, autom\u00f3veis e at\u00e9 em estabelecimentos comerciais para proporcionar maior visibilidade de produtos e decorar vitrines.<\/p>\n<p>Fita Luminosa de Led: Leve essa tend\u00eancia para o seu espa\u00e7o<\/p>\n<p>A fita led se tornou tend\u00eancia justamente pela praticidade e facilidade de instala\u00e7\u00e3o onde qualquer pessoa pode manuse\u00e1-la para incrementar decora\u00e7\u00f5es e ambientes transformando o visual de c\u00f4modos.<\/p>\n<p>Dispon\u00edvel em diversas cores a fita de led \u00e9 confeccionada em material que lhe permite maior flexibilidade podendo ser ajustada e posicionada em diversos formatos e locais.<\/p>\n<p>Esse equipamento vem acompanhado de fonte para fornecimento de energia e \u00e9 de baixo consumo.<\/p>\n<p>O mais bacana desse tipo de dispositivo \u00e9 que pode ser ligado em baterias 12V como de carro, barcos ou outros aparelhos permitindo ainda maior praticidade e comodidade em seu uso, podendo ser manuseada em locais que n\u00e3o possuem fornecimento direto ou f\u00e1cil acesso a rede el\u00e9trica, como acampamentos por exemplo.<\/p>\n<p>Al\u00e9m de todas essas caracter\u00edsticas incr\u00edveis a fita luminosa possui dupla face facilitando assim sua colagem em paredes e superf\u00edcies diversas e a fita tamb\u00e9m pode ser cortada em partes, a cada 3 leds possui uma marca de corte na fita para facilitar e que poder\u00e3o continuar sendo alimentadas pela mesma fonte de energia, visto que cada fonte pode ligar at\u00e9 5 metros de fita.<\/p>\n<p>Fita Luminosa de Led \u00e9 na KitLed<\/p>\n<p>Colorida ou branca, as fitas luminosa led s\u00e3o a sensa\u00e7\u00e3o em decora\u00e7\u00e3o e aqui na KIT LED voc\u00ea encontrar\u00e1 uma grande variedades de fitas para escolha, confira em nosso Cat\u00e1logo!<\/p>\n<p>Categoria:<\/p>\n<p>Especifica\u00e7\u00f5es t\u00e9cnicas:<\/p>\n<p>Consumo: 14,4 W por metro.<\/p>\n<p>Tens\u00e3o da Fita: 12 Volts<\/p>\n<p>Tens\u00e3o da Fonte: Sa\u00edda: 12 Volts \/ Entrada: Bivolt (100V &#8211; 240V)<\/p>\n<p>Cor da Luz: RGB<\/p>\n<p>Luminosidade: 1330 Lumens por metro, com varia\u00e7\u00e3o de 10%<\/p>\n<p>\u00c2ngulo de ilumina\u00e7\u00e3o: 120<\/p>\n<p>\u00cdndice de prote\u00e7\u00e3o: IP20<\/p>\n<p>Vida \u00fatil: 40.000 horas<\/p>\n<p>Medidas: 1,5cm X 500cm<\/p>\n<p>Peso: 180 Gramas<\/p>\n<p>Itens inclusos: Fita de LED e fonte.<\/p>\n<\/div>\n<\/div>\n","protected":false},"excerpt":{"rendered":"<p class=\"ui-pdp-title\">Fita Led Rgb 5050 Rolo 5m Com Fonte E Controle Para Sanca<\/p>\n","protected":false},"featured_media":4037,"comment_status":"open","ping_status":"closed","template":"","meta":[],"product_brand":[],"product_cat":[16],"product_tag":[],"class_list":{"0":"post-4036","1":"product","2":"type-product","3":"status-publish","4":"has-post-thumbnail","6":"product_cat-eletronicos","8":"first","9":"instock","10":"shipping-taxable","11":"purchasable","12":"product-type-simple"},"_links":{"self":[{"href":"https:\/\/rafaacessorios.com.br\/index.php\/wp-json\/wp\/v2\/product\/4036","targetHints":{"allow":["GET"]}}],"collection":[{"href":"https:\/\/rafaacessorios.com.br\/index.php\/wp-json\/wp\/v2\/product"}],"about":[{"href":"https:\/\/rafaacessorios.com.br\/index.php\/wp-json\/wp\/v2\/types\/product"}],"replies":[{"embeddable":true,"href":"https:\/\/rafaacessorios.com.br\/index.php\/wp-json\/wp\/v2\/comments?post=4036"}],"wp:featuredmedia":[{"embeddable":true,"href":"https:\/\/rafaacessorios.com.br\/index.php\/wp-json\/wp\/v2\/media\/4037"}],"wp:attachment":[{"href":"https:\/\/rafaacessorios.com.br\/index.php\/wp-json\/wp\/v2\/media?parent=4036"}],"wp:term":[{"taxonomy":"product_brand","embeddable":true,"href":"https:\/\/rafaacessorios.com.br\/index.php\/wp-json\/wp\/v2\/product_brand?post=4036"},{"taxonomy":"product_cat","embeddable":true,"href":"https:\/\/rafaacessorios.com.br\/index.php\/wp-json\/wp\/v2\/product_cat?post=4036"},{"taxonomy":"product_tag","embeddable":true,"href":"https:\/\/rafaacessorios.com.br\/index.php\/wp-json\/wp\/v2\/product_tag?post=4036"}],"curies":[{"name":"wp","href":"https:\/\/api.w.org\/{rel}","templated":true}]}}