{"id":4049,"date":"2021-05-24T21:01:38","date_gmt":"2021-05-25T00:01:38","guid":{"rendered":"http:\/\/rafaacessorios.com.br\/?post_type=product&#038;p=4049"},"modified":"2021-05-24T21:01:38","modified_gmt":"2021-05-25T00:01:38","slug":"fogao-eletrico-2-bocas","status":"publish","type":"product","link":"https:\/\/rafaacessorios.com.br\/index.php\/produto\/fogao-eletrico-2-bocas\/","title":{"rendered":"Fog\u00e3o El\u00e9trico 2 Bocas"},"content":{"rendered":"<p>\u00c9 super seguro e pr\u00e1tico. Ideal para preparar refei\u00e7\u00f5es. Possui base em a\u00e7o e resist\u00eancia isolada por cer\u00e2mica refrat\u00e1ria. Cabo de alimenta\u00e7\u00e3o em PP, Possui excelente utilidade na cozinha. Super seguro pois n\u00e3o tem chama &#8211; Leve e pr\u00e1tico para carregar &#8211; N\u00e3o necessita trocar\/utilizar refil.<\/p>\n<p>Caracter\u00edsticas:<br \/>\n&#8211; Potencia 500w<br \/>\n&#8211; Cada boca consumo 10 kW\/h<br \/>\n&#8211; Amperagem: 9,09 A 2 bocas de 220 volts e 18,18 A 2 bocas para 110 volts<br \/>\n&#8211; Chave de liga e desliga por boca.<br \/>\n&#8211; Tamanho 40x20x6cm.<br \/>\n&#8211; Peso: 1,48 kg<\/p>\n<p>Recomenda\u00e7\u00f5es na utiliza\u00e7\u00e3o:<\/p>\n<p>*Produto desenvolvido para uso comercial leve, portanto n\u00e3o conv\u00e9m deix\u00e1-lo ligado por um per\u00edodo superior a 2 horas.<\/p>\n<p>* Sugerimos utilizar vasilhas com fundo reto e tampa, para agilizar o tempo de opera\u00e7\u00e3o e redu\u00e7\u00e3o de energia.<\/p>\n<p>* Nunca mergulhe esse aparelho em \u00e1gua ou outro l\u00edquido, evitando assim acidentes.<\/p>\n<p>* Nunca deixe cair \u00e1gua sobre a resist\u00eancia, pois a mesma poder\u00e1 romper.<br \/>\n* Tempo para ferver 1 litro de agua: at\u00e9 15 minutos.<\/p>\n<p>* Para substituir a resist\u00eancia, basta soltar os 2 parafusos de fixa\u00e7\u00e3o.<\/p>\n","protected":false},"excerpt":{"rendered":"<p class=\"ui-pdp-title\">Fog\u00e3o El\u00e9trico Fogareiro 2 Bocas Camping 220v<\/p>\n","protected":false},"featured_media":4050,"comment_status":"open","ping_status":"closed","template":"","meta":[],"product_brand":[],"product_cat":[48],"product_tag":[79,78],"class_list":{"0":"post-4049","1":"product","2":"type-product","3":"status-publish","4":"has-post-thumbnail","6":"product_cat-eletrodomesticos","7":"product_tag-eletrico","8":"product_tag-fogao","10":"first","11":"instock","12":"shipping-taxable","13":"purchasable","14":"product-type-simple"},"_links":{"self":[{"href":"https:\/\/rafaacessorios.com.br\/index.php\/wp-json\/wp\/v2\/product\/4049","targetHints":{"allow":["GET"]}}],"collection":[{"href":"https:\/\/rafaacessorios.com.br\/index.php\/wp-json\/wp\/v2\/product"}],"about":[{"href":"https:\/\/rafaacessorios.com.br\/index.php\/wp-json\/wp\/v2\/types\/product"}],"replies":[{"embeddable":true,"href":"https:\/\/rafaacessorios.com.br\/index.php\/wp-json\/wp\/v2\/comments?post=4049"}],"wp:featuredmedia":[{"embeddable":true,"href":"https:\/\/rafaacessorios.com.br\/index.php\/wp-json\/wp\/v2\/media\/4050"}],"wp:attachment":[{"href":"https:\/\/rafaacessorios.com.br\/index.php\/wp-json\/wp\/v2\/media?parent=4049"}],"wp:term":[{"taxonomy":"product_brand","embeddable":true,"href":"https:\/\/rafaacessorios.com.br\/index.php\/wp-json\/wp\/v2\/product_brand?post=4049"},{"taxonomy":"product_cat","embeddable":true,"href":"https:\/\/rafaacessorios.com.br\/index.php\/wp-json\/wp\/v2\/product_cat?post=4049"},{"taxonomy":"product_tag","embeddable":true,"href":"https:\/\/rafaacessorios.com.br\/index.php\/wp-json\/wp\/v2\/product_tag?post=4049"}],"curies":[{"name":"wp","href":"https:\/\/api.w.org\/{rel}","templated":true}]}}