{"id":4054,"date":"2021-05-24T21:19:32","date_gmt":"2021-05-25T00:19:32","guid":{"rendered":"http:\/\/rafaacessorios.com.br\/?post_type=product&#038;p=4054"},"modified":"2021-06-04T20:41:49","modified_gmt":"2021-06-04T23:41:49","slug":"lixa-motor-de-unha","status":"publish","type":"product","link":"https:\/\/rafaacessorios.com.br\/index.php\/produto\/lixa-motor-de-unha\/","title":{"rendered":"Lixa Motor de Unha"},"content":{"rendered":"<p>LIXA EL\u00c9TRICA PARA UNHAS DE PORCELANA, GEL OU ACRYGEL<\/p>\n<p>&#8211; Lixadeira el\u00e9trica para unhas, f\u00e1cil de utilizar; com controle de velocidade, pode selecionar o sentido de lixamento (hor\u00e1rio ou anti-hor\u00e1rio), ideal para manicures e pedicures, com este kit voc\u00ea ir\u00e1 ganhar muito tempo e ainda ir\u00e1 oferecer um atendimento de Alto N\u00edvel aos seus clientes. Unhas perfeitas e elegantes!<\/p>\n<p>ESPECIFICA\u00c7\u00d5ES:<br \/>\n&#8211; Alimenta\u00e7\u00e3o Principal: 110 ou 220<br \/>\n&#8211; Alimenta\u00e7\u00e3o Motor: 3 a 12 Volts (sem risco de choque!)<br \/>\n&#8211; Rota\u00e7\u00e3o (Velocidade de Lixamento): 18000 \u00e0 20000 RPM<br \/>\n&#8211; Pot\u00eancia: 12 Watts<br \/>\n&#8211; Espessura (di\u00e2metro) do eixo de encaixe da broca: 2mm.<br \/>\n&#8211; Cor: Cinza<br \/>\n&#8211; Tamanho da embalagem: 25 x 15 x 7cm<\/p>\n<p>ITENS INCLUSOS:<br \/>\n&#8211; 01 x Fonte de Alimenta\u00e7\u00e3o e Controle<br \/>\n&#8211; 01 x Lixadeira (Motor) de Lixamento<br \/>\n&#8211; 01 x Suporte para apoio da lixadeira<br \/>\n&#8211; 06 x Pinos\/Brocas<br \/>\n&#8211; 06 x Discos de Lixamento<br \/>\n&#8211; 01 x Manual<\/p>\n","protected":false},"excerpt":{"rendered":"<p class=\"ui-pdp-title\">Lixadeira Motor Unha El\u00e9trica Profissional Mercedez Oferta<\/p>\n","protected":false},"featured_media":4055,"comment_status":"open","ping_status":"closed","template":"","meta":[],"product_brand":[],"product_cat":[32],"product_tag":[],"class_list":{"0":"post-4054","1":"product","2":"type-product","3":"status-publish","4":"has-post-thumbnail","6":"product_cat-beleza","8":"first","9":"instock","10":"shipping-taxable","11":"purchasable","12":"product-type-simple"},"_links":{"self":[{"href":"https:\/\/rafaacessorios.com.br\/index.php\/wp-json\/wp\/v2\/product\/4054","targetHints":{"allow":["GET"]}}],"collection":[{"href":"https:\/\/rafaacessorios.com.br\/index.php\/wp-json\/wp\/v2\/product"}],"about":[{"href":"https:\/\/rafaacessorios.com.br\/index.php\/wp-json\/wp\/v2\/types\/product"}],"replies":[{"embeddable":true,"href":"https:\/\/rafaacessorios.com.br\/index.php\/wp-json\/wp\/v2\/comments?post=4054"}],"wp:featuredmedia":[{"embeddable":true,"href":"https:\/\/rafaacessorios.com.br\/index.php\/wp-json\/wp\/v2\/media\/4055"}],"wp:attachment":[{"href":"https:\/\/rafaacessorios.com.br\/index.php\/wp-json\/wp\/v2\/media?parent=4054"}],"wp:term":[{"taxonomy":"product_brand","embeddable":true,"href":"https:\/\/rafaacessorios.com.br\/index.php\/wp-json\/wp\/v2\/product_brand?post=4054"},{"taxonomy":"product_cat","embeddable":true,"href":"https:\/\/rafaacessorios.com.br\/index.php\/wp-json\/wp\/v2\/product_cat?post=4054"},{"taxonomy":"product_tag","embeddable":true,"href":"https:\/\/rafaacessorios.com.br\/index.php\/wp-json\/wp\/v2\/product_tag?post=4054"}],"curies":[{"name":"wp","href":"https:\/\/api.w.org\/{rel}","templated":true}]}}