{"id":4059,"date":"2021-06-15T17:56:04","date_gmt":"2021-06-15T20:56:04","guid":{"rendered":"http:\/\/rafaacessorios.com.br\/?post_type=product&#038;p=4059"},"modified":"2021-06-15T17:56:05","modified_gmt":"2021-06-15T20:56:05","slug":"pistola-air-soft","status":"publish","type":"product","link":"https:\/\/rafaacessorios.com.br\/index.php\/produto\/pistola-air-soft\/","title":{"rendered":"Pistola Air soft"},"content":{"rendered":"<p>Esta pistola da Vigor com corpo em pol\u00edmero chega ao mercado para atender a necessidade dos apaixonados do tiro esportivo e que est\u00e3o inciando na modalidade de airsoft buscando um equipamento de boa qualidade e baixo custo para dar seus primeiros tiros.<br \/>\nPistola de Airsoft Vigor VG P226 &#8211; 2124 Spring comcorpo em pol\u00edmerol Cal 6mm Rossi.<br \/>\nA Pistola de Airsoft Vigor chega ao mercado para atender a necessidade dos apaixonados do tiro esportivo e que est\u00e3o inciando na modalidade de airsoft e busca em equipamento de boa qualidade e baixo custo para dar seus primeiros tiros.<br \/>\nA Vigor \u00e9 uma conceituda fabricante de airsofts, iniciou sua produt\u00e7\u00e3o em 1998, e desde ent\u00e3o aumenta anualmente sua gama de produtos de airsofts, sendo especializada em pistolas e rifles de airsoft a pre\u00e7os mais acessiveis dande-lhe \u00f3timo custo benef\u00edcio.<br \/>\nA pistola VG P226 &#8211; 2124 \u00e9 uma pistola com corpo em pol\u00edmero, spring de a\u00e7\u00e3o manual, onde basta puxar o ferrolho para tr\u00e1s e o equipamento estar\u00e1 ponto para uso.<br \/>\nDescritivo T\u00e9cnico:<\/p>\n<p>Marca: Vigor<\/p>\n<p>Importador: Rossi<\/p>\n<p>Modelo: Pistola de Airsoft VG P226 &#8211; 2124.<\/p>\n<p>Calibre: 6mm<\/p>\n<p>A\u00e7\u00e3o: Spring (mola)<\/p>\n<p>Modo de disparo: Repeti\u00e7\u00e3o Manual.<\/p>\n<p>Velocidade: 180 FPS &#8211; 55m\/s com BB\u2019s 0.20g<\/p>\n<p>Capacidade do magazine: 12 BB\u2019s<\/p>\n<p>Tamanho: 19 cm.<\/p>\n<p>Massa de mira: Fixa<\/p>\n<p>Al\u00e7a de mira: Fixa<\/p>\n<p>Material: Pol\u00edmero<\/p>\n<p>Cor: Preto<\/p>\n<p>Hop Up: N\u00e3o Tem.<\/p>\n<p>Trava de seguran\u00e7a: N\u00e3o<\/p>\n<p>Peso do produto: 242g<\/p>\n<p>Ponteira Laranja: Pol\u00edmero.<br \/>\nItens Inclusos:<\/p>\n<p>01 Pistola de Airsoft VG P226 &#8211; 2124 Spring 6.0mm.<\/p>\n","protected":false},"excerpt":{"rendered":"<p class=\"ui-pdp-title\">Pistola De Airsoft Vg P226 Spring 6mm Rossi Vigor<\/p>\n","protected":false},"featured_media":4060,"comment_status":"open","ping_status":"closed","template":"","meta":[],"product_brand":[],"product_cat":[25,44],"product_tag":[],"class_list":{"0":"post-4059","1":"product","2":"type-product","3":"status-publish","4":"has-post-thumbnail","6":"product_cat-brinquedos","7":"product_cat-esportes","9":"first","10":"instock","11":"shipping-taxable","12":"purchasable","13":"product-type-simple"},"_links":{"self":[{"href":"https:\/\/rafaacessorios.com.br\/index.php\/wp-json\/wp\/v2\/product\/4059","targetHints":{"allow":["GET"]}}],"collection":[{"href":"https:\/\/rafaacessorios.com.br\/index.php\/wp-json\/wp\/v2\/product"}],"about":[{"href":"https:\/\/rafaacessorios.com.br\/index.php\/wp-json\/wp\/v2\/types\/product"}],"replies":[{"embeddable":true,"href":"https:\/\/rafaacessorios.com.br\/index.php\/wp-json\/wp\/v2\/comments?post=4059"}],"wp:featuredmedia":[{"embeddable":true,"href":"https:\/\/rafaacessorios.com.br\/index.php\/wp-json\/wp\/v2\/media\/4060"}],"wp:attachment":[{"href":"https:\/\/rafaacessorios.com.br\/index.php\/wp-json\/wp\/v2\/media?parent=4059"}],"wp:term":[{"taxonomy":"product_brand","embeddable":true,"href":"https:\/\/rafaacessorios.com.br\/index.php\/wp-json\/wp\/v2\/product_brand?post=4059"},{"taxonomy":"product_cat","embeddable":true,"href":"https:\/\/rafaacessorios.com.br\/index.php\/wp-json\/wp\/v2\/product_cat?post=4059"},{"taxonomy":"product_tag","embeddable":true,"href":"https:\/\/rafaacessorios.com.br\/index.php\/wp-json\/wp\/v2\/product_tag?post=4059"}],"curies":[{"name":"wp","href":"https:\/\/api.w.org\/{rel}","templated":true}]}}