{"id":4065,"date":"2021-07-15T13:54:44","date_gmt":"2021-07-15T16:54:44","guid":{"rendered":"http:\/\/rafaacessorios.com.br\/?post_type=product&#038;p=4065"},"modified":"2021-07-15T13:54:45","modified_gmt":"2021-07-15T16:54:45","slug":"fone-bluetooth-i-12","status":"publish","type":"product","link":"https:\/\/rafaacessorios.com.br\/index.php\/produto\/fone-bluetooth-i-12\/","title":{"rendered":"Fone Bluetooth i-12"},"content":{"rendered":"<p>Fone De Ouvido Bluetooth i12 Sem Fio TWS<br \/>\nFormato in-ear isola o ru\u00eddo e \u00e9 perfeito para ser usado na rua, no \u00f4nibus ou no escrit\u00f3rio.<\/p>\n<p>Voc\u00ea poder\u00e1 apreciar a m\u00fasica que mais gosta e seus podcasts favoritos quando e onde quiser. S\u00e3o ideais para acompanh\u00e1-lo durante o exerc\u00edcio enquanto voc\u00ea mergulha no melhor som surround.<\/p>\n<p>-Transmiss\u00e3o est\u00e1vel<br \/>\n&#8211; Baixo consumo de energia<br \/>\n&#8211; Fun\u00e7\u00e3o de atendimento de chamadas, Bluetooth, Microfone, Mudan\u00e7a de m\u00fasica.<br \/>\n&#8211; Touch Multifun\u00e7\u00e3o Integrado.<br \/>\n&#8211; Bluetooth Vers\u00e3o 5.0 + EDR (Ap\u00f3s o primeiro pareamento conecta automaticamente ao celular).<br \/>\n&#8211; Dist\u00e2ncia: 10 metros sem barreiras.<br \/>\n&#8211; Tempo de conversa\u00e7\u00e3o: 2-3 horas.<br \/>\n&#8211; Tempo de m\u00fasica: 1-3 horas.<br \/>\n&#8211; Tempo de carregamento dos fones: 30-40 minutos.<\/p>\n<p>Produto Acompanha:<br \/>\n2 Fones (1 lado direito e 1 lado esquerdo)<br \/>\n1 Case de Carregamento<br \/>\n1 Cabo USB<br \/>\n1 Manual do Usu\u00e1rio<\/p>\n","protected":false},"excerpt":{"rendered":"<p class=\"ui-pdp-title\">Fone De Ouvido Bluetooth Sem Fio Touch I12 Tws Android E Ios<\/p>\n","protected":false},"featured_media":4066,"comment_status":"open","ping_status":"closed","template":"","meta":[],"product_brand":[],"product_cat":[20],"product_tag":[],"class_list":{"0":"post-4065","1":"product","2":"type-product","3":"status-publish","4":"has-post-thumbnail","6":"product_cat-musica","8":"first","9":"instock","10":"shipping-taxable","11":"purchasable","12":"product-type-simple"},"_links":{"self":[{"href":"https:\/\/rafaacessorios.com.br\/index.php\/wp-json\/wp\/v2\/product\/4065","targetHints":{"allow":["GET"]}}],"collection":[{"href":"https:\/\/rafaacessorios.com.br\/index.php\/wp-json\/wp\/v2\/product"}],"about":[{"href":"https:\/\/rafaacessorios.com.br\/index.php\/wp-json\/wp\/v2\/types\/product"}],"replies":[{"embeddable":true,"href":"https:\/\/rafaacessorios.com.br\/index.php\/wp-json\/wp\/v2\/comments?post=4065"}],"wp:featuredmedia":[{"embeddable":true,"href":"https:\/\/rafaacessorios.com.br\/index.php\/wp-json\/wp\/v2\/media\/4066"}],"wp:attachment":[{"href":"https:\/\/rafaacessorios.com.br\/index.php\/wp-json\/wp\/v2\/media?parent=4065"}],"wp:term":[{"taxonomy":"product_brand","embeddable":true,"href":"https:\/\/rafaacessorios.com.br\/index.php\/wp-json\/wp\/v2\/product_brand?post=4065"},{"taxonomy":"product_cat","embeddable":true,"href":"https:\/\/rafaacessorios.com.br\/index.php\/wp-json\/wp\/v2\/product_cat?post=4065"},{"taxonomy":"product_tag","embeddable":true,"href":"https:\/\/rafaacessorios.com.br\/index.php\/wp-json\/wp\/v2\/product_tag?post=4065"}],"curies":[{"name":"wp","href":"https:\/\/api.w.org\/{rel}","templated":true}]}}