{"id":4074,"date":"2021-07-15T15:27:04","date_gmt":"2021-07-15T18:27:04","guid":{"rendered":"http:\/\/rafaacessorios.com.br\/?post_type=product&#038;p=4074"},"modified":"2021-07-15T15:27:05","modified_gmt":"2021-07-15T18:27:05","slug":"fone-bluetooth-b-05","status":"publish","type":"product","link":"https:\/\/rafaacessorios.com.br\/index.php\/produto\/fone-bluetooth-b-05\/","title":{"rendered":"Fone Bluetooth B-05"},"content":{"rendered":"<p>Fone Ouvido Headphone Sem Fio Bluetooth Micro Sd Fm P2 B-05<\/p>\n<p>&#8211; Especifica\u00e7\u00f5es:<br \/>\n&#8211; Bateria Interna: 400ma<br \/>\n&#8211; Modelo: B-05<br \/>\n&#8211; Dura\u00e7\u00e3o da Bateria S\u00f3 para Chamadas: De 6 a 8 Horas<br \/>\n&#8211; Dura\u00e7\u00e3o da Bateria S\u00f3 para Musicas: 2 Horas<br \/>\n&#8211; Dist\u00e2ncia Suportada do Bluetooth: At\u00e9 10 metros<br \/>\n&#8211; Tempo de espera: at\u00e9 250 Horas<br \/>\n&#8211; Compatibilidade: Bluetooth\/Suporte a Cart\u00e3o Micro SD\/R\u00e1dio FM Atendimentos de Chamada via Bluetooth\/ Conector para Celulares, PC, TV, Auxiliar P2: 3,5 mm ( P2 )<\/p>\n<p>Itens Inclusos:<br \/>\n1 &#8211; FONE DE OUVIDO<br \/>\n1 &#8211; Cabo USB<\/p>\n","protected":false},"excerpt":{"rendered":"<p class=\"ui-pdp-title\">Fone Ouvido Bluetooth Sem Fio Chamada Micro Sd Fm P2 Mp3 Cel<\/p>\n","protected":false},"featured_media":4075,"comment_status":"open","ping_status":"closed","template":"","meta":[],"product_brand":[],"product_cat":[80],"product_tag":[],"class_list":{"0":"post-4074","1":"product","2":"type-product","3":"status-publish","4":"has-post-thumbnail","6":"product_cat-fones","8":"first","9":"instock","10":"shipping-taxable","11":"purchasable","12":"product-type-simple"},"_links":{"self":[{"href":"https:\/\/rafaacessorios.com.br\/index.php\/wp-json\/wp\/v2\/product\/4074","targetHints":{"allow":["GET"]}}],"collection":[{"href":"https:\/\/rafaacessorios.com.br\/index.php\/wp-json\/wp\/v2\/product"}],"about":[{"href":"https:\/\/rafaacessorios.com.br\/index.php\/wp-json\/wp\/v2\/types\/product"}],"replies":[{"embeddable":true,"href":"https:\/\/rafaacessorios.com.br\/index.php\/wp-json\/wp\/v2\/comments?post=4074"}],"wp:featuredmedia":[{"embeddable":true,"href":"https:\/\/rafaacessorios.com.br\/index.php\/wp-json\/wp\/v2\/media\/4075"}],"wp:attachment":[{"href":"https:\/\/rafaacessorios.com.br\/index.php\/wp-json\/wp\/v2\/media?parent=4074"}],"wp:term":[{"taxonomy":"product_brand","embeddable":true,"href":"https:\/\/rafaacessorios.com.br\/index.php\/wp-json\/wp\/v2\/product_brand?post=4074"},{"taxonomy":"product_cat","embeddable":true,"href":"https:\/\/rafaacessorios.com.br\/index.php\/wp-json\/wp\/v2\/product_cat?post=4074"},{"taxonomy":"product_tag","embeddable":true,"href":"https:\/\/rafaacessorios.com.br\/index.php\/wp-json\/wp\/v2\/product_tag?post=4074"}],"curies":[{"name":"wp","href":"https:\/\/api.w.org\/{rel}","templated":true}]}}