{"id":4078,"date":"2021-07-15T16:23:01","date_gmt":"2021-07-15T19:23:01","guid":{"rendered":"http:\/\/rafaacessorios.com.br\/?post_type=product&#038;p=4078"},"modified":"2023-09-20T19:24:20","modified_gmt":"2023-09-20T22:24:20","slug":"4078","status":"publish","type":"product","link":"https:\/\/rafaacessorios.com.br\/index.php\/produto\/4078\/","title":{"rendered":"Rel\u00f3gio Y68 D20"},"content":{"rendered":"<p>O Rel\u00f3gio Smartwatch D20 \/ Y68 foi desenvolvido para voc\u00ea que \u00e9 atento ao mundo tech e que se veste com estilo.<\/p>\n<p>DISPON\u00cdVEL EM 3 CORES<br \/>\nBRANCO \u2013 PRETO \u2013 ROSE GOLD<br \/>\n#Verifique disponibilidade de cores no estoque antes da compra<\/p>\n<p>Al\u00e9m de ser lindo e ter um designer moderno o D20 \u00e9 cheio de fun\u00e7\u00f5es incr\u00edveis:<br \/>\n&#8211; Troca Watchfaces<br \/>\n&#8211; Exibi\u00e7\u00e3o na tela: Hor\u00e1rio, Data, Passos<br \/>\n&#8211; Modo Esporte<br \/>\n&#8211; Sa\u00fade: Frequ\u00eancia card\u00edaca, Press\u00e3o arterial, Oxig\u00eanio no sangue<br \/>\n&#8211; Notifica\u00e7\u00e3o das Redes Sociais e Liga\u00e7\u00f5es<br \/>\n&#8211; E muito mais&#8230;<br \/>\n************************************************************************<br \/>\nFa\u00e7a o Download do app FITPRO na sua loja de aplicativos (Play Store ou Apple Store) para conectar o Smartwatch ao seu Celular<br \/>\nCompat\u00edvel com Smartphones a partir do Android 4.4 e IOS 9.0<br \/>\n&#8211; Atrav\u00e9s do aplicativo FITPRO voc\u00ea pode encontrar o Rel\u00f3gio Smartwatch caso tenha perdido<br \/>\nE o Rel\u00f3gio Inteligente pode encontrar o Celular<\/p>\n<p>TEMPO DE CARREGAMENTO DA BATERIA: APROXIMADAMENTE 2H<br \/>\n*Carregador N\u00e3o Incluso<br \/>\n*N\u00e3o Utilizar Carregadores Turbo Paralelos \u201cFalsificados\u201d<\/p>\n<p>DURA\u00c7\u00c3O BATERIA<br \/>\nEm Standby: 5 dias<br \/>\nEm atividades: 2 Dias<br \/>\n&#8211; O tempo pode variar de acordo com o modo de uso<br \/>\nPulseira Remov\u00edvel<br \/>\n************************************************************************<br \/>\nRECOMENDA\u00c7\u00d5ES<br \/>\n&#8211; N\u00c3O MERGULHAR COM O REL\u00d3GIO<br \/>\n&#8211; N\u00c3O EXPOR \u00c0 \u00c1GUA DO MAR<br \/>\n&#8211; N\u00c3O EXPOR \u00c0 \u00c1GUA QUENTE<br \/>\n&#8211; N\u00c3O EXPOR \u00c0 PRODUTOS QU\u00cdMICOS<\/p>\n","protected":false},"excerpt":{"rendered":"<p class=\"ui-pdp-title\">Relogio Smartwatch Feminino Y68 D20 Android Ios Varias Cores<\/p>\n","protected":false},"featured_media":4083,"comment_status":"open","ping_status":"closed","template":"","meta":[],"product_brand":[],"product_cat":[35],"product_tag":[],"class_list":{"0":"post-4078","1":"product","2":"type-product","3":"status-publish","4":"has-post-thumbnail","6":"product_cat-relogios","8":"first","9":"instock","10":"sale","11":"shipping-taxable","12":"purchasable","13":"product-type-variable","14":"has-default-attributes"},"_links":{"self":[{"href":"https:\/\/rafaacessorios.com.br\/index.php\/wp-json\/wp\/v2\/product\/4078","targetHints":{"allow":["GET"]}}],"collection":[{"href":"https:\/\/rafaacessorios.com.br\/index.php\/wp-json\/wp\/v2\/product"}],"about":[{"href":"https:\/\/rafaacessorios.com.br\/index.php\/wp-json\/wp\/v2\/types\/product"}],"replies":[{"embeddable":true,"href":"https:\/\/rafaacessorios.com.br\/index.php\/wp-json\/wp\/v2\/comments?post=4078"}],"wp:featuredmedia":[{"embeddable":true,"href":"https:\/\/rafaacessorios.com.br\/index.php\/wp-json\/wp\/v2\/media\/4083"}],"wp:attachment":[{"href":"https:\/\/rafaacessorios.com.br\/index.php\/wp-json\/wp\/v2\/media?parent=4078"}],"wp:term":[{"taxonomy":"product_brand","embeddable":true,"href":"https:\/\/rafaacessorios.com.br\/index.php\/wp-json\/wp\/v2\/product_brand?post=4078"},{"taxonomy":"product_cat","embeddable":true,"href":"https:\/\/rafaacessorios.com.br\/index.php\/wp-json\/wp\/v2\/product_cat?post=4078"},{"taxonomy":"product_tag","embeddable":true,"href":"https:\/\/rafaacessorios.com.br\/index.php\/wp-json\/wp\/v2\/product_tag?post=4078"}],"curies":[{"name":"wp","href":"https:\/\/api.w.org\/{rel}","templated":true}]}}