{"id":4101,"date":"2021-08-18T12:20:49","date_gmt":"2021-08-18T15:20:49","guid":{"rendered":"http:\/\/rafaacessorios.com.br\/?post_type=product&#038;p=4101"},"modified":"2021-08-18T12:20:49","modified_gmt":"2021-08-18T15:20:49","slug":"fone-de-ouvido","status":"publish","type":"product","link":"https:\/\/rafaacessorios.com.br\/index.php\/produto\/fone-de-ouvido\/","title":{"rendered":"Fone de ouvido"},"content":{"rendered":"<p>A Samsung, empresa coreana de grande prest\u00edgio, destaca-se pela sua presen\u00e7a mundial no mercado de eletr\u00f4nicos. A empresa \u00e9 fundamentalmente baseada em oferecer os melhores produtos e servi\u00e7os. \u00c9 por isso que suas gamas de fones de ouvido apresentam inova\u00e7\u00f5es tecnol\u00f3gicas que voc\u00ea notar\u00e1 ao reproduzir sua m\u00fasica favorita.<\/p>\n<p>O formato perfeito para voc\u00ea<br \/>\nAo ser in-ear, melhoram a qualidade do \u00e1udio e s\u00e3o de tamanho pequeno para que possam ser inseridos em sua orelha. Eles s\u00e3o ideais para acompanhar voc\u00ea quando se exercita enquanto se adentra no melhor som envolvente.<\/p>\n","protected":false},"excerpt":{"rendered":"<p class=\"ui-pdp-title\"><strong>Fone de ouvido in-ear Samsung EHS61ASFWE branco<\/strong><\/p>\n","protected":false},"featured_media":4102,"comment_status":"open","ping_status":"closed","template":"","meta":[],"product_brand":[],"product_cat":[80],"product_tag":[],"class_list":{"0":"post-4101","1":"product","2":"type-product","3":"status-publish","4":"has-post-thumbnail","6":"product_cat-fones","8":"first","9":"instock","10":"shipping-taxable","11":"purchasable","12":"product-type-simple"},"_links":{"self":[{"href":"https:\/\/rafaacessorios.com.br\/index.php\/wp-json\/wp\/v2\/product\/4101","targetHints":{"allow":["GET"]}}],"collection":[{"href":"https:\/\/rafaacessorios.com.br\/index.php\/wp-json\/wp\/v2\/product"}],"about":[{"href":"https:\/\/rafaacessorios.com.br\/index.php\/wp-json\/wp\/v2\/types\/product"}],"replies":[{"embeddable":true,"href":"https:\/\/rafaacessorios.com.br\/index.php\/wp-json\/wp\/v2\/comments?post=4101"}],"wp:featuredmedia":[{"embeddable":true,"href":"https:\/\/rafaacessorios.com.br\/index.php\/wp-json\/wp\/v2\/media\/4102"}],"wp:attachment":[{"href":"https:\/\/rafaacessorios.com.br\/index.php\/wp-json\/wp\/v2\/media?parent=4101"}],"wp:term":[{"taxonomy":"product_brand","embeddable":true,"href":"https:\/\/rafaacessorios.com.br\/index.php\/wp-json\/wp\/v2\/product_brand?post=4101"},{"taxonomy":"product_cat","embeddable":true,"href":"https:\/\/rafaacessorios.com.br\/index.php\/wp-json\/wp\/v2\/product_cat?post=4101"},{"taxonomy":"product_tag","embeddable":true,"href":"https:\/\/rafaacessorios.com.br\/index.php\/wp-json\/wp\/v2\/product_tag?post=4101"}],"curies":[{"name":"wp","href":"https:\/\/api.w.org\/{rel}","templated":true}]}}