{"id":4106,"date":"2021-10-21T22:48:05","date_gmt":"2021-10-22T01:48:05","guid":{"rendered":"http:\/\/rafaacessorios.com.br\/?post_type=product&#038;p=4106"},"modified":"2021-11-03T18:13:30","modified_gmt":"2021-11-03T21:13:30","slug":"carregador-portatil-10-000mah","status":"publish","type":"product","link":"https:\/\/rafaacessorios.com.br\/index.php\/produto\/carregador-portatil-10-000mah\/","title":{"rendered":"Carregador Port\u00e1til 10.000mah"},"content":{"rendered":"<p>Power Bank Inova POW-8317\/ 10.000Mah<\/p>\n<p>Itens Inclusos:<br \/>\n&#8211; 1x Power Bank Inova 10000mAh POW-8317<br \/>\n&#8211; 1x Cabo USB\/Micro USB<br \/>\n&#8211; 1x Manual de instru\u00e7\u00e3o<\/p>\n<p>Atualmente o carregador port\u00e1til se tornou essencial em nosso dia a dia, sempre nos ajudando nas horas dif\u00edceis em que a bateria de seu celular ou tablet acaba.<\/p>\n<p>Carregue seu celular, tablet, ou qualquer aparelho que possua entrada USB. Com o Power bank de 10.000mAh, \u00e9 poss\u00edvel serem realizadas de aproximadamente 1-3 cargas em seu celular.<\/p>\n<p>Seu design elegante e ultra fino garante que voc\u00ea leve-o para qualquer lugar, tornando-se \u00fatil e pr\u00e1tico!<\/p>\n<p>Cabo no padr\u00e3o V8, serve em praticamente todos celulares com Android, acompanha tamb\u00e9m adaptador Lightning (Iphone)<\/p>\n<p>Caracter\u00edsticas:<br \/>\n&#8211; Agite para come\u00e7ar a carregar;<br \/>\n&#8211; Duas sa\u00eddas USB;<br \/>\n&#8211; Indicador de n\u00edvel de carga em LEDs;<br \/>\n&#8211; Usa bateria de pol\u00edmero de l\u00edtio para torna-lo mais fino e de alta performance;<br \/>\n&#8211; Tecnologia pass through charging, pode carregar seus dispositivos e ser recarregado ao mesmo tempo;<br \/>\n&#8211; Permite a recarga simult\u00e2nea de dois aparelhos com muito mais velocidade;<br \/>\n&#8211; Moderno sistema de gel, apresenta baixa dilata\u00e7\u00e3o e elimina riscos de vazamento;<br \/>\n&#8211; Chip inteligente de reconhecimento, detecta automaticamente a tens\u00e3o certa para n\u00e3o danificar seu celular;<br \/>\n&#8211; Constru\u00eddo em prote\u00e7\u00e3o da bateria IC para evitar o excesso de carga, sobre o descarregamento e curto-circuito;<\/p>\n<p>Informa\u00e7\u00f5es t\u00e9cnicas:<br \/>\n&#8211; Marca: Inova<br \/>\n&#8211; Modelo: POW-8317<br \/>\n&#8211; Produto: Power Bank<br \/>\n&#8211; Bateria: Pol\u00edmero de Litio<br \/>\n&#8211; Capacidade: 10.000mAh<br \/>\n&#8211; Capacidade da Bateria Interna: 3.7V\/10000mAh 37wh<br \/>\n&#8211; Entrada: Micro USB Dc 5v 2a<br \/>\n&#8211; Sa\u00edda Nominal: =6300mAh =31.5Wh<br \/>\n&#8211; Dupla Sa\u00edda Usb: 5v 2.1a, 5v 2.1a<br \/>\n&#8211; Saida: DC5V 2.1A (built in cable) \/ DC5V 2.1A (usb port)<br \/>\n&#8211; Dura\u00e7\u00e3o de Bateria em Standby: 500h<br \/>\n&#8211; Ciclo de Vida: 500 Recargas (1 Recarga = De 0 A 100)<br \/>\n&#8211; Temperatura em Trabalho: 0\u00b0C to 40\u00b0C<br \/>\n&#8211; Tempo Carregamento do Power Bank: 3-5 horas<br \/>\n&#8211; Medida do Cabo: 5cm<br \/>\n&#8211; Dimens\u00f5es: 156 x 77 x 12 mm<br \/>\n&#8211; Peso: 300g<br \/>\n&#8211; Dispon\u00edvel nas cores: Branco<\/p>\n","protected":false},"excerpt":{"rendered":"<p class=\"ui-pdp-title\">Carregador Port\u00e1til Power Bank Inova 10.000mah Universal<\/p>\n","protected":false},"featured_media":4107,"comment_status":"open","ping_status":"closed","template":"","meta":[],"product_brand":[],"product_cat":[15],"product_tag":[],"class_list":{"0":"post-4106","1":"product","2":"type-product","3":"status-publish","4":"has-post-thumbnail","6":"product_cat-sem-categoria","8":"first","9":"instock","10":"sale","11":"shipping-taxable","12":"purchasable","13":"product-type-simple"},"_links":{"self":[{"href":"https:\/\/rafaacessorios.com.br\/index.php\/wp-json\/wp\/v2\/product\/4106","targetHints":{"allow":["GET"]}}],"collection":[{"href":"https:\/\/rafaacessorios.com.br\/index.php\/wp-json\/wp\/v2\/product"}],"about":[{"href":"https:\/\/rafaacessorios.com.br\/index.php\/wp-json\/wp\/v2\/types\/product"}],"replies":[{"embeddable":true,"href":"https:\/\/rafaacessorios.com.br\/index.php\/wp-json\/wp\/v2\/comments?post=4106"}],"wp:featuredmedia":[{"embeddable":true,"href":"https:\/\/rafaacessorios.com.br\/index.php\/wp-json\/wp\/v2\/media\/4107"}],"wp:attachment":[{"href":"https:\/\/rafaacessorios.com.br\/index.php\/wp-json\/wp\/v2\/media?parent=4106"}],"wp:term":[{"taxonomy":"product_brand","embeddable":true,"href":"https:\/\/rafaacessorios.com.br\/index.php\/wp-json\/wp\/v2\/product_brand?post=4106"},{"taxonomy":"product_cat","embeddable":true,"href":"https:\/\/rafaacessorios.com.br\/index.php\/wp-json\/wp\/v2\/product_cat?post=4106"},{"taxonomy":"product_tag","embeddable":true,"href":"https:\/\/rafaacessorios.com.br\/index.php\/wp-json\/wp\/v2\/product_tag?post=4106"}],"curies":[{"name":"wp","href":"https:\/\/api.w.org\/{rel}","templated":true}]}}