{"id":4136,"date":"2022-05-30T20:07:32","date_gmt":"2022-05-30T23:07:32","guid":{"rendered":"http:\/\/rafaacessorios.com.br\/?post_type=product&#038;p=4136"},"modified":"2025-10-19T05:43:55","modified_gmt":"2025-10-19T08:43:55","slug":"cabo-de-iphone","status":"publish","type":"product","link":"https:\/\/rafaacessorios.com.br\/index.php\/produto\/cabo-de-iphone\/","title":{"rendered":"Cabo de Iphone"},"content":{"rendered":"<div class=\"ui-pdp-container__row ui-pdp-container__row--technical-specifications\">\n<div class=\"ui-pdp-specs\">\n<h2 class=\"ui-pdp-specs__title\" style=\"text-align: left;\">Caracter\u00edsticas principais<\/h2>\n<p>&nbsp;<\/p>\n<div class=\"ui-pdp-specs__table\">Marca do cabo: <span class=\"andes-table__column--value\">Kaidi<\/span><\/div>\n<div class=\"ui-pdp-specs__table\">Modelo do cabo: <span class=\"andes-table__column--value\">KD-307<\/span><\/div>\n<div class=\"ui-pdp-specs__table\">Conector de entrada: <span class=\"andes-table__column--value\">USB<\/span><\/div>\n<div class=\"ui-pdp-specs__table\">Conector de sa\u00edda: <span class=\"andes-table__column--value\">Lightning<\/span><\/div>\n<div class=\"ui-pdp-specs__table\"><span class=\"ui-pdp-color--BLACK ui-pdp-size--XSMALL ui-pdp-family--BOLD\" style=\"color: #404040; font-size: 16px; font-weight: 400;\">Comprimento do cabo<\/span><span style=\"color: #404040; font-size: 16px; font-weight: 400;\">: 100 cm<\/span><\/div>\n<\/div>\n<\/div>\n<div class=\"ui-pdp-container__row ui-pdp-container__row--description\">\n<div class=\"ui-pdp-description\">\n<h2><\/h2>\n<h2 class=\"ui-pdp-description__title\">Descri\u00e7\u00e3o<\/h2>\n<p class=\"ui-pdp-description__content\">Cabo Carregador Original Kaidi Usb para Iphone<br \/>\nProduto Original<br \/>\nAcompanha Nota Fiscal<br \/>\nEspecifica\u00e7\u00f5es:<br \/>\nComprimento: 1 metro<br \/>\nConector saida : Lightning<br \/>\nConector entrada: USB<br \/>\nCarga R\u00e1pida<br \/>\nSa\u00edda: at\u00e9 2.1A<br \/>\nPeso l\u00edquido: 19g<br \/>\nCor:Branco<br \/>\nTransfere Dados<br \/>\nMarca: Kaidi<br \/>\nConte\u00fado: 2 Cabo usb \/ Lightning<br \/>\nTemos a pronta entrega<br \/>\nModelos de iPhone<br \/>\niPhone 11 Pro Max<br \/>\niPhone 11<br \/>\niPhone 11 Pro<br \/>\niPhone Xs Max<br \/>\niPhone Xs<br \/>\niPhone Xr<br \/>\niPhone X<br \/>\niPhone 8<br \/>\niPhone 8 Plus<br \/>\niPhone 7<br \/>\niPhone 7 Plus<br \/>\niPhone 6s<br \/>\niPhone 6s Plus<br \/>\niPhone 6<br \/>\niPhone 6 Plus<br \/>\niPhone SE<br \/>\niPhone 5s<br \/>\niPhone 5c<br \/>\niPhone 5<br \/>\nModelos de iPad<br \/>\niPad Pro de 10,5 polegadas<br \/>\niPad Pro de 12,9 polegadas (2\u00aa gera\u00e7\u00e3o)<br \/>\niPad Pro de 12,9 polegadas (1\u00aa gera\u00e7\u00e3o)<br \/>\niPad Pro de 9,7 polegadas<br \/>\niPad<br \/>\niPad mini 4<br \/>\niPad mini 3<br \/>\niPad mini 2<br \/>\niPad Air 2<br \/>\niPad Air<br \/>\nModelos de iPod<br \/>\niPod touch 6\u00aa gera\u00e7\u00e3o<br \/>\niPod touch 5\u00aa gera\u00e7\u00e3o<br \/>\niPod nano de 7\u00aa gera\u00e7\u00e3o<br \/>\nCom este cabo USB Lighting de 1 metro voc\u00ea pode conectar seu iPhone, iPod e iPad com conector Lightning a porta USB do seu computador. Com ele voc\u00ea sincroniza o dispositivo e carrega a bateria do seu aparelho. Voc\u00ea pode tamb\u00e9m conectar o cabo a um carregador USB e plugar na tomada<\/p>\n<\/div>\n<\/div>\n","protected":false},"excerpt":{"rendered":"<p class=\"ui-pdp-title\">Cabo Carregador Turbo Para iPhone Todos Modelos Refor\u00e7ado<\/p>\n","protected":false},"featured_media":4137,"comment_status":"open","ping_status":"closed","template":"","meta":[],"product_brand":[],"product_cat":[82],"product_tag":[],"class_list":{"0":"post-4136","1":"product","2":"type-product","3":"status-publish","4":"has-post-thumbnail","6":"product_cat-cabos-de-celular","8":"first","9":"instock","10":"shipping-taxable","11":"purchasable","12":"product-type-simple"},"_links":{"self":[{"href":"https:\/\/rafaacessorios.com.br\/index.php\/wp-json\/wp\/v2\/product\/4136","targetHints":{"allow":["GET"]}}],"collection":[{"href":"https:\/\/rafaacessorios.com.br\/index.php\/wp-json\/wp\/v2\/product"}],"about":[{"href":"https:\/\/rafaacessorios.com.br\/index.php\/wp-json\/wp\/v2\/types\/product"}],"replies":[{"embeddable":true,"href":"https:\/\/rafaacessorios.com.br\/index.php\/wp-json\/wp\/v2\/comments?post=4136"}],"wp:featuredmedia":[{"embeddable":true,"href":"https:\/\/rafaacessorios.com.br\/index.php\/wp-json\/wp\/v2\/media\/4137"}],"wp:attachment":[{"href":"https:\/\/rafaacessorios.com.br\/index.php\/wp-json\/wp\/v2\/media?parent=4136"}],"wp:term":[{"taxonomy":"product_brand","embeddable":true,"href":"https:\/\/rafaacessorios.com.br\/index.php\/wp-json\/wp\/v2\/product_brand?post=4136"},{"taxonomy":"product_cat","embeddable":true,"href":"https:\/\/rafaacessorios.com.br\/index.php\/wp-json\/wp\/v2\/product_cat?post=4136"},{"taxonomy":"product_tag","embeddable":true,"href":"https:\/\/rafaacessorios.com.br\/index.php\/wp-json\/wp\/v2\/product_tag?post=4136"}],"curies":[{"name":"wp","href":"https:\/\/api.w.org\/{rel}","templated":true}]}}