{"id":4148,"date":"2022-11-30T15:12:58","date_gmt":"2022-11-30T18:12:58","guid":{"rendered":"http:\/\/rafaacessorios.com.br\/?post_type=product&#038;p=4148"},"modified":"2024-10-16T13:49:41","modified_gmt":"2024-10-16T16:49:41","slug":"camera-wifi-externa","status":"publish","type":"product","link":"https:\/\/rafaacessorios.com.br\/index.php\/produto\/camera-wifi-externa\/","title":{"rendered":"C\u00e2mera Wifi Externa"},"content":{"rendered":"<p>Especifica\u00e7\u00e3o:<br \/>\nPixels efetivos: 1920&#215;1080<br \/>\nLente de foco fixo: Lente de 3,6 mm<br \/>\nModo de vis\u00e3o noturna: infravermelho, cores, vis\u00e3o noturna inteligente<br \/>\nDist\u00e2ncia da vis\u00e3o noturna: 164FT<br \/>\nFaixa de rota\u00e7\u00e3o: 320 \u00b0 horizontal, 90 \u00b0 vertical<br \/>\nCodifica\u00e7\u00e3o de v\u00eddeo: H.265<br \/>\nTaxa de quadros de v\u00eddeo: 20fps<br \/>\nFonte de alimenta\u00e7\u00e3o: DC12V \/ 2A<br \/>\nCodifica\u00e7\u00e3o de \u00e1udio: G.711 \/ G.726<br \/>\nModo de grava\u00e7\u00e3o: grava\u00e7\u00e3o manual \/ grava\u00e7\u00e3o temporizada \/ grava\u00e7\u00e3o de alarme<br \/>\nGerenciamento de V\u00eddeo: Cart\u00e3o Micro SD \/ Celular \/ Computador \/ NVR<br \/>\nN\u00edvel de prote\u00e7\u00e3o: IP66<br \/>\nTemperatura de trabalho: -20 \u00b0 C ~ +65 \u00b0 C<\/p>\n<p>Itens inclusos<\/p>\n<p>1 x C\u00e2mera Wifi<br \/>\n1 x Antena Wifi<br \/>\n1 x Fonte de energia 110\/220v<br \/>\n1 x Conjunto de fixa\u00e7\u00e3o<br \/>\n1 x Manual do usu\u00e1rio<\/p>\n","protected":false},"excerpt":{"rendered":"<p class=\"ui-pdp-title\">Camera Seguran\u00e7a Gira 320\u00b0 Smart Ip Wifi Icsee Dome Full Hd<\/p>\n","protected":false},"featured_media":4149,"comment_status":"open","ping_status":"closed","template":"","meta":[],"product_brand":[],"product_cat":[21],"product_tag":[],"class_list":{"0":"post-4148","1":"product","2":"type-product","3":"status-publish","4":"has-post-thumbnail","6":"product_cat-cameras","8":"first","9":"instock","10":"sale","11":"shipping-taxable","12":"purchasable","13":"product-type-simple"},"_links":{"self":[{"href":"https:\/\/rafaacessorios.com.br\/index.php\/wp-json\/wp\/v2\/product\/4148","targetHints":{"allow":["GET"]}}],"collection":[{"href":"https:\/\/rafaacessorios.com.br\/index.php\/wp-json\/wp\/v2\/product"}],"about":[{"href":"https:\/\/rafaacessorios.com.br\/index.php\/wp-json\/wp\/v2\/types\/product"}],"replies":[{"embeddable":true,"href":"https:\/\/rafaacessorios.com.br\/index.php\/wp-json\/wp\/v2\/comments?post=4148"}],"wp:featuredmedia":[{"embeddable":true,"href":"https:\/\/rafaacessorios.com.br\/index.php\/wp-json\/wp\/v2\/media\/4149"}],"wp:attachment":[{"href":"https:\/\/rafaacessorios.com.br\/index.php\/wp-json\/wp\/v2\/media?parent=4148"}],"wp:term":[{"taxonomy":"product_brand","embeddable":true,"href":"https:\/\/rafaacessorios.com.br\/index.php\/wp-json\/wp\/v2\/product_brand?post=4148"},{"taxonomy":"product_cat","embeddable":true,"href":"https:\/\/rafaacessorios.com.br\/index.php\/wp-json\/wp\/v2\/product_cat?post=4148"},{"taxonomy":"product_tag","embeddable":true,"href":"https:\/\/rafaacessorios.com.br\/index.php\/wp-json\/wp\/v2\/product_tag?post=4148"}],"curies":[{"name":"wp","href":"https:\/\/api.w.org\/{rel}","templated":true}]}}