{"id":4153,"date":"2022-12-07T17:27:28","date_gmt":"2022-12-07T20:27:28","guid":{"rendered":"http:\/\/rafaacessorios.com.br\/?post_type=product&#038;p=4153"},"modified":"2022-12-07T17:27:28","modified_gmt":"2022-12-07T20:27:28","slug":"carregador-de-bateria-de-carro","status":"publish","type":"product","link":"https:\/\/rafaacessorios.com.br\/index.php\/produto\/carregador-de-bateria-de-carro\/","title":{"rendered":"Carregador de Bateria de Carro"},"content":{"rendered":"<p class=\"N5VAH-\">100% novo e de alta qualidade.<\/p>\n<p class=\"N5VAH-\">Tens\u00e3o de exibi\u00e7\u00e3o digital LCD, corrente, temperatura, capacidade da bateria em tempo real, conveniente de ler.<\/p>\n<p class=\"N5VAH-\">Ajuste inteligente de corrente e tens\u00e3o, pare automaticamente a corrente de entrada ap\u00f3s a carga completa.<\/p>\n<p class=\"N5VAH-\">3 Est\u00e1gios de carregamento: carregamento de corrente constante, carregamento de tens\u00e3o constante, carga flutuante.<\/p>\n<p class=\"N5VAH-\">Transformador de cobre puro, sa\u00edda est\u00e1vel, alta taxa de convers\u00e3o, economia de energia, grande capacidade, etc.<\/p>\n<p class=\"N5VAH-\">Prote\u00e7\u00e3o contra sobrecarga, prote\u00e7\u00e3o contra curto-circuito, prote\u00e7\u00e3o de conex\u00e3o reversa.<\/p>\n<p class=\"N5VAH-\">A concha \u00e9 feita de material retardante de chama ABS, isolamento, retardante de chama, alta temperatura.<\/p>\n<p class=\"N5VAH-\">Adequado para bateria de 12V, 4AH a 20AH, chumbo-\u00e1cido ou AGM ou GEL.<\/p>\n<p class=\"N5VAH-\">Universal para a maioria dos tipos de baterias de carro e motocicleta, \u00e1cido chumbo, agm, gel, vrla.<\/p>\n<p class=\"N5VAH-\">\n<p class=\"N5VAH-\">Especifica\u00e7\u00f5es:<\/p>\n<p class=\"N5VAH-\">Material: ABS e cobre<\/p>\n<p class=\"N5VAH-\">Cor: Amarelo<\/p>\n<p class=\"N5VAH-\">Plugue el\u00e9trico: UE, EUA (Opcional)<\/p>\n<p class=\"N5VAH-\">Tens\u00e3o Nominal: AC 100-240V 50Hz<\/p>\n<p class=\"N5VAH-\">Tens\u00e3o de Sa\u00edda: DC 13,8V(Tens\u00e3o sem carga 13,8V, tens\u00e3o m\u00e1xima 14,8V)<\/p>\n<p class=\"N5VAH-\">Pot\u00eancia Nominal: 30W<\/p>\n<p class=\"N5VAH-\">Corrente de Sa\u00edda: DC2A<\/p>\n<p class=\"N5VAH-\">Tamanho do produto: 12,5*8*4cm \/ 4,92*3,15*1,57in<\/p>\n<p class=\"N5VAH-\">\n<p class=\"N5VAH-\">Inclu\u00eddo no Pacote:<\/p>\n<p class=\"N5VAH-\">1 x carregador de bateria do carro (sem caixa)<\/p>\n","protected":false},"excerpt":{"rendered":"<p>3 Fases AGM Carregador De Bateria De Carro Com Chumbo \u00c1cido Energia R\u00e1pida<\/p>\n","protected":false},"featured_media":4154,"comment_status":"open","ping_status":"closed","template":"","meta":[],"product_brand":[],"product_cat":[33],"product_tag":[],"class_list":{"0":"post-4153","1":"product","2":"type-product","3":"status-publish","4":"has-post-thumbnail","6":"product_cat-automobilistico","8":"first","9":"instock","10":"shipping-taxable","11":"purchasable","12":"product-type-simple"},"_links":{"self":[{"href":"https:\/\/rafaacessorios.com.br\/index.php\/wp-json\/wp\/v2\/product\/4153","targetHints":{"allow":["GET"]}}],"collection":[{"href":"https:\/\/rafaacessorios.com.br\/index.php\/wp-json\/wp\/v2\/product"}],"about":[{"href":"https:\/\/rafaacessorios.com.br\/index.php\/wp-json\/wp\/v2\/types\/product"}],"replies":[{"embeddable":true,"href":"https:\/\/rafaacessorios.com.br\/index.php\/wp-json\/wp\/v2\/comments?post=4153"}],"wp:featuredmedia":[{"embeddable":true,"href":"https:\/\/rafaacessorios.com.br\/index.php\/wp-json\/wp\/v2\/media\/4154"}],"wp:attachment":[{"href":"https:\/\/rafaacessorios.com.br\/index.php\/wp-json\/wp\/v2\/media?parent=4153"}],"wp:term":[{"taxonomy":"product_brand","embeddable":true,"href":"https:\/\/rafaacessorios.com.br\/index.php\/wp-json\/wp\/v2\/product_brand?post=4153"},{"taxonomy":"product_cat","embeddable":true,"href":"https:\/\/rafaacessorios.com.br\/index.php\/wp-json\/wp\/v2\/product_cat?post=4153"},{"taxonomy":"product_tag","embeddable":true,"href":"https:\/\/rafaacessorios.com.br\/index.php\/wp-json\/wp\/v2\/product_tag?post=4153"}],"curies":[{"name":"wp","href":"https:\/\/api.w.org\/{rel}","templated":true}]}}