{"id":4177,"date":"2023-02-22T11:59:59","date_gmt":"2023-02-22T14:59:59","guid":{"rendered":"http:\/\/rafaacessorios.com.br\/?post_type=product&#038;p=4177"},"modified":"2023-09-21T19:37:55","modified_gmt":"2023-09-21T22:37:55","slug":"maquina-de-depilacao","status":"publish","type":"product","link":"https:\/\/rafaacessorios.com.br\/index.php\/produto\/maquina-de-depilacao\/","title":{"rendered":"M\u00e1quina de depila\u00e7\u00e3o"},"content":{"rendered":"<p>Esse \u00e9 a vers\u00e3o completa e original deste produto.<br \/>\nInclui os seguintes itens:<\/p>\n<p>1*MAQUINA<br \/>\n4*PENTES<br \/>\n1*BATERIA<br \/>\n1*CARREGADOR<br \/>\n1*VASSOURA<br \/>\n1*\u00d3LEO<\/p>\n<p>A m\u00e1quina possu\u00ed uma qualidade incr\u00edvel e um excelente acabamento.<br \/>\nL\u00e2minas de a\u00e7o carbono com corte afiado e dur\u00e1vel, material seguro que n\u00e3o machuca a pele, bateria de 1200 mAh primeira carga 8 horas e use At\u00e9 120 minutos, facas fortes e afiadas.<br \/>\nUso profissional de \u00faltima gera\u00e7\u00e3o e alt\u00edssimo desempenho.<br \/>\nO design pequeno e o peso foram projetados na medida certa para facilitar os cortes, desenhos e acabamentos mais precisos.<br \/>\nVoc\u00ea vai se surpreender com a qualidade do produto<\/p>\n<p>Principais utilidades<br \/>\nAcabamento de cabelos e barba \/ corte de cabelo e barba\/ pezinho \/ desenhos \/ depila\u00e7\u00e3o (peito, perna, bra\u00e7o, axila, costas e \u00edntimo)<br \/>\n100% original com garantia, m\u00e1quina de uso profissional com custo baix\u00edssimo<\/p>\n<p>Ficha t\u00e9cnica<br \/>\nVoltagem 110\/220v (Bivolt)<br \/>\nOutput voltagem: DC5V<br \/>\nFrequ\u00eancia nominal: 50\/60 Hz<br \/>\nPot\u00eancia nominal: 5W<br \/>\nPrimeira carga 8 horas p\u00f3s 3 horas<br \/>\nUso por at\u00e9 120 minutos<br \/>\nM\u00e1quina profissional para cortar cabelo<\/p>\n","protected":false},"excerpt":{"rendered":"<p class=\"ui-pdp-title\">M\u00e1quina Profissional Acabamento Cabelo Barba Recarreg\u00e1vel<\/p>\n","protected":false},"featured_media":4178,"comment_status":"open","ping_status":"closed","template":"","meta":[],"product_brand":[],"product_cat":[32],"product_tag":[],"class_list":{"0":"post-4177","1":"product","2":"type-product","3":"status-publish","4":"has-post-thumbnail","6":"product_cat-beleza","8":"first","9":"instock","10":"sale","11":"shipping-taxable","12":"purchasable","13":"product-type-simple"},"_links":{"self":[{"href":"https:\/\/rafaacessorios.com.br\/index.php\/wp-json\/wp\/v2\/product\/4177","targetHints":{"allow":["GET"]}}],"collection":[{"href":"https:\/\/rafaacessorios.com.br\/index.php\/wp-json\/wp\/v2\/product"}],"about":[{"href":"https:\/\/rafaacessorios.com.br\/index.php\/wp-json\/wp\/v2\/types\/product"}],"replies":[{"embeddable":true,"href":"https:\/\/rafaacessorios.com.br\/index.php\/wp-json\/wp\/v2\/comments?post=4177"}],"wp:featuredmedia":[{"embeddable":true,"href":"https:\/\/rafaacessorios.com.br\/index.php\/wp-json\/wp\/v2\/media\/4178"}],"wp:attachment":[{"href":"https:\/\/rafaacessorios.com.br\/index.php\/wp-json\/wp\/v2\/media?parent=4177"}],"wp:term":[{"taxonomy":"product_brand","embeddable":true,"href":"https:\/\/rafaacessorios.com.br\/index.php\/wp-json\/wp\/v2\/product_brand?post=4177"},{"taxonomy":"product_cat","embeddable":true,"href":"https:\/\/rafaacessorios.com.br\/index.php\/wp-json\/wp\/v2\/product_cat?post=4177"},{"taxonomy":"product_tag","embeddable":true,"href":"https:\/\/rafaacessorios.com.br\/index.php\/wp-json\/wp\/v2\/product_tag?post=4177"}],"curies":[{"name":"wp","href":"https:\/\/api.w.org\/{rel}","templated":true}]}}