{"id":4183,"date":"2023-02-24T11:09:36","date_gmt":"2023-02-24T14:09:36","guid":{"rendered":"http:\/\/rafaacessorios.com.br\/?post_type=product&#038;p=4183"},"modified":"2023-02-24T11:09:36","modified_gmt":"2023-02-24T14:09:36","slug":"fonte-chaveada-10a","status":"publish","type":"product","link":"https:\/\/rafaacessorios.com.br\/index.php\/produto\/fonte-chaveada-10a\/","title":{"rendered":"Fonte chaveada 10A"},"content":{"rendered":"<p class=\"ui-pdp-title\">Fonte Colm\u00e9ia 12v 10a 120w Bivolt Estabilizada Led C\u00e2mera<\/p>\n","protected":false},"excerpt":{"rendered":"<p>FONTE COLM\u00c9IA CHAVEADA 12V-10A 120W<\/p>\n<p>CARACTER\u00cdSTICAS<\/p>\n<p>&#8211; Entrada 127 Vac e 220 Vac (BIVOLT).<br \/>\n&#8211; Sa\u00edda de 12V 10A 120W.<br \/>\n&#8211; Prote\u00e7\u00e3o contra curto circuito na sa\u00edda e sobrecarga.<br \/>\n&#8211; Prote\u00e7\u00e3o contra sobre temperatura (aquecimento).<br \/>\n&#8211; Frequ\u00eancia de opera\u00e7\u00e3o de 47 a 64 Hz.<br \/>\n&#8211; Sa\u00edda de tens\u00e3o totalmente estabilizada.<br \/>\n&#8211; Filtros EMI e EFI.<br \/>\n&#8211; Filtros contra interfer\u00eancia no SOM e IMAGEM.<br \/>\n&#8211; Acabamento de metal com alta resist\u00eancia.<\/p>\n","protected":false},"featured_media":4184,"comment_status":"open","ping_status":"closed","template":"","meta":[],"product_brand":[],"product_cat":[33,16],"product_tag":[],"class_list":{"0":"post-4183","1":"product","2":"type-product","3":"status-publish","4":"has-post-thumbnail","6":"product_cat-automobilistico","7":"product_cat-eletronicos","9":"first","10":"instock","11":"shipping-taxable","12":"purchasable","13":"product-type-simple"},"_links":{"self":[{"href":"https:\/\/rafaacessorios.com.br\/index.php\/wp-json\/wp\/v2\/product\/4183","targetHints":{"allow":["GET"]}}],"collection":[{"href":"https:\/\/rafaacessorios.com.br\/index.php\/wp-json\/wp\/v2\/product"}],"about":[{"href":"https:\/\/rafaacessorios.com.br\/index.php\/wp-json\/wp\/v2\/types\/product"}],"replies":[{"embeddable":true,"href":"https:\/\/rafaacessorios.com.br\/index.php\/wp-json\/wp\/v2\/comments?post=4183"}],"wp:featuredmedia":[{"embeddable":true,"href":"https:\/\/rafaacessorios.com.br\/index.php\/wp-json\/wp\/v2\/media\/4184"}],"wp:attachment":[{"href":"https:\/\/rafaacessorios.com.br\/index.php\/wp-json\/wp\/v2\/media?parent=4183"}],"wp:term":[{"taxonomy":"product_brand","embeddable":true,"href":"https:\/\/rafaacessorios.com.br\/index.php\/wp-json\/wp\/v2\/product_brand?post=4183"},{"taxonomy":"product_cat","embeddable":true,"href":"https:\/\/rafaacessorios.com.br\/index.php\/wp-json\/wp\/v2\/product_cat?post=4183"},{"taxonomy":"product_tag","embeddable":true,"href":"https:\/\/rafaacessorios.com.br\/index.php\/wp-json\/wp\/v2\/product_tag?post=4183"}],"curies":[{"name":"wp","href":"https:\/\/api.w.org\/{rel}","templated":true}]}}