{"id":4185,"date":"2023-02-24T11:18:52","date_gmt":"2023-02-24T14:18:52","guid":{"rendered":"http:\/\/rafaacessorios.com.br\/?post_type=product&#038;p=4185"},"modified":"2023-02-24T11:18:53","modified_gmt":"2023-02-24T14:18:53","slug":"fonte-chaveada-30a","status":"publish","type":"product","link":"https:\/\/rafaacessorios.com.br\/index.php\/produto\/fonte-chaveada-30a\/","title":{"rendered":"Fonte chaveada 30A"},"content":{"rendered":"<p class=\"ui-pdp-title\">Fonte Chaveada 12v 30a 360w P\/ Cftv Fita Led Som Automotivo<\/p>\n","protected":false},"excerpt":{"rendered":"<h2 class=\"ui-pdp-description__title\">Descri\u00e7\u00e3o<\/h2>\n<p class=\"ui-pdp-description__content\">Fonte Chaveada 30A 12v 360w<\/p>\n<p>A fonte chaveada estabiliza a alimenta\u00e7\u00e3o eletr\u00f4nica atrav\u00e9s do chaveamento, onde voc\u00ea controla a corrente afim de estabilizar a tens\u00e3o de sa\u00edda.<\/p>\n<p>Desta forma voc\u00ea ter\u00e1 mais seguran\u00e7a ao ligar suas fitas Led, c\u00e2meras de seguran\u00e7a, som automotivo e muito mais!<\/p>\n<p>Possui instala\u00e7\u00e3o super simples, evitando que seja necess\u00e1rio conectores especiais!<\/p>\n<p>Ideal para c\u00e2meras CFTV, circuitos de alimenta\u00e7\u00e3o, som automotivo, r\u00e1dios comunicadores, entre outros!<\/p>\n<p>Leia mais sobre a fonte em nosso an\u00fancio e garanta j\u00e1 a sua!<\/p>\n<p>Caracter\u00edsticas:<\/p>\n<p>&#8211; Ideal para alimenta\u00e7\u00e3o de C\u00e2meras CFTV, circuitos de ilumina\u00e7\u00e3o, som automotivo, r\u00e1dios comunicadores, entre outros;<br \/>\n&#8211; Sistema de prote\u00e7\u00e3o contra curto-circuitos e superaquecimento;<br \/>\n&#8211; Sa\u00edda estabilizada;<br \/>\n&#8211; Prote\u00e7\u00e3o contra interfer\u00eancias;<br \/>\n&#8211; Acabamento de metal com alta resist\u00eancia;<\/p>\n<p>Informa\u00e7\u00f5es t\u00e9cnicas:<\/p>\n<p>&#8211; Produto: Fonte chaveada<br \/>\n&#8211; Pot\u00eancia: 360w<br \/>\n&#8211; Entrada: AC 110-220v<br \/>\n&#8211; Frequ\u00eancia: AC50\/60Hz<br \/>\n&#8211; Sa\u00edda: DC 12v 30A<br \/>\n&#8211; Chaveamento de ajuste de tens\u00e3o (127-220v) (Autom\u00e1tico)<br \/>\n&#8211; Conex\u00e3o por borne<br \/>\n&#8211; 2 Transistores<br \/>\n&#8211; Material: Alum\u00ednio e metal.<\/p>\n","protected":false},"featured_media":4186,"comment_status":"open","ping_status":"closed","template":"","meta":[],"product_brand":[],"product_cat":[33,16],"product_tag":[],"class_list":{"0":"post-4185","1":"product","2":"type-product","3":"status-publish","4":"has-post-thumbnail","6":"product_cat-automobilistico","7":"product_cat-eletronicos","9":"first","10":"instock","11":"shipping-taxable","12":"purchasable","13":"product-type-simple"},"_links":{"self":[{"href":"https:\/\/rafaacessorios.com.br\/index.php\/wp-json\/wp\/v2\/product\/4185","targetHints":{"allow":["GET"]}}],"collection":[{"href":"https:\/\/rafaacessorios.com.br\/index.php\/wp-json\/wp\/v2\/product"}],"about":[{"href":"https:\/\/rafaacessorios.com.br\/index.php\/wp-json\/wp\/v2\/types\/product"}],"replies":[{"embeddable":true,"href":"https:\/\/rafaacessorios.com.br\/index.php\/wp-json\/wp\/v2\/comments?post=4185"}],"wp:featuredmedia":[{"embeddable":true,"href":"https:\/\/rafaacessorios.com.br\/index.php\/wp-json\/wp\/v2\/media\/4186"}],"wp:attachment":[{"href":"https:\/\/rafaacessorios.com.br\/index.php\/wp-json\/wp\/v2\/media?parent=4185"}],"wp:term":[{"taxonomy":"product_brand","embeddable":true,"href":"https:\/\/rafaacessorios.com.br\/index.php\/wp-json\/wp\/v2\/product_brand?post=4185"},{"taxonomy":"product_cat","embeddable":true,"href":"https:\/\/rafaacessorios.com.br\/index.php\/wp-json\/wp\/v2\/product_cat?post=4185"},{"taxonomy":"product_tag","embeddable":true,"href":"https:\/\/rafaacessorios.com.br\/index.php\/wp-json\/wp\/v2\/product_tag?post=4185"}],"curies":[{"name":"wp","href":"https:\/\/api.w.org\/{rel}","templated":true}]}}