{"id":4194,"date":"2023-03-10T16:06:31","date_gmt":"2023-03-10T19:06:31","guid":{"rendered":"http:\/\/rafaacessorios.com.br\/?post_type=product&#038;p=4194"},"modified":"2023-03-10T16:06:32","modified_gmt":"2023-03-10T19:06:32","slug":"carregador-lightning-lelong","status":"publish","type":"product","link":"https:\/\/rafaacessorios.com.br\/index.php\/produto\/carregador-lightning-lelong\/","title":{"rendered":"Carregador lightning lelong"},"content":{"rendered":"<p class=\"ui-pdp-title\">Carregador Celular Turbo 2 Entradas Usb\u00a0 Lelong<\/p>\n","protected":false},"excerpt":{"rendered":"<p>Carregador Turbo lelong Ultra R\u00e1pido possui uma sa\u00edda USB-C 20W compat\u00edvel com a tecnologia PD POWER, que carrega o seu iPhone 7, 8, X, Xr, Xs, 11, 12, 13, 14 Pro Max em at\u00e9 90% mais r\u00e1pido que os carregadores comuns. Al\u00e9m disso, possui chips de prote\u00e7\u00e3o, fornecendo o que h\u00e1 de melhor em termos de carregamento r\u00e1pido e seguran\u00e7a para seus dispositivos.<\/p>\n","protected":false},"featured_media":4195,"comment_status":"open","ping_status":"closed","template":"","meta":[],"product_brand":[],"product_cat":[15],"product_tag":[],"class_list":{"0":"post-4194","1":"product","2":"type-product","3":"status-publish","4":"has-post-thumbnail","6":"product_cat-sem-categoria","8":"first","9":"instock","10":"shipping-taxable","11":"purchasable","12":"product-type-simple"},"_links":{"self":[{"href":"https:\/\/rafaacessorios.com.br\/index.php\/wp-json\/wp\/v2\/product\/4194","targetHints":{"allow":["GET"]}}],"collection":[{"href":"https:\/\/rafaacessorios.com.br\/index.php\/wp-json\/wp\/v2\/product"}],"about":[{"href":"https:\/\/rafaacessorios.com.br\/index.php\/wp-json\/wp\/v2\/types\/product"}],"replies":[{"embeddable":true,"href":"https:\/\/rafaacessorios.com.br\/index.php\/wp-json\/wp\/v2\/comments?post=4194"}],"wp:featuredmedia":[{"embeddable":true,"href":"https:\/\/rafaacessorios.com.br\/index.php\/wp-json\/wp\/v2\/media\/4195"}],"wp:attachment":[{"href":"https:\/\/rafaacessorios.com.br\/index.php\/wp-json\/wp\/v2\/media?parent=4194"}],"wp:term":[{"taxonomy":"product_brand","embeddable":true,"href":"https:\/\/rafaacessorios.com.br\/index.php\/wp-json\/wp\/v2\/product_brand?post=4194"},{"taxonomy":"product_cat","embeddable":true,"href":"https:\/\/rafaacessorios.com.br\/index.php\/wp-json\/wp\/v2\/product_cat?post=4194"},{"taxonomy":"product_tag","embeddable":true,"href":"https:\/\/rafaacessorios.com.br\/index.php\/wp-json\/wp\/v2\/product_tag?post=4194"}],"curies":[{"name":"wp","href":"https:\/\/api.w.org\/{rel}","templated":true}]}}