{"id":4197,"date":"2023-03-10T16:12:37","date_gmt":"2023-03-10T19:12:37","guid":{"rendered":"http:\/\/rafaacessorios.com.br\/?post_type=product&#038;p=4197"},"modified":"2023-03-10T16:12:38","modified_gmt":"2023-03-10T19:12:38","slug":"carregador-lelong-tipo-c","status":"publish","type":"product","link":"https:\/\/rafaacessorios.com.br\/index.php\/produto\/carregador-lelong-tipo-c\/","title":{"rendered":"Carregador lelong tipo C"},"content":{"rendered":"<p class=\"ui-pdp-title\">Carregador De Celular Turbo Usb Com Cabo Carga R\u00e1pida Tipo C<\/p>\n","protected":false},"excerpt":{"rendered":"<p>Especifica\u00e7\u00f5es T\u00e9cnicas:<br \/>\n&#8211; Tipo C<br \/>\n&#8211; Refor\u00e7ado<br \/>\n&#8211; Com 2 Portas de Carregamento<br \/>\n&#8211; 4 Vezes Mais R\u00e1pido<br \/>\n&#8211; Compat\u00edvel com Dispositivos USB<br \/>\n&#8211; 5.1A<\/p>\n","protected":false},"featured_media":4198,"comment_status":"open","ping_status":"closed","template":"","meta":[],"product_brand":[],"product_cat":[15],"product_tag":[],"class_list":{"0":"post-4197","1":"product","2":"type-product","3":"status-publish","4":"has-post-thumbnail","6":"product_cat-sem-categoria","8":"first","9":"instock","10":"shipping-taxable","11":"purchasable","12":"product-type-simple"},"_links":{"self":[{"href":"https:\/\/rafaacessorios.com.br\/index.php\/wp-json\/wp\/v2\/product\/4197","targetHints":{"allow":["GET"]}}],"collection":[{"href":"https:\/\/rafaacessorios.com.br\/index.php\/wp-json\/wp\/v2\/product"}],"about":[{"href":"https:\/\/rafaacessorios.com.br\/index.php\/wp-json\/wp\/v2\/types\/product"}],"replies":[{"embeddable":true,"href":"https:\/\/rafaacessorios.com.br\/index.php\/wp-json\/wp\/v2\/comments?post=4197"}],"wp:featuredmedia":[{"embeddable":true,"href":"https:\/\/rafaacessorios.com.br\/index.php\/wp-json\/wp\/v2\/media\/4198"}],"wp:attachment":[{"href":"https:\/\/rafaacessorios.com.br\/index.php\/wp-json\/wp\/v2\/media?parent=4197"}],"wp:term":[{"taxonomy":"product_brand","embeddable":true,"href":"https:\/\/rafaacessorios.com.br\/index.php\/wp-json\/wp\/v2\/product_brand?post=4197"},{"taxonomy":"product_cat","embeddable":true,"href":"https:\/\/rafaacessorios.com.br\/index.php\/wp-json\/wp\/v2\/product_cat?post=4197"},{"taxonomy":"product_tag","embeddable":true,"href":"https:\/\/rafaacessorios.com.br\/index.php\/wp-json\/wp\/v2\/product_tag?post=4197"}],"curies":[{"name":"wp","href":"https:\/\/api.w.org\/{rel}","templated":true}]}}