{"id":4213,"date":"2023-06-14T11:40:25","date_gmt":"2023-06-14T14:40:25","guid":{"rendered":"http:\/\/rafaacessorios.com.br\/?post_type=product&#038;p=4213"},"modified":"2023-06-14T11:48:53","modified_gmt":"2023-06-14T14:48:53","slug":"patinete","status":"publish","type":"product","link":"https:\/\/rafaacessorios.com.br\/index.php\/produto\/patinete\/","title":{"rendered":"Patinete"},"content":{"rendered":"","protected":false},"excerpt":{"rendered":"<p>Patinete Infantil 3 Rodas Ajust\u00e1vel 35kg com Luz Som e Cestinha<\/p>\n<p>Com a patinete da 99 toys voc\u00ea tera momentos inesquec\u00edveis com seu filho. Ele poder\u00e1 se mover facilmente e chegar a qualquer lugar. \u00c9 ideal para estimular o equil\u00edbrio. Divirta-se em qualquer lugar, de mais brilho ao seu passeio com patinete infantil 99 toys. Por ser ajust\u00e1vel na altura do guid\u00e3o, acompanha o crescimento da crian\u00e7a, para poder se divertir enquanto cresce!<\/p>\n<p>Caracter\u00edsticas e Especifica\u00e7\u00f5es:<\/p>\n<p>&#8211; Cores Disponiveis: Rosa, Azul, Verde, Vermelho<br \/>\n&#8211; Material\/Composi\u00e7\u00e3o: Pl\u00e1stico, Metal<br \/>\n&#8211; Marca: 99 Toys<br \/>\n&#8211; Idade Minima Recomendada: 3 anos de idade<br \/>\n&#8211; Facil de montar<br \/>\n&#8211; Luzes de led (N\u00e3o acompanha pilha)<br \/>\n&#8211; Cestinha<br \/>\n&#8211; Freio traseiro<br \/>\n&#8211; Suporta at\u00e9 50 kg<br \/>\n&#8211; Altura do guid\u00e3o ajust\u00e1vel<\/p>\n<p>Peso \/ Medidas Produto:<\/p>\n<p>&#8211; Comprimento: 56cm<br \/>\n&#8211; Altura: 60 cm<br \/>\n&#8211; Largura: 20cm<br \/>\n&#8211; Peso: 2,1 kg<\/p>\n","protected":false},"featured_media":1567,"comment_status":"open","ping_status":"closed","template":"","meta":[],"product_brand":[],"product_cat":[15],"product_tag":[],"class_list":{"0":"post-4213","1":"product","2":"type-product","3":"status-publish","4":"has-post-thumbnail","6":"product_cat-sem-categoria","8":"first","9":"instock","10":"shipping-taxable","11":"purchasable","12":"product-type-simple"},"_links":{"self":[{"href":"https:\/\/rafaacessorios.com.br\/index.php\/wp-json\/wp\/v2\/product\/4213","targetHints":{"allow":["GET"]}}],"collection":[{"href":"https:\/\/rafaacessorios.com.br\/index.php\/wp-json\/wp\/v2\/product"}],"about":[{"href":"https:\/\/rafaacessorios.com.br\/index.php\/wp-json\/wp\/v2\/types\/product"}],"replies":[{"embeddable":true,"href":"https:\/\/rafaacessorios.com.br\/index.php\/wp-json\/wp\/v2\/comments?post=4213"}],"wp:featuredmedia":[{"embeddable":true,"href":"https:\/\/rafaacessorios.com.br\/index.php\/wp-json\/wp\/v2\/media\/1567"}],"wp:attachment":[{"href":"https:\/\/rafaacessorios.com.br\/index.php\/wp-json\/wp\/v2\/media?parent=4213"}],"wp:term":[{"taxonomy":"product_brand","embeddable":true,"href":"https:\/\/rafaacessorios.com.br\/index.php\/wp-json\/wp\/v2\/product_brand?post=4213"},{"taxonomy":"product_cat","embeddable":true,"href":"https:\/\/rafaacessorios.com.br\/index.php\/wp-json\/wp\/v2\/product_cat?post=4213"},{"taxonomy":"product_tag","embeddable":true,"href":"https:\/\/rafaacessorios.com.br\/index.php\/wp-json\/wp\/v2\/product_tag?post=4213"}],"curies":[{"name":"wp","href":"https:\/\/api.w.org\/{rel}","templated":true}]}}