{"id":4236,"date":"2023-09-01T23:30:05","date_gmt":"2023-09-02T02:30:05","guid":{"rendered":"http:\/\/rafaacessorios.com.br\/?post_type=product&#038;p=4236"},"modified":"2023-09-21T19:35:28","modified_gmt":"2023-09-21T22:35:28","slug":"fogao-eletrico-2500w","status":"publish","type":"product","link":"https:\/\/rafaacessorios.com.br\/index.php\/produto\/fogao-eletrico-2500w\/","title":{"rendered":"Fog\u00e3o El\u00e9trico 2500W"},"content":{"rendered":"<p>Fogareiro El\u00e9trico 2 bocas 2.500 Watts<\/p>\n<p>O fogareiro el\u00e9trico de 2 bocas Buy N Pay \u00e9 muito f\u00e1cil de usar. Compacto, pr\u00e1tico, simples e econ\u00f4mico.<br \/>\nModelo de mesa \u00e9 ideal para sua cozinha.<\/p>\n<p>Prepare as mais deliciosas receitas nesse pr\u00e1tico fog\u00e3o de mesa com dois pratos de aquecimento e ajuste de temperatura.<br \/>\nUm fog\u00e3o para completar sua cozinha.<br \/>\nUma \u00f3tima op\u00e7\u00e3o levar e usar, seja no camping, eventos e locais externos com energia el\u00e9trica.<\/p>\n<p>CARACTER\u00cdSTICAS:<br \/>\n&#8211; O fogareiro Buy N Pay \u00e9 mais seguro, pois n\u00e3o utiliza g\u00e1s.<br \/>\n&#8211; Pr\u00e1tico e econ\u00f4mico, pois possui regulagem de temperatura.<br \/>\n&#8211; Al\u00e9m disso, conta com prote\u00e7\u00e3o contra super aquecimento.<br \/>\n&#8211; Possui um termostato que desliga o aparelho quando atinge a temperatura escolhida, mantendo o aparelho sempre na temperatura desejada.<br \/>\n&#8211; Indicador de ligado e desligado.<br \/>\n&#8211; Cinco n\u00edveis de temperatura: Escolha um dos cinco n\u00edveis de temperatura.<br \/>\n&#8211; Revestimento antiaderente.<br \/>\n&#8211; Todos os tipos de panelas: Funciona com todos os tipos de panelas do mercado que podem ser usadas para fog\u00f5es a g\u00e1s.<\/p>\n<p>MEDIDAS:<br \/>\nAltura: 4cm<br \/>\nLargura: 21cm<br \/>\nProfundidade: 43cm<br \/>\n*Medidas aproximadas<\/p>\n<p>ITENS INCLUSOS:<br \/>\n&#8211; 1 fogareiro el\u00e9trico 2 bocas de 2.500 watts<\/p>\n","protected":false},"excerpt":{"rendered":"<p class=\"ui-pdp-title\">Fog\u00e3o Cooktop Fogareiro El\u00e9trico 2 Bocas 2500 Watts<\/p>\n","protected":false},"featured_media":4237,"comment_status":"open","ping_status":"closed","template":"","meta":[],"product_brand":[],"product_cat":[48],"product_tag":[],"class_list":{"0":"post-4236","1":"product","2":"type-product","3":"status-publish","4":"has-post-thumbnail","6":"product_cat-eletrodomesticos","8":"first","9":"instock","10":"sale","11":"shipping-taxable","12":"purchasable","13":"product-type-simple"},"_links":{"self":[{"href":"https:\/\/rafaacessorios.com.br\/index.php\/wp-json\/wp\/v2\/product\/4236","targetHints":{"allow":["GET"]}}],"collection":[{"href":"https:\/\/rafaacessorios.com.br\/index.php\/wp-json\/wp\/v2\/product"}],"about":[{"href":"https:\/\/rafaacessorios.com.br\/index.php\/wp-json\/wp\/v2\/types\/product"}],"replies":[{"embeddable":true,"href":"https:\/\/rafaacessorios.com.br\/index.php\/wp-json\/wp\/v2\/comments?post=4236"}],"wp:featuredmedia":[{"embeddable":true,"href":"https:\/\/rafaacessorios.com.br\/index.php\/wp-json\/wp\/v2\/media\/4237"}],"wp:attachment":[{"href":"https:\/\/rafaacessorios.com.br\/index.php\/wp-json\/wp\/v2\/media?parent=4236"}],"wp:term":[{"taxonomy":"product_brand","embeddable":true,"href":"https:\/\/rafaacessorios.com.br\/index.php\/wp-json\/wp\/v2\/product_brand?post=4236"},{"taxonomy":"product_cat","embeddable":true,"href":"https:\/\/rafaacessorios.com.br\/index.php\/wp-json\/wp\/v2\/product_cat?post=4236"},{"taxonomy":"product_tag","embeddable":true,"href":"https:\/\/rafaacessorios.com.br\/index.php\/wp-json\/wp\/v2\/product_tag?post=4236"}],"curies":[{"name":"wp","href":"https:\/\/api.w.org\/{rel}","templated":true}]}}