{"id":4316,"date":"2023-09-27T17:29:44","date_gmt":"2023-09-27T20:29:44","guid":{"rendered":"http:\/\/rafaacessorios.com.br\/?post_type=product&#038;p=4316"},"modified":"2023-09-27T17:29:44","modified_gmt":"2023-09-27T20:29:44","slug":"raquete-eletrica","status":"publish","type":"product","link":"https:\/\/rafaacessorios.com.br\/index.php\/produto\/raquete-eletrica\/","title":{"rendered":"Raquete El\u00e9trica"},"content":{"rendered":"<p>RAQUETE EL\u00c9TRICA RECARREG\u00c1VEL PARA MATAR MOSCAS, PERNILONGOS,<br \/>\nMOSQUITO DA DENGUE E INSETOS EM GERAL!!!<\/p>\n<p>*** ACOMPANHA APENAS UMA RAQUETE, A FOTO PRINCIPAL DO AN\u00daNCIO SERVE APENAS COMO DEMONSTRATIVO DAS CORES DISPON\u00cdVEIS***<\/p>\n<p>POSSUI CERTIFICA\u00c7\u00c3O INMETRO<\/p>\n<p>Com bot\u00e3o de seguran\u00e7a que s\u00f3 aciona a corrente el\u00e9trica quando voc\u00ea aperta.<br \/>\nMuito segura e inofensiva para humanos, mas mortal para insetos.<\/p>\n<p>Uma forma segura e divertida de exterminar insetos.<br \/>\nPossui bot\u00e3o liga e desliga para dar seguran\u00e7a ao uso<br \/>\nPossui rede (grade) de prote\u00e7\u00e3o<\/p>\n<p>ESPECIFICA\u00c7\u00d5ES:<\/p>\n<p>Tamanho: 51 x 21cm<br \/>\nTomada retr\u00e1til<br \/>\nBivolt: 110V \/ 220V **<br \/>\nN\u00e3o usa pilhas**<\/p>\n<p>Possui Led para indicar funcionamento e recarga, um em cada lado da raquete, ambos vermelhos.<br \/>\nRecomenda se um carregamento inicial de 10 horas antes do primeiro uso.<br \/>\nOs carregamentos posteriores podem ser entre 2 a 3 horas.<\/p>\n","protected":false},"excerpt":{"rendered":"<p class=\"ui-pdp-title\">Raquete El\u00e9trica Mata Mosquito Dengue Insetos Recarreg\u00e1vel<\/p>\n","protected":false},"featured_media":4317,"comment_status":"open","ping_status":"closed","template":"","meta":[],"product_brand":[],"product_cat":[31],"product_tag":[],"class_list":{"0":"post-4316","1":"product","2":"type-product","3":"status-publish","4":"has-post-thumbnail","6":"product_cat-utensilios","8":"first","9":"instock","10":"sale","11":"shipping-taxable","12":"purchasable","13":"product-type-simple"},"_links":{"self":[{"href":"https:\/\/rafaacessorios.com.br\/index.php\/wp-json\/wp\/v2\/product\/4316","targetHints":{"allow":["GET"]}}],"collection":[{"href":"https:\/\/rafaacessorios.com.br\/index.php\/wp-json\/wp\/v2\/product"}],"about":[{"href":"https:\/\/rafaacessorios.com.br\/index.php\/wp-json\/wp\/v2\/types\/product"}],"replies":[{"embeddable":true,"href":"https:\/\/rafaacessorios.com.br\/index.php\/wp-json\/wp\/v2\/comments?post=4316"}],"wp:featuredmedia":[{"embeddable":true,"href":"https:\/\/rafaacessorios.com.br\/index.php\/wp-json\/wp\/v2\/media\/4317"}],"wp:attachment":[{"href":"https:\/\/rafaacessorios.com.br\/index.php\/wp-json\/wp\/v2\/media?parent=4316"}],"wp:term":[{"taxonomy":"product_brand","embeddable":true,"href":"https:\/\/rafaacessorios.com.br\/index.php\/wp-json\/wp\/v2\/product_brand?post=4316"},{"taxonomy":"product_cat","embeddable":true,"href":"https:\/\/rafaacessorios.com.br\/index.php\/wp-json\/wp\/v2\/product_cat?post=4316"},{"taxonomy":"product_tag","embeddable":true,"href":"https:\/\/rafaacessorios.com.br\/index.php\/wp-json\/wp\/v2\/product_tag?post=4316"}],"curies":[{"name":"wp","href":"https:\/\/api.w.org\/{rel}","templated":true}]}}