{"id":4416,"date":"2025-04-29T13:55:40","date_gmt":"2025-04-29T16:55:40","guid":{"rendered":"https:\/\/rafaacessorios.com.br\/?post_type=product&#038;p=4416"},"modified":"2025-04-29T14:10:48","modified_gmt":"2025-04-29T17:10:48","slug":"suporte-articulado-para-tv","status":"publish","type":"product","link":"https:\/\/rafaacessorios.com.br\/index.php\/produto\/suporte-articulado-para-tv\/","title":{"rendered":"Suporte Articulado para TV"},"content":{"rendered":"<p>KIT DE INSTALA\u00c7\u00c3O<br \/>\n&#8211; Acompanha Parafusos e Buchas para Fixa\u00e7\u00e3o na Parede<br \/>\n&#8211; Acompanha Parafusos M4x16 e M6x16 para fixa\u00e7\u00e3o em seu Televisor ou Monitor<br \/>\n&#8211; Acompanha hastes prolongadoras para instala\u00e7\u00e3o no padr\u00e3o Vesa at\u00e9 400&#215;400<\/p>\n<p>Suporte Articulado de Parede para TV Toshiba 43 Polegadas.<\/p>\n<p>\u2022 Articulado;<br \/>\n\u2022 Material Ultra Resistente com pintura Ep\u00f3xi;<br \/>\n\u2022 Serve em TV LCD, LED, QLED, OLED, PLASMA;<br \/>\n\u2022 Compat\u00edvel com TV e Monitor de 10&#8243; a 56&#8243;;<br \/>\n\u2022 Projetado para uso em todas as marcas;<br \/>\n\u2022 Suporte com 3 movimentos;<br \/>\n\u2022 \u00c2ngulo de inclina\u00e7\u00e3o de at\u00e9 15 graus;<br \/>\n\u2022 Acompanha KIT parafusos para instala\u00e7\u00e3o;<br \/>\n\u2022 Alta qualidade de fabrica\u00e7\u00e3o;<br \/>\n\u2022 Suporta at\u00e9 40kg;<br \/>\n\u2022 Instala\u00e7\u00e3o Simples;<br \/>\n\u2022 Dist\u00e2ncia m\u00ednima da parede: 6cm;<br \/>\n\u2022 Dist\u00e2ncia m\u00e1xima da parede: 20cm;<\/p>\n<p>COMPAT\u00cdVEL COM AS MARCAS:<br \/>\n\u2022 AOC<br \/>\n\u2022 LG<br \/>\n\u2022 Multilaser<br \/>\n\u2022 Panasonic<br \/>\n\u2022 Philco<br \/>\n\u2022 Philips<br \/>\n\u2022 Samsung<br \/>\n\u2022 Semp<br \/>\n\u2022 Sony<br \/>\n\u2022 TCL<\/p>\n","protected":false},"excerpt":{"rendered":"<p>Suporte articulado para TV de at\u00e9 55 polegadas<\/p>\n","protected":false},"featured_media":4417,"comment_status":"open","ping_status":"closed","template":"","meta":[],"product_brand":[],"product_cat":[31],"product_tag":[],"class_list":{"0":"post-4416","1":"product","2":"type-product","3":"status-publish","4":"has-post-thumbnail","6":"product_cat-utensilios","8":"first","9":"instock","10":"shipping-taxable","11":"purchasable","12":"product-type-simple"},"_links":{"self":[{"href":"https:\/\/rafaacessorios.com.br\/index.php\/wp-json\/wp\/v2\/product\/4416","targetHints":{"allow":["GET"]}}],"collection":[{"href":"https:\/\/rafaacessorios.com.br\/index.php\/wp-json\/wp\/v2\/product"}],"about":[{"href":"https:\/\/rafaacessorios.com.br\/index.php\/wp-json\/wp\/v2\/types\/product"}],"replies":[{"embeddable":true,"href":"https:\/\/rafaacessorios.com.br\/index.php\/wp-json\/wp\/v2\/comments?post=4416"}],"wp:featuredmedia":[{"embeddable":true,"href":"https:\/\/rafaacessorios.com.br\/index.php\/wp-json\/wp\/v2\/media\/4417"}],"wp:attachment":[{"href":"https:\/\/rafaacessorios.com.br\/index.php\/wp-json\/wp\/v2\/media?parent=4416"}],"wp:term":[{"taxonomy":"product_brand","embeddable":true,"href":"https:\/\/rafaacessorios.com.br\/index.php\/wp-json\/wp\/v2\/product_brand?post=4416"},{"taxonomy":"product_cat","embeddable":true,"href":"https:\/\/rafaacessorios.com.br\/index.php\/wp-json\/wp\/v2\/product_cat?post=4416"},{"taxonomy":"product_tag","embeddable":true,"href":"https:\/\/rafaacessorios.com.br\/index.php\/wp-json\/wp\/v2\/product_tag?post=4416"}],"curies":[{"name":"wp","href":"https:\/\/api.w.org\/{rel}","templated":true}]}}