{"id":4445,"date":"2025-09-13T21:59:01","date_gmt":"2025-09-14T00:59:01","guid":{"rendered":"https:\/\/rafaacessorios.com.br\/?post_type=product&#038;p=4445"},"modified":"2025-09-13T22:08:24","modified_gmt":"2025-09-14T01:08:24","slug":"antena-adaptador-wi-fi","status":"publish","type":"product","link":"https:\/\/rafaacessorios.com.br\/index.php\/produto\/antena-adaptador-wi-fi\/","title":{"rendered":"Antena adaptador WI-FI"},"content":{"rendered":"<p>Adaptador Wifi Usb Receptor Antena Wireless<\/p>\n<p>C\u00f3digo de homologa\u00e7\u00e3o (Anatel)<br \/>\n15686-21-13834<\/p>\n<p>&#8211; Adaptador Receptor Wireless Usb, Externa, port\u00e1til e f\u00e1cil de ser utilizado, Basta plugar e usar.<\/p>\n<p>&#8211; Esse Adaptador \u00e9 aquele que elimina mais um daqueles problemas chatinhos em sua vida, que nunca vai te deixar na m\u00e3o sem uma internet boa de qualidade em qualquer lugar, uma \u00f3tima interface flex\u00edvel que pode ser usada em computadores ou port\u00e1teis.<\/p>\n<p>&#8211; Produto Suporta As Redes 64\/128 Bits Wep, Wpa\/Wpa2, Wpa-Psk\/Wpa2-Psk (Tkip\/Aes), Permitindo Que Voc\u00ea Configure E Defina Senha De Acesso. Assim, Sua Rede Fica Muito Mais Segura E Sua Navega\u00e7\u00e3o Protegida.<\/p>\n<p>&#8211; Produto \u00e9 de super f\u00e1cil instala\u00e7\u00e3o<\/p>\n<p>&#8211; Compat\u00edvel com todos sistemas operacionais, Inclusive o mais rec\u00e9m lan\u00e7ado windows 11.<\/p>\n<p>Ficha T\u00e9cnica do Produto:<\/p>\n<p>&#8211; Marca: KAPBOM<\/p>\n<p>&#8211; Modelo: Adaptador Wifi, Usb Wifi, Antena Wifi 802 IIN<\/p>\n<p>&#8211; Tecnologia de conectividade: WLAN<\/p>\n<p>&#8211; Taxa de transfer\u00eancia de dados: 1800 MB\/s<\/p>\n<p>&#8211; Interface: USB<\/p>\n<p>&#8211; Pequeno e leve<\/p>\n<p>&#8211; USB 2.0<\/p>\n<p>&#8211; Tamanho da Antena: 15,5cm<\/p>\n<p>&#8211; Tamanho da Embalagem: 20cm<\/p>\n<p>&#8211; Com Velocidade De 1800mbps, Com Interface De Alta Velocidade Usb2.011, Al\u00e9m De Canais De 1 A 14 Com Dom\u00ednio Universal.<\/p>\n<p>ITENS INCLUSOS<\/p>\n<p>&#8211; 1 Antena USB wifi<\/p>\n<p>&#8211; 1 USB wifi adaptador<\/p>\n<p>&#8211; CD de instala\u00e7\u00e3o<\/p>\n<p>&#8211; Embalagem de seguran\u00e7a<\/p>\n","protected":false},"excerpt":{"rendered":"<p class=\"ui-pdp-title\">Adaptador Receptor Wireless Usb Wifi 1200mbps Pc E Notebook<\/p>\n","protected":false},"featured_media":4450,"comment_status":"open","ping_status":"closed","template":"","meta":[],"product_brand":[],"product_cat":[34],"product_tag":[],"class_list":{"0":"post-4445","1":"product","2":"type-product","3":"status-publish","4":"has-post-thumbnail","6":"product_cat-informatica","8":"first","9":"instock","10":"shipping-taxable","11":"purchasable","12":"product-type-simple"},"_links":{"self":[{"href":"https:\/\/rafaacessorios.com.br\/index.php\/wp-json\/wp\/v2\/product\/4445","targetHints":{"allow":["GET"]}}],"collection":[{"href":"https:\/\/rafaacessorios.com.br\/index.php\/wp-json\/wp\/v2\/product"}],"about":[{"href":"https:\/\/rafaacessorios.com.br\/index.php\/wp-json\/wp\/v2\/types\/product"}],"replies":[{"embeddable":true,"href":"https:\/\/rafaacessorios.com.br\/index.php\/wp-json\/wp\/v2\/comments?post=4445"}],"wp:featuredmedia":[{"embeddable":true,"href":"https:\/\/rafaacessorios.com.br\/index.php\/wp-json\/wp\/v2\/media\/4450"}],"wp:attachment":[{"href":"https:\/\/rafaacessorios.com.br\/index.php\/wp-json\/wp\/v2\/media?parent=4445"}],"wp:term":[{"taxonomy":"product_brand","embeddable":true,"href":"https:\/\/rafaacessorios.com.br\/index.php\/wp-json\/wp\/v2\/product_brand?post=4445"},{"taxonomy":"product_cat","embeddable":true,"href":"https:\/\/rafaacessorios.com.br\/index.php\/wp-json\/wp\/v2\/product_cat?post=4445"},{"taxonomy":"product_tag","embeddable":true,"href":"https:\/\/rafaacessorios.com.br\/index.php\/wp-json\/wp\/v2\/product_tag?post=4445"}],"curies":[{"name":"wp","href":"https:\/\/api.w.org\/{rel}","templated":true}]}}