{"id":535,"date":"2019-10-24T22:16:02","date_gmt":"2019-10-25T01:16:02","guid":{"rendered":"http:\/\/rafaacessorios.com.br\/?post_type=product&#038;p=535"},"modified":"2024-10-25T12:05:52","modified_gmt":"2024-10-25T15:05:52","slug":"impressora-termica","status":"publish","type":"product","link":"https:\/\/rafaacessorios.com.br\/index.php\/produto\/impressora-termica\/","title":{"rendered":"Impressora T\u00e9rmica"},"content":{"rendered":"<blockquote>\n<p style=\"text-align: left;\">&#8211; Modelo : SYC-58<\/p>\n<\/blockquote>\n<p>&#8211; Adequado para todos os tipos de sistemas de POS de varejo comercial<\/p>\n<p>&#8211; Luz no peso e na forma inteligente<\/p>\n<p>&#8211; Impress\u00e3o de alta qualidade e de baixo custo<\/p>\n<p>&#8211; Baixo n\u00edvel de ru\u00eddo e de alta-velocidade de impress\u00e3o<\/p>\n<p>&#8211; Gaveta de dinheiro suporte driver<\/p>\n<p>&#8211; F\u00e1cil para a instala\u00e7\u00e3o de papel, f\u00e1cil manuten\u00e7\u00e3o e excelente estrutura<\/p>\n<p>&#8211; Baixo consumo de energia e baixo custo de opera\u00e7\u00e3o (Sem Fitas ou cartuchos De Tinta)<\/p>\n<p>ESPECIFICA\u00c7\u00d5ES T\u00c9CNICAS<\/p>\n<p>&#8211; M\u00e9todo de impress\u00e3o: Linha de Impress\u00e3o T\u00e9rmica<\/p>\n<p>&#8211; Impress\u00e3o Tamanho Da Fonte: 384dot\/line; Caracteres ank<\/p>\n<p>&#8211; Fonte A: 12*24 pontos, 1.5 (W) * 3.0 (H) mm<\/p>\n<p>&#8211; Chin\u00eas simplificado\/tradicional: 24*24 pontos, 3.0 (W) * 3.0 (H) mm<\/p>\n<p>&#8211; Impressora de Caracteres: GB um\/dois caracteres Chineses 24*24 pontos, apoio Taiwan, Hong kong tradicional<\/p>\n<p>PAR\u00c2METROS DA IMPRESSORA<\/p>\n<p>&#8211; suporte NV LOGOTIPO da Impress\u00e3o<\/p>\n<p>&#8211; Velocidade de impress\u00e3o: 90mm\/sec<\/p>\n<p>&#8211; Interface: Porta USB<\/p>\n<p>&#8211; Largura de impress\u00e3o: 58mm<\/p>\n<p>&#8211; Di\u00e2metro do rolo: 50mm<\/p>\n<p>&#8211; Espessura de impress\u00e3o: 0.06-0.08mm<\/p>\n<p>&#8211; Unidade de Peso: 850g<\/p>\n<p>&#8211; Dimens\u00e3o: 175*130*110mm (L * W * H)<\/p>\n<p>&#8211; Adaptador de alimenta\u00e7\u00e3o: DC 12 V\/3A<\/p>\n<p>&#8211; Gaveta de dinheiro de Controle: DC 12 V\/1A<\/p>\n<p>&#8211; Impress\u00e3o confiabilidade: 100 km<\/p>\n<p>&#8211; Temperatura: 0-45degree<\/p>\n<p>&#8211; Contraste Umidade: 10-80%<\/p>\n<p>&#8211; Drivers: Win 9X\/Win 2000\/Win 2003\/Win XP\/Win Vista\/Win 7\/Win8\/Linux<\/p>\n<p>compat\u00edvel Com EPSON, Sistema SAMSUNG<\/p>\n<p>&#8211; Comando de impress\u00e3o: Compat\u00edvel Com o Comando ESC\/POS<\/p>\n<p>&#8211; Interface de energia: conectar 110 V ~ 240 V<\/p>\n<p>&#8211; Interface USB: conectar Tablet\/PC via cabo de dados USB-B<\/p>\n<p>&#8211; Interface de Gaveta de dinheiro: conectar gaveta de dinheiro via cabo de dados<\/p>\n<p>Itens inclusos<\/p>\n<p>1 Impressora termica<\/p>\n<p>1 Cabo de for\u00e7a<\/p>\n<p>1 CD de drivers<\/p>\n<p>1 Manual em Ingl\u00eas<\/p>\n<p>1 Cabo USB<\/p>\n","protected":false},"excerpt":{"rendered":"<header class=\"item-title\" data-js-item-title=\"\">\n<p class=\"item-title__primary \">Impressora Termica Cupom Nao Fiscal 58mm Tickts Pc Bivolt<\/p>\n<\/header>\n","protected":false},"featured_media":537,"comment_status":"open","ping_status":"closed","template":"","meta":[],"product_brand":[],"product_cat":[34],"product_tag":[],"class_list":{"0":"post-535","1":"product","2":"type-product","3":"status-publish","4":"has-post-thumbnail","6":"product_cat-informatica","8":"first","9":"outofstock","10":"shipping-taxable","11":"purchasable","12":"product-type-simple"},"_links":{"self":[{"href":"https:\/\/rafaacessorios.com.br\/index.php\/wp-json\/wp\/v2\/product\/535","targetHints":{"allow":["GET"]}}],"collection":[{"href":"https:\/\/rafaacessorios.com.br\/index.php\/wp-json\/wp\/v2\/product"}],"about":[{"href":"https:\/\/rafaacessorios.com.br\/index.php\/wp-json\/wp\/v2\/types\/product"}],"replies":[{"embeddable":true,"href":"https:\/\/rafaacessorios.com.br\/index.php\/wp-json\/wp\/v2\/comments?post=535"}],"wp:featuredmedia":[{"embeddable":true,"href":"https:\/\/rafaacessorios.com.br\/index.php\/wp-json\/wp\/v2\/media\/537"}],"wp:attachment":[{"href":"https:\/\/rafaacessorios.com.br\/index.php\/wp-json\/wp\/v2\/media?parent=535"}],"wp:term":[{"taxonomy":"product_brand","embeddable":true,"href":"https:\/\/rafaacessorios.com.br\/index.php\/wp-json\/wp\/v2\/product_brand?post=535"},{"taxonomy":"product_cat","embeddable":true,"href":"https:\/\/rafaacessorios.com.br\/index.php\/wp-json\/wp\/v2\/product_cat?post=535"},{"taxonomy":"product_tag","embeddable":true,"href":"https:\/\/rafaacessorios.com.br\/index.php\/wp-json\/wp\/v2\/product_tag?post=535"}],"curies":[{"name":"wp","href":"https:\/\/api.w.org\/{rel}","templated":true}]}}