{"id":540,"date":"2019-10-24T22:41:26","date_gmt":"2019-10-25T01:41:26","guid":{"rendered":"http:\/\/rafaacessorios.com.br\/?post_type=product&#038;p=540"},"modified":"2021-05-14T22:17:07","modified_gmt":"2021-05-15T01:17:07","slug":"leitor-de-codigo","status":"publish","type":"product","link":"https:\/\/rafaacessorios.com.br\/index.php\/produto\/leitor-de-codigo\/","title":{"rendered":"Leitor de C\u00f3digo"},"content":{"rendered":"<section class=\"ui-view-more vip-section-specs main-section \">\n<h2 class=\"main-section__title\">Caracter\u00edsticas<\/h2>\n<div class=\"specs-wrapper\">\n<section class=\"specs-container specs-primary-specs specs-layout-default u-clearfix\">\n<ul class=\"specs-list specs-list-primary specs-structure-medium\">\n<li class=\"specs-item specs-item-primary\"><strong>Marca: <\/strong>exbom<\/li>\n<li class=\"specs-item specs-item-primary\"><strong>Modelo: <\/strong>LCB-160<\/li>\n<li class=\"specs-item specs-item-primary\"><strong>Tipo: <\/strong>De M\u00e3o<\/li>\n<li class=\"specs-item specs-item-primary\"><strong>Tecnologia de digitaliza\u00e7\u00e3o: <\/strong>1D<\/li>\n<li class=\"specs-item specs-item-primary\"><strong>Padr\u00e3o de digitaliza\u00e7\u00e3o: <\/strong>1D<\/li>\n<li class=\"specs-item specs-item-primary\"><strong>Interfaces suportadas: <\/strong>USB (PS2 ou RS-232 opcionais<\/li>\n<li class=\"specs-item specs-item-primary\"><strong>C\u00f3digo de barras admitidos: <\/strong>geral<\/li>\n<\/ul>\n<\/section>\n<\/div>\n<\/section>\n<section class=\"main-section item-description \">\n<h2 class=\"main-section__title item-description__title\"><\/h2>\n<div id=\"description-includes\" class=\"item-description__content \">\n<div class=\"item-description__text\">\n<p>Maiores Detalhes<br \/>\nO leitor de c\u00f3digo de barras LCB-160 traz agilidade e precis\u00e3o na captura de dados.<br \/>\nF\u00e1cil e confort\u00e1vel de manusear, o poerador perde menos tempo e o volume de vendas \u00e9 maior.<\/p>\n<p>Compat\u00edvel com os mais diversos sistemas d ponto de venda e elimina erros de digita\u00e7\u00e3o.<br \/>\nCom inteface de comunica\u00e7\u00e3oUSB e instala\u00e7\u00e3o PLUG AND PLAY<br \/>\nCompat\u00edvel com sistemas operacioanais Windowsa eLinus<\/p>\n<p>Especifica\u00e7\u00f5es<br \/>\nTipo &#8211; Port\u00e1til<br \/>\nModo de disparo &#8211; Gatilho com sinal sonoro<br \/>\nTecnologia &#8211; C\u00f3digos lineares ID<br \/>\nFonte de luz &#8211; Diodo lases (650nm)<br \/>\nN\u00edvel de ilumina\u00e7\u00e3o &#8211; 500 lux<br \/>\nVelocidade &#8211; 100 scans por segundo<br \/>\nSinalizador &#8211; Parte de cima<br \/>\nTemperatura Operacional &#8211; 0\u00b0 a 40\u00b0C<br \/>\nIndicador de LED &#8211; Sim<br \/>\nSuporte &#8211; N\u00e3o<br \/>\nOpera\u00e7\u00f5es Program\u00e1veis &#8211; Tom, volume e tempo de dura\u00e7\u00e3o do bipe, tipo de idioma, tipos de c\u00f3digos de barras reconhecidos.<br \/>\nInterfaces &#8211; USB (PS2 ou RS-232 opcionais)<br \/>\nCabo &#8211; 1,8m (esticado<\/p>\n<p>Conteudo da Embalagem<br \/>\n1 Leitor codigo de barras LCB-160<br \/>\n1 Cabo 1,80mt<br \/>\n1 Manual<\/p>\n<\/div>\n<\/div>\n<\/section>\n<section id=\"reviewsCard\" class=\"vip-section-reviews ui-view-more main-section main-section--gradient\">\n<div class=\"vip-card\"><\/div>\n<\/section>\n","protected":false},"excerpt":{"rendered":"<p class=\"item-title__primary \">Leitor C\u00f3digo De Barras Laser Cabo Usb 1,8m Alta Precis\u00e3o<\/p>\n","protected":false},"featured_media":541,"comment_status":"open","ping_status":"closed","template":"","meta":[],"product_brand":[],"product_cat":[34],"product_tag":[],"class_list":{"0":"post-540","1":"product","2":"type-product","3":"status-publish","4":"has-post-thumbnail","6":"product_cat-informatica","8":"first","9":"instock","10":"shipping-taxable","11":"purchasable","12":"product-type-simple"},"_links":{"self":[{"href":"https:\/\/rafaacessorios.com.br\/index.php\/wp-json\/wp\/v2\/product\/540","targetHints":{"allow":["GET"]}}],"collection":[{"href":"https:\/\/rafaacessorios.com.br\/index.php\/wp-json\/wp\/v2\/product"}],"about":[{"href":"https:\/\/rafaacessorios.com.br\/index.php\/wp-json\/wp\/v2\/types\/product"}],"replies":[{"embeddable":true,"href":"https:\/\/rafaacessorios.com.br\/index.php\/wp-json\/wp\/v2\/comments?post=540"}],"wp:featuredmedia":[{"embeddable":true,"href":"https:\/\/rafaacessorios.com.br\/index.php\/wp-json\/wp\/v2\/media\/541"}],"wp:attachment":[{"href":"https:\/\/rafaacessorios.com.br\/index.php\/wp-json\/wp\/v2\/media?parent=540"}],"wp:term":[{"taxonomy":"product_brand","embeddable":true,"href":"https:\/\/rafaacessorios.com.br\/index.php\/wp-json\/wp\/v2\/product_brand?post=540"},{"taxonomy":"product_cat","embeddable":true,"href":"https:\/\/rafaacessorios.com.br\/index.php\/wp-json\/wp\/v2\/product_cat?post=540"},{"taxonomy":"product_tag","embeddable":true,"href":"https:\/\/rafaacessorios.com.br\/index.php\/wp-json\/wp\/v2\/product_tag?post=540"}],"curies":[{"name":"wp","href":"https:\/\/api.w.org\/{rel}","templated":true}]}}