{"id":612,"date":"2019-10-30T00:56:35","date_gmt":"2019-10-30T03:56:35","guid":{"rendered":"http:\/\/rafaacessorios.com.br\/?post_type=product&#038;p=612"},"modified":"2020-06-15T14:29:40","modified_gmt":"2020-06-15T17:29:40","slug":"point-mini-chip","status":"publish","type":"product","link":"https:\/\/rafaacessorios.com.br\/index.php\/produto\/point-mini-chip\/","title":{"rendered":"Point Mini Chip"},"content":{"rendered":"<section class=\"ui-view-more vip-section-specs main-section \">\n<h2 class=\"main-section__title\">Caracter\u00edsticas<\/h2>\n<div class=\"specs-wrapper\">\n<section class=\"specs-container specs-primary-specs specs-layout-default u-clearfix\">\n<ul class=\"specs-list specs-list-primary specs-structure-medium\">\n<li class=\"specs-item specs-item-primary\"><strong>Marca: <\/strong>Mercado Pago<\/li>\n<li class=\"specs-item specs-item-primary\"><strong>Modelo: <\/strong>Point Mini Chip<\/li>\n<\/ul>\n<\/section>\n<\/div>\n<\/section>\n<section class=\"main-section item-description \">\n<h2 class=\"main-section__title item-description__title\"><\/h2>\n<div id=\"description-includes\" class=\"item-description__content \">\n<div class=\"item-description__text\">\n<p>POINT MINI CHIP &#8211; A PRATICIDADE NAS SUAS M\u00c3OS<\/p>\n<p>As melhores tarifas do mercado. Dinheiro dispon\u00edvel na hora. Sem aluguel nem taxa de ades\u00e3o.<\/p>\n<p>Voc\u00ea liga a sua maquininha e pronto! Como n\u00e3o precisa de celular, ela j\u00e1 est\u00e1 preparada para oferecer aos seus clientes a op\u00e7\u00e3o de pagar com cart\u00e3o e parcelamento sem acr\u00e9scimo. E voc\u00ea envia o comprovante de pagamento ao seu cliente por SMS.<\/p>\n<p>O dinheiro das suas vendas ficar\u00e1 na sua conta do Mercado Pago e, assim que estiver dispon\u00edvel, voc\u00ea poder\u00e1 retir\u00e1-lo para uma conta banc\u00e1ria. O cr\u00e9dito \u00e9 feito em 1 dia \u00fatil.<\/p>\n<p>SEM ALUGUEL NEM TAXA DE ADES\u00c3O<br \/>\nVoc\u00ea s\u00f3 paga quando vender!<\/p>\n<p>SEU DINHEIRO DISPON\u00cdVEL NA HORA<br \/>\nPara todas as suas vendas com d\u00e9bito e de acordo com a tarifa que escolher para cr\u00e9dito.<\/p>\n<p>VOC\u00ca RECEBE PAGAMENTOS COM AS MELHORES TARIFAS DO MERCADO<\/p>\n<p>&#8211; Vendas com d\u00e9bito:<\/p>\n<p>Voc\u00ea paga 1,99% por cada venda, e o dinheiro fica dispon\u00edvel na hora na sua conta do Mercado Pago.<\/p>\n<p>&#8211; Vendas com cr\u00e9dito \u00e0 vista, voc\u00ea escolhe a tarifa e o prazo de libera\u00e7\u00e3o:<\/p>\n<p>&#8211; 4,74% por venda: dinheiro dispon\u00edvel na hora na sua conta do Mercado Pago.<br \/>\n&#8211; 3,79% por venda: dinheiro dispon\u00edvel em 14 dias na sua conta do Mercado Pago.<br \/>\n&#8211; 3,03% por venda: dinheiro dispon\u00edvel em 30 dias na sua conta do Mercado Pago.<\/p>\n<p>USE O DINHEIRO DAS SUAS VENDAS COM O NOSSO CART\u00c3O OU RETIRE PARA UMA CONTA BANC\u00c1RIA<\/p>\n<p>Pe\u00e7a gr\u00e1tis o seu cart\u00e3o agora mesmo e use nas compras e saques do dia a dia. N\u00e3o tem custo de emiss\u00e3o, manuten\u00e7\u00e3o ou anuidade.<\/p>\n<p>Voc\u00ea tamb\u00e9m pode:<\/p>\n<p>&#8211; Enviar dinheiro para os seus contatos e fornecedores.<br \/>\n&#8211; Recarregar celular, pagar boletos e muito mais.<br \/>\n&#8211; Comprar no Mercado Livre ou em qualquer loja que aceite o Mercado Pago.<br \/>\n&#8211; Multiplicar seu dinheiro com o nosso app.<\/p>\n<p>FINANCIAMOS O SEU NEG\u00d3CIO PARA TUDO O QUE VOC\u00ca PRECISAR<\/p>\n<p>Use o seu Point por 3 meses que te ofereceremos um empr\u00e9stimo com base nas suas vendas. 100% online e sem burocracia!<\/p>\n<p>A maquininha Point Mini Chip tem conex\u00e3o \u00e0 internet via Wifi e plano de dados gr\u00e1tis. S\u00f3 aceita cart\u00f5es que tenham chip e tem 3 anos de garantia.<\/p>\n<p>A marca e modelo do Point Mini Chip \u00e9 PAX D175.<br \/>\nOs pre\u00e7os anunciados est\u00e3o vigentes por tempo indeterminado, podendo ser alterados a qualquer momento pelo Mercado Pago.<\/p>\n<\/div>\n<\/div>\n<\/section>\n","protected":false},"excerpt":{"rendered":"<p class=\"item-title__primary \">Point Mini Chip &#8211; N\u00e3o precisa de celular<\/p>\n","protected":false},"featured_media":613,"comment_status":"open","ping_status":"closed","template":"","meta":[],"product_brand":[],"product_cat":[36],"product_tag":[],"class_list":{"0":"post-612","1":"product","2":"type-product","3":"status-publish","4":"has-post-thumbnail","6":"product_cat-maquinetas","8":"first","9":"instock","10":"shipping-taxable","11":"purchasable","12":"product-type-simple"},"_links":{"self":[{"href":"https:\/\/rafaacessorios.com.br\/index.php\/wp-json\/wp\/v2\/product\/612","targetHints":{"allow":["GET"]}}],"collection":[{"href":"https:\/\/rafaacessorios.com.br\/index.php\/wp-json\/wp\/v2\/product"}],"about":[{"href":"https:\/\/rafaacessorios.com.br\/index.php\/wp-json\/wp\/v2\/types\/product"}],"replies":[{"embeddable":true,"href":"https:\/\/rafaacessorios.com.br\/index.php\/wp-json\/wp\/v2\/comments?post=612"}],"wp:featuredmedia":[{"embeddable":true,"href":"https:\/\/rafaacessorios.com.br\/index.php\/wp-json\/wp\/v2\/media\/613"}],"wp:attachment":[{"href":"https:\/\/rafaacessorios.com.br\/index.php\/wp-json\/wp\/v2\/media?parent=612"}],"wp:term":[{"taxonomy":"product_brand","embeddable":true,"href":"https:\/\/rafaacessorios.com.br\/index.php\/wp-json\/wp\/v2\/product_brand?post=612"},{"taxonomy":"product_cat","embeddable":true,"href":"https:\/\/rafaacessorios.com.br\/index.php\/wp-json\/wp\/v2\/product_cat?post=612"},{"taxonomy":"product_tag","embeddable":true,"href":"https:\/\/rafaacessorios.com.br\/index.php\/wp-json\/wp\/v2\/product_tag?post=612"}],"curies":[{"name":"wp","href":"https:\/\/api.w.org\/{rel}","templated":true}]}}