{"id":64,"date":"2019-09-16T22:08:47","date_gmt":"2019-09-17T01:08:47","guid":{"rendered":"http:\/\/rafaacessorios.com.br\/?post_type=product&#038;p=64"},"modified":"2023-09-21T22:13:48","modified_gmt":"2023-09-22T01:13:48","slug":"camera-panoramica","status":"publish","type":"product","link":"https:\/\/rafaacessorios.com.br\/index.php\/produto\/camera-panoramica\/","title":{"rendered":"C\u00e2mera Panor\u00e2mica"},"content":{"rendered":"<div style=\"align: justify;\">\n<section class=\"ui-view-more vip-section-specs main-section \">\n<h2 class=\"main-section__title\" style=\"text-align: justify;\"><span style=\"color: #404040; font-size: 16px; font-weight: 400;\">App pr\u00f3prio (IPC360) para iPhone e Android<\/span><\/h2>\n<\/section>\n<section class=\"main-section item-description \">\n<div id=\"description-includes\" class=\"item-description__content \">\n<div class=\"item-description__text\">\n<p>Esta c\u00e2mera possui a tecnologia mais avan\u00e7ada atualmente para monitorar e cuidar de sua casa ou seu trabalho. Ideal para utilizar em casa monitorar crian\u00e7as, idosos, animais. E tamb\u00e9m no trabalho para monitorar seu escrit\u00f3rio, funcion\u00e1rios ve\u00edculos. Por ela possuir uma vis\u00e3o de 360\u00ba, apenas uma c\u00e2mera consegue cobrir uma \u00e1rea bem maior do que uma c\u00e2mera comum, consegue cobrir uma \u00e1rea onde seria necess\u00e1rio aproximadamente 4 c\u00e2meras! Voce consegue girar a imagem atrav\u00e9s do Celular e controlar o zoom. A instala\u00e7\u00e3o \u00e9 muito simples, basta rosquea-la como uma c\u00e2mera comum. (necessita rede wifi ao alcance) A imagem pode ser vista ao vivo em seu SmartPhone (iPhone ou Android) App IPC360 \u00c9 poss\u00edvel acender a luz remotamente atrav\u00e9s da internet, conversar com quem esta na sala (voce ouve tudo o que esta sendo falado onde esta a c\u00e2mera e tamb\u00e9m \u00e9 poss\u00edvel falar no seu smartphone e o som sai no auto falante da c\u00e2mera)<\/p>\n<p>&nbsp;<\/p>\n<p>Caracter\u00edsticas:<br \/>\nC\u00e2mera Ip 360 graus panor\u00e2mica,<br \/>\n1.3Megapixel 1280x960P alta defini\u00e7\u00e3o,<br \/>\nlente olho de peixe,<br \/>\ncom aplicativo de controle e visualiza\u00e7\u00e3o pelo telefone m\u00f3vel com IOS ou Android.<br \/>\nControle de luminosidade atrav\u00e9s do celular,<br \/>\n2 vias de \u00e1udio (pode falar e ouvir, atrav\u00e9s da l\u00e2mpada),<br \/>\nControle de inclina\u00e7\u00e3o e Zoom, com slot para cart\u00e3o de TF at\u00e9 128 GB de armazenamento de v\u00eddeo de qualidade.<br \/>\n1. Sensor CMOS 1.1.3Megapixel 1280x960P<br \/>\n2. c\u00e2mera com lente Fisheye grau 3,185<br \/>\n4. IEEE802.11b\/g\/n sem fio<br \/>\n5. HD 960P 1.3Megapixel<br \/>\n6.P2P nuvem, atrav\u00e9s do App do celular<br \/>\n7. \u00e1udio 2 vias Intercomunica\u00e7\u00e3o<br \/>\n8. Zoom digital Pan\/Tilt<br \/>\n9. suporte SD Card Max 128GB<br \/>\n10. Ilumina\u00e7\u00e3o Led 3w<\/p>\n<p>&nbsp;<\/p>\n<\/div>\n<p><strong>Marca: <\/strong>Original<\/p>\n<p><strong>Modelo: <\/strong>Espi\u00e3<\/p>\n<p><strong>Tipo de c\u00e2meras: <\/strong>IP<\/p>\n<p><strong>Qualidade de resolu\u00e7\u00e3o: <\/strong>HD 720p<\/p>\n<p><strong>Formato c\u00e2mera: <\/strong>Foco<\/p>\n<p><strong>Tipo de conector: <\/strong>Sem fio<\/p>\n<p><strong>Ambiente de utiliza\u00e7\u00e3o: <\/strong>Interno<\/p>\n<p><strong>Capacidade de armazenamento: <\/strong>64 GB<\/p>\n<p><strong>Dist\u00e2ncia escopo: <\/strong>50 m<\/p>\n<\/div>\n<\/section>\n<section id=\"reviewsCard\" class=\"vip-section-reviews ui-view-more main-section main-section--gradient\">\n<div class=\"vip-card\" style=\"text-align: left;\"><\/div>\n<\/section>\n<\/div>\n","protected":false},"excerpt":{"rendered":"<p>&nbsp;<\/p>\n<p>A MAIS COMPLETA E AVAN\u00c7ADA DO MERCADO \u00daNICA COM FILMAGEM DE 360\u00ba COMUNICA\u00c7\u00c3O BILATERAL FILMAGEM 24 HS<\/p>\n<p>&nbsp;<\/p>\n<p>&nbsp;<\/p>\n","protected":false},"featured_media":66,"comment_status":"open","ping_status":"closed","template":"","meta":[],"product_brand":[],"product_cat":[21],"product_tag":[22,24,23],"class_list":{"0":"post-64","1":"product","2":"type-product","3":"status-publish","4":"has-post-thumbnail","6":"product_cat-cameras","7":"product_tag-camera","8":"product_tag-panoramica","9":"product_tag-seguranca","11":"first","12":"instock","13":"sale","14":"shipping-taxable","15":"purchasable","16":"product-type-simple"},"_links":{"self":[{"href":"https:\/\/rafaacessorios.com.br\/index.php\/wp-json\/wp\/v2\/product\/64","targetHints":{"allow":["GET"]}}],"collection":[{"href":"https:\/\/rafaacessorios.com.br\/index.php\/wp-json\/wp\/v2\/product"}],"about":[{"href":"https:\/\/rafaacessorios.com.br\/index.php\/wp-json\/wp\/v2\/types\/product"}],"replies":[{"embeddable":true,"href":"https:\/\/rafaacessorios.com.br\/index.php\/wp-json\/wp\/v2\/comments?post=64"}],"wp:featuredmedia":[{"embeddable":true,"href":"https:\/\/rafaacessorios.com.br\/index.php\/wp-json\/wp\/v2\/media\/66"}],"wp:attachment":[{"href":"https:\/\/rafaacessorios.com.br\/index.php\/wp-json\/wp\/v2\/media?parent=64"}],"wp:term":[{"taxonomy":"product_brand","embeddable":true,"href":"https:\/\/rafaacessorios.com.br\/index.php\/wp-json\/wp\/v2\/product_brand?post=64"},{"taxonomy":"product_cat","embeddable":true,"href":"https:\/\/rafaacessorios.com.br\/index.php\/wp-json\/wp\/v2\/product_cat?post=64"},{"taxonomy":"product_tag","embeddable":true,"href":"https:\/\/rafaacessorios.com.br\/index.php\/wp-json\/wp\/v2\/product_tag?post=64"}],"curies":[{"name":"wp","href":"https:\/\/api.w.org\/{rel}","templated":true}]}}