{"id":707,"date":"2019-11-06T18:26:51","date_gmt":"2019-11-06T21:26:51","guid":{"rendered":"http:\/\/rafaacessorios.com.br\/?post_type=product&#038;p=707"},"modified":"2021-07-27T18:12:09","modified_gmt":"2021-07-27T21:12:09","slug":"roteador-intelbras","status":"publish","type":"product","link":"https:\/\/rafaacessorios.com.br\/index.php\/produto\/roteador-intelbras\/","title":{"rendered":"Roteador Intelbras"},"content":{"rendered":"<section class=\"ui-view-more vip-section-specs main-section \">\n<h4 class=\"main-section__title\">Caracter\u00edsticas<\/h4>\n<div class=\"specs-wrapper\">\n<section class=\"specs-container specs-primary-specs specs-layout-default u-clearfix\">\n<ul class=\"specs-list specs-list-primary specs-structure-medium\">\n<li class=\"specs-item specs-item-primary\"><strong>Marca: <\/strong>Intelbras<\/li>\n<li class=\"specs-item specs-item-primary\"><strong>Modelo: <\/strong>IWR 3000N<\/li>\n<li class=\"specs-item specs-item-primary\"><strong>Cor: <\/strong>Branco<\/li>\n<li class=\"specs-item specs-item-primary\"><strong>Modelo detalhado: <\/strong>iwr3000<\/li>\n<li class=\"specs-item specs-item-primary\"><strong>Tipo de roteador: <\/strong>Roteador<\/li>\n<li class=\"specs-item specs-item-primary\"><strong>Tipo de conex\u00e3o: <\/strong>Sem fio<\/li>\n<li class=\"specs-item specs-item-primary\"><strong>Velocidade wireless: <\/strong>300 MB\/s<\/li>\n<li class=\"specs-item specs-item-primary\"><strong>Frequ\u00eancias: <\/strong>2.4 GHz<\/li>\n<li class=\"specs-item specs-item-primary\"><strong>Quantidade de antenas: <\/strong>2<\/li>\n<li class=\"specs-item specs-item-primary\"><strong>Tipo de freq\u00fc\u00eancia: <\/strong>2,4 GHz<\/li>\n<li class=\"specs-item specs-item-primary\"><strong>Quantidade de portas LAN: <\/strong>4<\/li>\n<li class=\"specs-item specs-item-primary\"><strong>Interfaces: <\/strong>Ethernet<\/li>\n<li class=\"specs-item specs-item-primary\"><strong>Peso: <\/strong>485 g<\/li>\n<\/ul>\n<\/section>\n<\/div>\n<\/section>\n<section class=\"main-section item-description \">\n<h4><\/h4>\n<h4 class=\"main-section__title item-description__title\"><span style=\"color: #404040; font-size: 16px; font-weight: 400;\">O roteador IWR 3000N \u00e9 ideal para quem precisa de uma internet com supervelocidade para acessar sites, redes sociais, assistir a v\u00eddeos e baixar arquivos com muita facilidade. Para configurar \u00e9 muito simples e r\u00e1pido e voc\u00ea faz em apenas 2 passos. \u00c9 a escolha com o melhor custo-benef\u00edcio.<\/span><\/h4>\n<div id=\"description-includes\" class=\"item-description__content \">\n<div class=\"item-description__text\">\n<p>Caracter\u00edsticas:<br \/>\n&#8211; Marca: Intelbras<br \/>\n&#8211; Modelo: IWR 3000n<\/p>\n<p>Especifica\u00e7\u00f5es:<br \/>\n&#8211; Modo do r\u00e1dio: SiSo<br \/>\n&#8211; Propaga\u00e7\u00e3o espectral: DSSS (espalhamento espectral de sequ\u00eancia direta)<br \/>\n&#8211; Frequ\u00eancia de opera\u00e7\u00e3o: 2,4 GHz<br \/>\n&#8211; Largura de banda: 20 MHz, 40 MHz<br \/>\n&#8211; Modula\u00e7\u00e3o: BPSK, QPSK, CCK e OFDM (BPSK\/QPSK\/16-QAM\/64- QAM)<br \/>\n&#8211; Canais de opera\u00e7\u00e3o: 1-13 (Brasil)<br \/>\n&#8211; Pot\u00eancia m\u00e1xima: At\u00e9 100 mW (20 dBm) \u2013 E.I.R.P<br \/>\n&#8211; Seguran\u00e7a: WPA\/WPA2\/WPA-PSK\/ WPA2-PSK com TKIP\/AES<br \/>\n&#8211; WAN: IP est\u00e1tico, cliente DHCP, cliente PPPoE<br \/>\n&#8211; NAT: UPnP, DMZ, redirecionamento de portas<br \/>\n&#8211; DHCP: Cliente, servidor<br \/>\n&#8211; Filtro de URL\/palavraschave: Suportado<br \/>\n&#8211; Bloqueio de acesso \u00e0 wireless atrav\u00e9s do endere\u00e7o MAC: Suportado<\/p>\n<p>Modos de opera\u00e7\u00e3o:<br \/>\n&#8211; Roteador AP<br \/>\n&#8211; Repetidor wireless<\/p>\n<p>Hardware:<br \/>\n&#8211; Chipset (CPU): RTL8676S<br \/>\n&#8211; Chipset wireless: RTL8192 ER<br \/>\n&#8211; Mem\u00f3ria flash: 2MB<br \/>\n&#8211; Mem\u00f3ria SDRAM: 8MB<br \/>\n&#8211; Antena: 2 antenas fixas de 5 dBi<\/p>\n<p>Protocolos e padr\u00f5es:<br \/>\n&#8211; IEEE802.11b, 802.11g, 802.11n, 802.3, 802.3u, 802.3x CSMA\/CA<br \/>\n&#8211; CSMA\/CD, TCP\/IPv4, TCP\/IPv6, NAT, PPPoE, DHCP, DDNS<\/p>\n<p>Taxa de transmiss\u00e3o:<br \/>\n&#8211; 802.11b: at\u00e9 11 Mbps<br \/>\n&#8211; 802.11g: at\u00e9 54 Mbps<br \/>\n&#8211; 802.11n: at\u00e9 150 Mbps<\/p>\n<p>Configura\u00e7\u00e3o e gerenciamento:<br \/>\n&#8211; Gerenciamento e configura\u00e7\u00e3o atrav\u00e9s de interface web<br \/>\n&#8211; Restaura\u00e7\u00e3o dos padr\u00f5es de f\u00e1brica pela interface web e bot\u00e3o Reset (com tempo configur\u00e1vel)<br \/>\n&#8211; Atualiza\u00e7\u00e3o de firmware via interface web<br \/>\n&#8211; Backup e restaura\u00e7\u00e3o das configura\u00e7\u00f5es do equipamento pela interface web<\/p>\n<p>Conectores externos:<br \/>\n&#8211; 1 interface RJ45 Ethernet (WAN)<br \/>\n&#8211; 4 interfaces RJ45 Ethernet (LAN)<br \/>\n&#8211; 1 bot\u00e3o Reset\/WPS<br \/>\n&#8211; 1 interface de alimenta\u00e7\u00e3o<\/p>\n<p>Fun\u00e7\u00f5es da interface Ethernet:<br \/>\n&#8211; Compatibilidade com os padr\u00f5es IEEE802.3\/802.3u<br \/>\n&#8211; 10BASE-T e 100BASE-TX<br \/>\n&#8211; Half Duplex e Full Duplex<br \/>\n&#8211; Auto MDI\/MDIX<\/p>\n<p>Fonte de Alimenta\u00e7\u00e3o:<br \/>\n&#8211; Entrada: 100-240 V a 50\/60 Hz<br \/>\n&#8211; Sa\u00edda: 12 Vdc \/ 0,5 A<br \/>\n&#8211; Pot\u00eancia de consumo m\u00e1xima: 6W<\/p>\n<p>Caracter\u00edsticas de ambiente:<br \/>\n&#8211; Temperatura de armazenamento: -40 \u00b0C a 70 \u00b0C<br \/>\n&#8211; Temperatura de opera\u00e7\u00e3o: 0 \u00b0C a 40 \u00b0C<br \/>\n&#8211; Umidade de opera\u00e7\u00e3o: 10% a 90%, sem condensa\u00e7\u00e3o<br \/>\n&#8211; Umidade de armazenamento: 5% a 95%, sem condensa\u00e7\u00e3o<\/p>\n<p>Descri\u00e7\u00e3o dos LEDs @\/WAN:<br \/>\n&#8211; Verde: conectado \u00e0 internet (via cabo ou modo Repetidor)<br \/>\n&#8211; Vermelho: cabo conectado \u00e0 porta WAN, mas sem conex\u00e3o com a internet<br \/>\n&#8211; Desligado: sem cabo na porta WAN e sem conex\u00e3o com a internet<\/p>\n<p>WPS:<br \/>\n&#8211; Ligado: interface wireless ativa<br \/>\n&#8211; Desligado: interface wireless n\u00e3o est\u00e1 ativa<br \/>\n&#8211; Piscando: um dispositivo wireless est\u00e1 se conectando ao roteador atrav\u00e9s da fun\u00e7\u00e3o WPS. Esse processo poder\u00e1 durar at\u00e9 2 minutos<br \/>\n&#8211; LED pisca somente uma vez: quando uma conex\u00e3o \u00e9 detectada em uma das 4 portas LAN<\/p>\n<p>Conte\u00fado da embalagem:<br \/>\n&#8211; 01 Roteador com 2 antenas fixas<br \/>\n&#8211; 01 Fonte de alimenta\u00e7\u00e3o<br \/>\n&#8211; 01 Cabo de rede<br \/>\n&#8211; 01 Guia de instala\u00e7\u00e3o<\/p>\n<p>Peso<br \/>\n485 gramas (bruto com embalagem)<\/p>\n<\/div>\n<\/div>\n<\/section>\n<section id=\"reviewsCard\" class=\"vip-section-reviews ui-view-more main-section main-section--gradient\">\n<div class=\"vip-card\"><\/div>\n<\/section>\n","protected":false},"excerpt":{"rendered":"<p class=\"item-title__primary \">Roteador Repetidor Wifi Ipv6 Iwr 3000n Intelbras Lan\u00e7amento<\/p>\n","protected":false},"featured_media":709,"comment_status":"open","ping_status":"closed","template":"","meta":[],"product_brand":[],"product_cat":[34],"product_tag":[38,39,37],"class_list":{"0":"post-707","1":"product","2":"type-product","3":"status-publish","4":"has-post-thumbnail","6":"product_cat-informatica","7":"product_tag-informatica","8":"product_tag-internet","9":"product_tag-roteador","11":"first","12":"instock","13":"shipping-taxable","14":"purchasable","15":"product-type-simple"},"_links":{"self":[{"href":"https:\/\/rafaacessorios.com.br\/index.php\/wp-json\/wp\/v2\/product\/707","targetHints":{"allow":["GET"]}}],"collection":[{"href":"https:\/\/rafaacessorios.com.br\/index.php\/wp-json\/wp\/v2\/product"}],"about":[{"href":"https:\/\/rafaacessorios.com.br\/index.php\/wp-json\/wp\/v2\/types\/product"}],"replies":[{"embeddable":true,"href":"https:\/\/rafaacessorios.com.br\/index.php\/wp-json\/wp\/v2\/comments?post=707"}],"wp:featuredmedia":[{"embeddable":true,"href":"https:\/\/rafaacessorios.com.br\/index.php\/wp-json\/wp\/v2\/media\/709"}],"wp:attachment":[{"href":"https:\/\/rafaacessorios.com.br\/index.php\/wp-json\/wp\/v2\/media?parent=707"}],"wp:term":[{"taxonomy":"product_brand","embeddable":true,"href":"https:\/\/rafaacessorios.com.br\/index.php\/wp-json\/wp\/v2\/product_brand?post=707"},{"taxonomy":"product_cat","embeddable":true,"href":"https:\/\/rafaacessorios.com.br\/index.php\/wp-json\/wp\/v2\/product_cat?post=707"},{"taxonomy":"product_tag","embeddable":true,"href":"https:\/\/rafaacessorios.com.br\/index.php\/wp-json\/wp\/v2\/product_tag?post=707"}],"curies":[{"name":"wp","href":"https:\/\/api.w.org\/{rel}","templated":true}]}}